{"id":6274,"date":"2023-11-07T14:34:00","date_gmt":"2023-11-07T14:34:00","guid":{"rendered":"https:\/\/dsmarinealgerie.com\/?post_type=product&#038;p=6274"},"modified":"2025-04-16T13:22:43","modified_gmt":"2025-04-16T13:22:43","slug":"ancre-flottant-parachute-en-pvc","status":"publish","type":"product","link":"https:\/\/dsmarinealgerie.com\/ar\/shop\/accastillage\/moyens-de-securite\/ancre-flottant-parachute-en-pvc\/","title":{"rendered":"\u0645\u0631\u0633\u0627\u0629 \u0639\u0627\u0626\u0645\u0629 \u0644\u0644\u0645\u0638\u0644\u0629 \u0627\u0644\u0628\u0644\u0627\u0633\u062a\u064a\u0643\u064a\u0629"},"content":{"rendered":"<p>\u064a\u062a\u0645 \u0627\u0633\u062a\u062e\u062f\u0627\u0645 \u0627\u0644\u0645\u0631\u0633\u0627\u0629 \u0627\u0644\u0639\u0627\u0626\u0645\u0629 \u0644\u0644\u0635\u064a\u062f \u0627\u0644\u0627\u0646\u062c\u0631\u0627\u0641\u060c \u0623\u0648 \u0627\u0644\u0645\u062a\u0639\u0629\u060c \u0639\u0646\u062f\u0645\u0627 \u0644\u0627 \u062a\u0643\u0648\u0646 \u0627\u0644\u0645\u0631\u0627\u0633\u0649 \u0627\u0644\u0623\u062e\u0631\u0649 \u0645\u0645\u0643\u0646\u0629\u060c \u0623\u0648 \u0644\u0633\u0644\u0627\u0645\u0629 \u0627\u0644\u0642\u0627\u0631\u0628 \u0627\u0644\u062e\u0627\u0635 \u0628\u0643.<\/p>\n<p>\u0645\u0631\u0633\u0627\u0629 \u0627\u0644\u0645\u0638\u0644\u0629 \u0627\u0644\u0639\u0627\u0626\u0645\u0629 \u0645\u0635\u0646\u0648\u0639\u0629 \u0645\u0646 \u0645\u0627\u062f\u0629 PVC\u060c \u0648\u0647\u064a \u0645\u062b\u0627\u0644\u064a\u0629 \u0644\u0644\u0642\u0648\u0627\u0631\u0628 \u0645\u0646 3 \u0625\u0644\u0649 5 \u0623\u0645\u062a\u0627\u0631<\/p>","protected":false},"excerpt":{"rendered":"<p>L&rsquo;ancre flottant s&rsquo;utilise en p\u00eache \u00e0 la d\u00e9rive, en plaisance, lorsque d&rsquo;autres mouillages ne sont pas possibles, ou pour la s\u00e9curit\u00e9 de votre bateau. Notre Ancre Flottant parachute est en PVC id\u00e9al pour bateau de 3 \u00e0 5 m\u00e8tre<\/p>","protected":false},"featured_media":6275,"comment_status":"open","ping_status":"closed","template":"","meta":{"_uf_show_specific_survey":0,"_uf_disable_surveys":false},"product_brand":[],"product_cat":[163,168],"product_tag":[],"class_list":{"0":"post-6274","1":"product","2":"type-product","3":"status-publish","4":"has-post-thumbnail","6":"product_cat-accastillage","7":"product_cat-moyens-de-securite","9":"first","10":"outofstock","11":"shipping-taxable","12":"purchasable","13":"product-type-simple"},"aioseo_notices":[],"_links":{"self":[{"href":"https:\/\/dsmarinealgerie.com\/ar\/wp-json\/wp\/v2\/product\/6274","targetHints":{"allow":["GET"]}}],"collection":[{"href":"https:\/\/dsmarinealgerie.com\/ar\/wp-json\/wp\/v2\/product"}],"about":[{"href":"https:\/\/dsmarinealgerie.com\/ar\/wp-json\/wp\/v2\/types\/product"}],"replies":[{"embeddable":true,"href":"https:\/\/dsmarinealgerie.com\/ar\/wp-json\/wp\/v2\/comments?post=6274"}],"wp:featuredmedia":[{"embeddable":true,"href":"https:\/\/dsmarinealgerie.com\/ar\/wp-json\/wp\/v2\/media\/6275"}],"wp:attachment":[{"href":"https:\/\/dsmarinealgerie.com\/ar\/wp-json\/wp\/v2\/media?parent=6274"}],"wp:term":[{"taxonomy":"product_brand","embeddable":true,"href":"https:\/\/dsmarinealgerie.com\/ar\/wp-json\/wp\/v2\/product_brand?post=6274"},{"taxonomy":"product_cat","embeddable":true,"href":"https:\/\/dsmarinealgerie.com\/ar\/wp-json\/wp\/v2\/product_cat?post=6274"},{"taxonomy":"product_tag","embeddable":true,"href":"https:\/\/dsmarinealgerie.com\/ar\/wp-json\/wp\/v2\/product_tag?post=6274"}],"curies":[{"name":"wp","href":"https:\/\/api.w.org\/{rel}","templated":true}]}}