{"id":6295,"date":"2023-11-08T13:02:55","date_gmt":"2023-11-08T13:02:55","guid":{"rendered":"https:\/\/dsmarinealgerie.com\/?post_type=product&#038;p=6295"},"modified":"2024-11-26T09:32:13","modified_gmt":"2024-11-26T09:32:13","slug":"corde-marine-16-brins-bleu-et-blanc","status":"publish","type":"product","link":"https:\/\/dsmarinealgerie.com\/ar\/shop\/accastillage\/cordage-mouillage\/corde-marine-16-brins-bleu-et-blanc\/","title":{"rendered":"\u062d\u0628\u0644 \u0627\u0644\u0642\u0627\u0631\u0628 16 \u062e\u064a\u0637\u064b\u0627 \u0628\u0627\u0644\u0644\u0648\u0646\u064a\u0646 \u0627\u0644\u0623\u0632\u0631\u0642 \u0648\u0627\u0644\u0623\u0628\u064a\u0636"},"content":{"rendered":"<p>\u064a\u062d\u062a\u0648\u064a \u062d\u0628\u0644 DS MARINE \u0639\u0644\u0649 16 \u0636\u0641\u064a\u0631\u0629 \u0648\u0645\u0635\u0646\u0648\u0639 \u0645\u0646 \u0627\u0644\u0628\u0648\u0644\u064a\u0633\u062a\u0631 100%.<\/p>\n<p>\u064a\u062a\u0645\u062a\u0639 \u0647\u0630\u0627 \u0627\u0644\u062d\u0628\u0644 \u0628\u0645\u0642\u0627\u0648\u0645\u0629 \u062c\u064a\u062f\u0629 \u062c\u062f\u064b\u0627 \u0644\u0644\u062a\u0622\u0643\u0644.<\/p>","protected":false},"excerpt":{"rendered":"<p>La corde DS MARINE est d\u2019une construction de 16 brins est fabriqu\u00e9e \u00e0 100% en polyester. Cette corde a une tr\u00e8s bonne r\u00e9sistance \u00e0 l\u2019abrasion .<\/p>","protected":false},"featured_media":6302,"comment_status":"open","ping_status":"closed","template":"","meta":{"_uf_show_specific_survey":0,"_uf_disable_surveys":false},"product_brand":[],"product_cat":[163,169],"product_tag":[],"class_list":{"0":"post-6295","1":"product","2":"type-product","3":"status-publish","4":"has-post-thumbnail","6":"product_cat-accastillage","7":"product_cat-cordage-mouillage","9":"first","10":"instock","11":"shipping-taxable","12":"purchasable","13":"product-type-variable"},"aioseo_notices":[],"_links":{"self":[{"href":"https:\/\/dsmarinealgerie.com\/ar\/wp-json\/wp\/v2\/product\/6295","targetHints":{"allow":["GET"]}}],"collection":[{"href":"https:\/\/dsmarinealgerie.com\/ar\/wp-json\/wp\/v2\/product"}],"about":[{"href":"https:\/\/dsmarinealgerie.com\/ar\/wp-json\/wp\/v2\/types\/product"}],"replies":[{"embeddable":true,"href":"https:\/\/dsmarinealgerie.com\/ar\/wp-json\/wp\/v2\/comments?post=6295"}],"wp:featuredmedia":[{"embeddable":true,"href":"https:\/\/dsmarinealgerie.com\/ar\/wp-json\/wp\/v2\/media\/6302"}],"wp:attachment":[{"href":"https:\/\/dsmarinealgerie.com\/ar\/wp-json\/wp\/v2\/media?parent=6295"}],"wp:term":[{"taxonomy":"product_brand","embeddable":true,"href":"https:\/\/dsmarinealgerie.com\/ar\/wp-json\/wp\/v2\/product_brand?post=6295"},{"taxonomy":"product_cat","embeddable":true,"href":"https:\/\/dsmarinealgerie.com\/ar\/wp-json\/wp\/v2\/product_cat?post=6295"},{"taxonomy":"product_tag","embeddable":true,"href":"https:\/\/dsmarinealgerie.com\/ar\/wp-json\/wp\/v2\/product_tag?post=6295"}],"curies":[{"name":"wp","href":"https:\/\/api.w.org\/{rel}","templated":true}]}}