{"id":6314,"date":"2023-11-08T14:29:49","date_gmt":"2023-11-08T14:29:49","guid":{"rendered":"https:\/\/dsmarinealgerie.com\/?post_type=product&#038;p=6314"},"modified":"2024-11-27T11:18:08","modified_gmt":"2024-11-27T11:18:08","slug":"feu-de-cote-feu-de-navigation-pour-bateau","status":"publish","type":"product","link":"https:\/\/dsmarinealgerie.com\/ar\/shop\/accastillage\/lumieres\/feu-de-cote-feu-de-navigation-pour-bateau\/","title":{"rendered":"\u0627\u0644\u0636\u0648\u0621 \u0627\u0644\u062c\u0627\u0646\u0628\u064a (\u0636\u0648\u0621 \u0627\u0644\u0645\u0644\u0627\u062d\u0629 \u0644\u0644\u0642\u0627\u0631\u0628)"},"content":{"rendered":"<p>\u0636\u0648\u0621 \u0627\u0644\u0645\u0644\u0627\u062d\u0629 \u0627\u0644\u062c\u0627\u0646\u0628\u064a \u0627\u0644\u062b\u0627\u0628\u062a \u0644\u0644\u0642\u0648\u0627\u0631\u0628 \u062d\u062a\u0649 20 \u0645\u062a\u0631\u064b\u0627<\/p>\n<p>\u2022 \u0627\u0644\u0645\u0627\u062f\u0629: \u0627\u0644\u0628\u0644\u0627\u0633\u062a\u064a\u0643 \u0648\u0627\u0644\u0641\u0648\u0644\u0627\u0630 \u0627\u0644\u0645\u0642\u0627\u0648\u0645 \u0644\u0644\u0635\u062f\u0623<\/p>\n<p>\u2022 \u0627\u0644\u0646\u0648\u0639 : \u0627\u0644 \u0627\u064a \u062f\u064a<\/p>\n<p>\u2022 \u0627\u0644\u062c\u0647\u062f: 12-24 \u0641\u0648\u0644\u062a \u062a\u064a\u0627\u0631 \u0645\u0633\u062a\u0645\u0631 \/ 2.5 \u0648\u0627\u062a<\/p>\n<p>\u2022 \u0627\u0644\u062d\u062c\u0645: 124 \u0645\u0644\u0645 (\u0633\u0627\u0639\u0629)<\/p>\n<p>&nbsp;<\/p>","protected":false},"excerpt":{"rendered":"<p>Lumi\u00e8re de navigation d&rsquo;ensemble de c\u00f4t\u00e9\u00a0 fixe Pour des bateaux jusqu&rsquo;\u00e0 20m \u2022 Mat\u00e9riel : Plastique et acier inoxydable \u2022 De type\u00a0 : LED \u2022 Tension : 12-24 VDC \/ 2.5W \u2022 Taille : 124mm (h) &nbsp;<\/p>","protected":false},"featured_media":6315,"comment_status":"open","ping_status":"closed","template":"","meta":{"_uf_show_specific_survey":0,"_uf_disable_surveys":false},"product_brand":[],"product_cat":[163,615],"product_tag":[],"class_list":{"0":"post-6314","1":"product","2":"type-product","3":"status-publish","4":"has-post-thumbnail","6":"product_cat-accastillage","7":"product_cat-lumieres","9":"first","10":"outofstock","11":"shipping-taxable","12":"purchasable","13":"product-type-simple"},"aioseo_notices":[],"_links":{"self":[{"href":"https:\/\/dsmarinealgerie.com\/ar\/wp-json\/wp\/v2\/product\/6314","targetHints":{"allow":["GET"]}}],"collection":[{"href":"https:\/\/dsmarinealgerie.com\/ar\/wp-json\/wp\/v2\/product"}],"about":[{"href":"https:\/\/dsmarinealgerie.com\/ar\/wp-json\/wp\/v2\/types\/product"}],"replies":[{"embeddable":true,"href":"https:\/\/dsmarinealgerie.com\/ar\/wp-json\/wp\/v2\/comments?post=6314"}],"wp:featuredmedia":[{"embeddable":true,"href":"https:\/\/dsmarinealgerie.com\/ar\/wp-json\/wp\/v2\/media\/6315"}],"wp:attachment":[{"href":"https:\/\/dsmarinealgerie.com\/ar\/wp-json\/wp\/v2\/media?parent=6314"}],"wp:term":[{"taxonomy":"product_brand","embeddable":true,"href":"https:\/\/dsmarinealgerie.com\/ar\/wp-json\/wp\/v2\/product_brand?post=6314"},{"taxonomy":"product_cat","embeddable":true,"href":"https:\/\/dsmarinealgerie.com\/ar\/wp-json\/wp\/v2\/product_cat?post=6314"},{"taxonomy":"product_tag","embeddable":true,"href":"https:\/\/dsmarinealgerie.com\/ar\/wp-json\/wp\/v2\/product_tag?post=6314"}],"curies":[{"name":"wp","href":"https:\/\/api.w.org\/{rel}","templated":true}]}}