{"id":6349,"date":"2023-11-12T09:12:15","date_gmt":"2023-11-12T09:12:15","guid":{"rendered":"https:\/\/dsmarinealgerie.com\/?post_type=product&#038;p=6349"},"modified":"2023-12-20T10:16:43","modified_gmt":"2023-12-20T10:16:43","slug":"tuyaux-poire-damorcage-et-connecteurs-de-carburant","status":"publish","type":"product","link":"https:\/\/dsmarinealgerie.com\/ar\/shop\/accastillage\/accessoires\/tuyaux-poire-damorcage-et-connecteurs-de-carburant\/","title":{"rendered":"\u062a\u062c\u0645\u064a\u0639 \u062e\u0637 \u0627\u0644\u0648\u0642\u0648\u062f"},"content":{"rendered":"<p>\u0627\u0644\u062e\u0631\u0627\u0637\u064a\u0645 \u0648\u0627\u0644\u0644\u0645\u0628\u0629 \u0627\u0644\u062a\u0645\u0647\u064a\u062f\u064a\u0629 \u0648\u0645\u0648\u0635\u0644\u0627\u062a \u0627\u0644\u0648\u0642\u0648\u062f<\/p>\n<p>\u0647\u0630\u0647 \u0645\u062c\u0645\u0648\u0639\u0629 \u0643\u0627\u0645\u0644\u0629 \u0645\u0646 \u062e\u0637\u0648\u0637 \u0627\u0644\u0648\u0642\u0648\u062f \u062a\u062a\u0636\u0645\u0646 \u0644\u0645\u0628\u0629 \u062a\u0645\u0647\u064a\u062f\u064a\u0629 \u0639\u0627\u0644\u064a\u0629 \u0627\u0644\u062c\u0648\u062f\u0629 \u0648\u062e\u0631\u0627\u0637\u064a\u0645 \u0645\u0645\u062a\u0627\u0632\u0629 \u0648\u0645\u0648\u0635\u0644\u0627\u062a \u0644\u0644\u0645\u062d\u0631\u0643 \u0648\u0627\u0644\u062e\u0632\u0627\u0646.<\/p>\n<p>\u0645\u0635\u0646\u0648\u0639\u0629 \u0645\u0646 \u0623\u0641\u0636\u0644 \u0627\u0644\u0645\u0648\u0627\u062f \u0627\u0644\u0645\u0637\u0627\u0637\u064a\u0629 \u0648\u0627\u0644\u0623\u0644\u0648\u0645\u0646\u064a\u0648\u0645\u060c \u0627\u0644\u062c\u0648\u062f\u0629 \u0648\u0627\u0644\u0623\u062f\u0627\u0621 \u0645\u0636\u0645\u0648\u0646\u0629!<\/p>","protected":false},"excerpt":{"rendered":"<p>Tuyaux ,Poire d&rsquo;amor\u00e7age et connecteurs de carburant Il s&rsquo;agit d&rsquo;un ensemble complet de conduites de carburant qui comprend une Poire d&rsquo;amor\u00e7age de haute qualit\u00e9, des tuyaux haut de gamme et les connecteurs du moteur et du r\u00e9servoir. Fabriqu\u00e9 \u00e0 partir du meilleur mat\u00e9riau en caoutchouc et en aluminium, qualit\u00e9 et performance garanties!<\/p>","protected":false},"featured_media":6350,"comment_status":"open","ping_status":"closed","template":"","meta":{"_uf_show_specific_survey":0,"_uf_disable_surveys":false},"product_brand":[],"product_cat":[163,170],"product_tag":[],"class_list":{"0":"post-6349","1":"product","2":"type-product","3":"status-publish","4":"has-post-thumbnail","6":"product_cat-accastillage","7":"product_cat-accessoires","9":"first","10":"instock","11":"shipping-taxable","12":"purchasable","13":"product-type-simple"},"aioseo_notices":[],"_links":{"self":[{"href":"https:\/\/dsmarinealgerie.com\/ar\/wp-json\/wp\/v2\/product\/6349","targetHints":{"allow":["GET"]}}],"collection":[{"href":"https:\/\/dsmarinealgerie.com\/ar\/wp-json\/wp\/v2\/product"}],"about":[{"href":"https:\/\/dsmarinealgerie.com\/ar\/wp-json\/wp\/v2\/types\/product"}],"replies":[{"embeddable":true,"href":"https:\/\/dsmarinealgerie.com\/ar\/wp-json\/wp\/v2\/comments?post=6349"}],"wp:featuredmedia":[{"embeddable":true,"href":"https:\/\/dsmarinealgerie.com\/ar\/wp-json\/wp\/v2\/media\/6350"}],"wp:attachment":[{"href":"https:\/\/dsmarinealgerie.com\/ar\/wp-json\/wp\/v2\/media?parent=6349"}],"wp:term":[{"taxonomy":"product_brand","embeddable":true,"href":"https:\/\/dsmarinealgerie.com\/ar\/wp-json\/wp\/v2\/product_brand?post=6349"},{"taxonomy":"product_cat","embeddable":true,"href":"https:\/\/dsmarinealgerie.com\/ar\/wp-json\/wp\/v2\/product_cat?post=6349"},{"taxonomy":"product_tag","embeddable":true,"href":"https:\/\/dsmarinealgerie.com\/ar\/wp-json\/wp\/v2\/product_tag?post=6349"}],"curies":[{"name":"wp","href":"https:\/\/api.w.org\/{rel}","templated":true}]}}