{"id":6359,"date":"2023-11-12T13:25:13","date_gmt":"2023-11-12T13:25:13","guid":{"rendered":"https:\/\/dsmarinealgerie.com\/?post_type=product&#038;p=6359"},"modified":"2023-12-13T10:01:22","modified_gmt":"2023-12-13T10:01:22","slug":"feux-de-navigation-led-blanc","status":"publish","type":"product","link":"https:\/\/dsmarinealgerie.com\/ar\/shop\/accastillage\/lumieres\/feux-de-navigation-led-blanc\/","title":{"rendered":"\u0623\u0636\u0648\u0627\u0621 \u0645\u0644\u0627\u062d\u0629 LED \u0628\u064a\u0636\u0627\u0621"},"content":{"rendered":"<p>\u062a\u0633\u0645\u062d \u0623\u0636\u0648\u0627\u0621 \u0627\u0644\u0645\u0644\u0627\u062d\u0629\u060c \u0623\u062b\u0646\u0627\u0621 \u0627\u0644\u0644\u064a\u0644 \u0623\u0648 \u0639\u0646\u062f \u0627\u0646\u062e\u0641\u0627\u0636 \u0627\u0644\u0631\u0624\u064a\u0629\u060c \u0628\u0631\u0624\u064a\u0629 \u0648\u062c\u0648\u062f \u0633\u0641\u064a\u0646\u0629 \u0645\u0646 \u0628\u0639\u064a\u062f \u0623\u0648 \u0625\u0628\u0644\u0627\u063a \u0645\u0648\u0642\u0639\u0643 \u0641\u064a \u062d\u0627\u0644\u0629 \u0627\u0644\u0627\u0633\u062a\u063a\u0627\u062b\u0629. \u0648\u0628\u0627\u0644\u062a\u0627\u0644\u064a \u0641\u0647\u064a \u062a\u0633\u0647\u0644 \u0627\u0644\u0645\u0644\u0627\u062d\u0629 \u0648\u062a\u0645\u0646\u0639 \u0648\u0642\u0648\u0639 \u0627\u0644\u062d\u0648\u0627\u062f\u062b \u0641\u064a \u0627\u0644\u0628\u062d\u0631.<\/p>\n<p><b>\u062a\u0636\u0645\u0646 \u0645\u0635\u0627\u0628\u064a\u062d \u0627\u0644\u0645\u0644\u0627\u062d\u0629 LED (\u0632\u0648\u062c \u0627\u0644\u0645\u0646\u0641\u0630\/\u0627\u0644\u0645\u064a\u0645\u0646\u0629) \u0644\u0644\u062a\u0631\u0643\u064a\u0628 \u0639\u0644\u0649 \u0633\u0637\u062d \u0627\u0644\u0633\u0641\u064a\u0646\u0629 DS MARINE \u0631\u0624\u064a\u0629 \u062e\u0627\u0644\u064a\u0629 \u0645\u0646 \u0627\u0644\u0639\u064a\u0648\u0628 \u062d\u062a\u0649 \u0645\u064a\u0644 \u0628\u062d\u0631\u064a \u0648\u0627\u062d\u062f.\u00a0\u00a0<\/b><\/p>\n<p>\u0625\u0646\u0647\u0627 \u0645\u0642\u0627\u0648\u0645\u0629 \u062c\u062f\u064b\u0627 \u0644\u0644\u062a\u0622\u0643\u0644 \u0648\u062a\u062a\u0648\u0627\u0641\u0642 \u0645\u0639 \u0645\u0639\u064a\u0627\u0631 IP66 \u0627\u0644\u0645\u0642\u0627\u0648\u0645 \u0644\u0644\u0645\u0627\u0621.<\/p>\n<p><b>\u062a\u0645 \u062a\u0635\u0645\u064a\u0645 \u0647\u0630\u0627 \u0627\u0644\u0632\u0648\u062c \u0645\u0646 \u0627\u0644\u0623\u0636\u0648\u0627\u0621 \u062e\u0635\u064a\u0635\u064b\u0627 \u0644\u062a\u063a\u0637\u064a\u0629 \u0632\u0627\u0648\u064a\u0629 \u0631\u0624\u064a\u0629 \u062a\u0628\u0644\u063a 112.5 \u062f\u0631\u062c\u0629 \u0639\u0644\u0649 \u0643\u0644 \u062c\u0627\u0646\u0628 \u0644\u0627\u0633\u062a\u062e\u062f\u0627\u0645\u0647 \u0643\u0645\u0635\u0628\u0627\u062d \u0645\u0644\u0627\u062d\u0629 \u0644\u0644\u0645\u0646\u0641\u0630\/\u0627\u0644\u0645\u064a\u0645\u0646\u0629:<\/b><\/p>\n<p>- \u0627\u0644\u0633\u0641\u064a\u0646\u0629 (\u0627\u0644\u0625\u0628\u062d\u0627\u0631 \u0623\u0648 \u0627\u0644\u0645\u062d\u0631\u0643) \u0623\u0642\u0644 \u0645\u0646 12 \u0645\u062a\u0631\u0627<br \/>\n\u2013 \u0644\u0644\u0631\u0624\u064a\u0629 \u0639\u0644\u0649 \u0627\u0644\u0642\u0648\u0627\u0631\u0628 \u0627\u0644\u0635\u063a\u064a\u0631\u0629 \u0645\u062b\u0644 \u0627\u0644\u0642\u0648\u0627\u0631\u0628 \u0648\u0627\u0644\u0645\u0646\u0627\u0642\u0635\u0627\u062a \u0648\u063a\u064a\u0631\u0647\u0627.<\/p>\n<p><strong>\u062a\u0648\u0641\u0631 \u0644\u0643 \u062a\u0642\u0646\u064a\u0629 LED \u0639\u0645\u0631\u064b\u0627 \u0623\u0641\u0636\u0644 \u0645\u0639 \u062a\u0642\u0644\u064a\u0644 \u0627\u0633\u062a\u0647\u0644\u0627\u0643 \u0627\u0644\u0637\u0627\u0642\u0629. \u0648\u0628\u0627\u0644\u0625\u0636\u0627\u0641\u0629 \u0625\u0644\u0649 \u0630\u0644\u0643\u060c \u0644\u0627 \u064a\u0648\u062c\u062f \u062e\u0637\u0631 \u0627\u0644\u062a\u062f\u0641\u0626\u0629.<\/strong><\/p>\n<p>-\u062a\u0634\u063a\u064a\u0644 12 \u0641\u0648\u0644\u062a\/1 \u0648\u0627\u0637<\/p>","protected":false},"excerpt":{"rendered":"<p>Les feux de navigation\u00a0permettent, pendant la nuit ou lorsque la visibilit\u00e9 est r\u00e9duite, d\u2019apercevoir de loin la pr\u00e9sence d\u2019un navire ou de communiquer votre position en cas de d\u00e9tresse. Ils facilitent donc la navigation et pr\u00e9viennent les accidents en mer. Feux de navigation LED (paire b\u00e2bord\/tribord) pour fixation de pont de DS MARINE vous garantissent [&hellip;]<\/p>","protected":false},"featured_media":6367,"comment_status":"open","ping_status":"closed","template":"","meta":{"_uf_show_specific_survey":0,"_uf_disable_surveys":false},"product_brand":[],"product_cat":[163,615],"product_tag":[],"class_list":{"0":"post-6359","1":"product","2":"type-product","3":"status-publish","4":"has-post-thumbnail","6":"product_cat-accastillage","7":"product_cat-lumieres","9":"first","10":"instock","11":"shipping-taxable","12":"purchasable","13":"product-type-variable"},"aioseo_notices":[],"_links":{"self":[{"href":"https:\/\/dsmarinealgerie.com\/ar\/wp-json\/wp\/v2\/product\/6359","targetHints":{"allow":["GET"]}}],"collection":[{"href":"https:\/\/dsmarinealgerie.com\/ar\/wp-json\/wp\/v2\/product"}],"about":[{"href":"https:\/\/dsmarinealgerie.com\/ar\/wp-json\/wp\/v2\/types\/product"}],"replies":[{"embeddable":true,"href":"https:\/\/dsmarinealgerie.com\/ar\/wp-json\/wp\/v2\/comments?post=6359"}],"wp:featuredmedia":[{"embeddable":true,"href":"https:\/\/dsmarinealgerie.com\/ar\/wp-json\/wp\/v2\/media\/6367"}],"wp:attachment":[{"href":"https:\/\/dsmarinealgerie.com\/ar\/wp-json\/wp\/v2\/media?parent=6359"}],"wp:term":[{"taxonomy":"product_brand","embeddable":true,"href":"https:\/\/dsmarinealgerie.com\/ar\/wp-json\/wp\/v2\/product_brand?post=6359"},{"taxonomy":"product_cat","embeddable":true,"href":"https:\/\/dsmarinealgerie.com\/ar\/wp-json\/wp\/v2\/product_cat?post=6359"},{"taxonomy":"product_tag","embeddable":true,"href":"https:\/\/dsmarinealgerie.com\/ar\/wp-json\/wp\/v2\/product_tag?post=6359"}],"curies":[{"name":"wp","href":"https:\/\/api.w.org\/{rel}","templated":true}]}}