{"id":6383,"date":"2023-11-12T15:17:04","date_gmt":"2023-11-12T15:17:04","guid":{"rendered":"https:\/\/dsmarinealgerie.com\/?post_type=product&#038;p=6383"},"modified":"2026-01-08T14:39:13","modified_gmt":"2026-01-08T14:39:13","slug":"mini-feux-de-navigation","status":"publish","type":"product","link":"https:\/\/dsmarinealgerie.com\/ar\/shop\/accastillage\/lumieres\/mini-feux-de-navigation\/","title":{"rendered":"\u0623\u0636\u0648\u0627\u0621 \u0627\u0644\u0645\u0644\u0627\u062d\u0629 \u0627\u0644\u0628\u0633\u064a\u0637\u0629"},"content":{"rendered":"<p><strong>\u0623\u0636\u0648\u0627\u0621 \u0627\u0644\u0645\u0644\u0627\u062d\u0629 \u0627\u0644\u0645\u0635\u063a\u0631\u0629<\/strong> \u0631\u0627\u062d\u0629<\/p>\n<p>\u0647\u0630\u0647 \u0627\u0644\u0623\u0636\u0648\u0627\u0621 \u0633\u0647\u0644\u0629 \u0627\u0644\u062a\u0631\u0643\u064a\u0628 \u0644\u0644\u063a\u0627\u064a\u0629 \u0648\u0645\u0646\u0627\u0633\u0628\u0629 \u0644\u062c\u0645\u064a\u0639 \u0623\u0646\u0648\u0627\u0639 \u0627\u0644\u0642\u0648\u0627\u0631\u0628.<\/p>\n<p>\u0623\u0646\u0647\u0627 \u0645\u0631\u0626\u064a\u0629 \u062d\u062a\u0649<strong>\u0639\u0646\u062f 3 \u0645\u064a\u0644 \u0628\u062d\u0631\u064a<\/strong>\u060c \u062a\u062a\u0645\u062a\u0639 \u0628\u0627\u0644\u0627\u0633\u062a\u0642\u0644\u0627\u0644\u064a\u0629\u00a0<strong>\u0628\u0637\u0627\u0631\u064a\u0629 12 \u0633\u0627\u0639\u0629<\/strong> \u0648\u0647\u064a \u0645\u0642\u0627\u0648\u0645\u0629 \u0644\u0644\u0645\u0627\u0621.<\/p>\n<p>&nbsp;<\/p>","protected":false},"excerpt":{"rendered":"<p>Mini feux de navigation de secours Ces feux sont tr\u00e8s faciles \u00e0 installer et conviennent pour tous les types d&#8217;embarcation. Ils sont visibles jusqu&rsquo;\u00e0 3 NM, ont une autonomie de\u00a0batterie de 12h et sont r\u00e9sistants \u00e0 l&rsquo;eau . &nbsp;<\/p>","protected":false},"featured_media":6422,"comment_status":"open","ping_status":"closed","template":"","meta":{"_uf_show_specific_survey":0,"_uf_disable_surveys":false},"product_brand":[],"product_cat":[163,615],"product_tag":[],"class_list":{"0":"post-6383","1":"product","2":"type-product","3":"status-publish","4":"has-post-thumbnail","6":"product_cat-accastillage","7":"product_cat-lumieres","9":"first","10":"instock","11":"shipping-taxable","12":"purchasable","13":"product-type-simple"},"aioseo_notices":[],"_links":{"self":[{"href":"https:\/\/dsmarinealgerie.com\/ar\/wp-json\/wp\/v2\/product\/6383","targetHints":{"allow":["GET"]}}],"collection":[{"href":"https:\/\/dsmarinealgerie.com\/ar\/wp-json\/wp\/v2\/product"}],"about":[{"href":"https:\/\/dsmarinealgerie.com\/ar\/wp-json\/wp\/v2\/types\/product"}],"replies":[{"embeddable":true,"href":"https:\/\/dsmarinealgerie.com\/ar\/wp-json\/wp\/v2\/comments?post=6383"}],"wp:featuredmedia":[{"embeddable":true,"href":"https:\/\/dsmarinealgerie.com\/ar\/wp-json\/wp\/v2\/media\/6422"}],"wp:attachment":[{"href":"https:\/\/dsmarinealgerie.com\/ar\/wp-json\/wp\/v2\/media?parent=6383"}],"wp:term":[{"taxonomy":"product_brand","embeddable":true,"href":"https:\/\/dsmarinealgerie.com\/ar\/wp-json\/wp\/v2\/product_brand?post=6383"},{"taxonomy":"product_cat","embeddable":true,"href":"https:\/\/dsmarinealgerie.com\/ar\/wp-json\/wp\/v2\/product_cat?post=6383"},{"taxonomy":"product_tag","embeddable":true,"href":"https:\/\/dsmarinealgerie.com\/ar\/wp-json\/wp\/v2\/product_tag?post=6383"}],"curies":[{"name":"wp","href":"https:\/\/api.w.org\/{rel}","templated":true}]}}