{"id":6392,"date":"2023-11-13T10:55:08","date_gmt":"2023-11-13T10:55:08","guid":{"rendered":"https:\/\/dsmarinealgerie.com\/?post_type=product&#038;p=6392"},"modified":"2026-01-07T09:08:47","modified_gmt":"2026-01-07T09:08:47","slug":"volant-de-bateau-plastique-3-branches","status":"publish","type":"product","link":"https:\/\/dsmarinealgerie.com\/ar\/shop\/accastillage\/volants\/volant-de-bateau-plastique-3-branches\/","title":{"rendered":"\u0639\u062c\u0644\u0629 \u0642\u064a\u0627\u062f\u0629 \u0642\u0627\u0631\u0628 \u0628\u0644\u0627\u0633\u062a\u064a\u0643\u064a"},"content":{"rendered":"<p>\u0625\u0646 \u0639\u062c\u0644\u0629 \u0642\u064a\u0627\u062f\u0629 \u0627\u0644\u0642\u0627\u0631\u0628 \u062b\u0644\u0627\u062b\u064a\u0629 \u0627\u0644\u0623\u0636\u0644\u0627\u0639 \u0627\u0644\u062a\u064a \u0646\u0642\u062f\u0645\u0647\u0627 \u0647\u064a \u0645\u0644\u062d\u0642 \u0639\u0627\u0644\u064a \u0627\u0644\u062c\u0648\u062f\u0629 \u0645\u0635\u0645\u0645 \u0644\u062a\u0648\u0641\u064a\u0631 \u0627\u0644\u062a\u062d\u0643\u0645 \u0627\u0644\u0623\u0645\u062b\u0644 \u0648\u0623\u0642\u0635\u0649 \u0642\u062f\u0631 \u0645\u0646 \u0627\u0644\u0631\u0627\u062d\u0629 \u0623\u062b\u0646\u0627\u0621 \u0627\u0644\u062a\u0646\u0642\u0644. \u0645\u0635\u0646\u0648\u0639\u0629 \u0645\u0646 \u0627\u0644\u0628\u0644\u0627\u0633\u062a\u064a\u0643 \u0639\u0627\u0644\u064a \u0627\u0644\u062c\u0648\u062f\u0629\u060c \u0639\u062c\u0644\u0629 \u0627\u0644\u0642\u064a\u0627\u062f\u0629 \u0647\u0630\u0647 \u0644\u064a\u0633\u062a \u0642\u0648\u064a\u0629 \u0648\u0645\u062a\u064a\u0646\u0629 \u0641\u062d\u0633\u0628\u060c \u0648\u0644\u0643\u0646\u0647\u0627 \u0623\u064a\u0636\u064b\u0627 \u0645\u0642\u0627\u0648\u0645\u0629 \u0644\u0644\u062a\u0622\u0643\u0644\u060c \u0645\u0645\u0627 \u064a\u0636\u0645\u0646 \u0637\u0648\u0644 \u0639\u0645\u0631\u0647\u0627 \u062d\u062a\u0649 \u0641\u064a \u0627\u0644\u0638\u0631\u0648\u0641 \u0627\u0644\u0628\u062d\u0631\u064a\u0629 \u0627\u0644\u0642\u0627\u0633\u064a\u0629.<\/p>\n<ul>\n<li>\u062d\u062c\u0645 \u0639\u062c\u0644\u0629 \u0627\u0644\u0642\u064a\u0627\u062f\u0629: 336 \u0645\u0644\u0645<\/li>\n<\/ul>","protected":false},"excerpt":{"rendered":"<p>Le volant de bateau \u00e0 3 branches que nous proposons est un accessoire de qualit\u00e9 sup\u00e9rieure con\u00e7u pour offrir un contr\u00f4le optimal et un confort maximal lors de la navigation. Fabriqu\u00e9 en Plastique de haute qualit\u00e9, ce volant est non seulement robuste et durable, mais il est \u00e9galement r\u00e9sistant \u00e0 la corrosion, assurant ainsi sa [&hellip;]<\/p>","protected":false},"featured_media":6393,"comment_status":"open","ping_status":"closed","template":"","meta":{"_uf_show_specific_survey":0,"_uf_disable_surveys":false},"product_brand":[],"product_cat":[163,613],"product_tag":[],"class_list":{"0":"post-6392","1":"product","2":"type-product","3":"status-publish","4":"has-post-thumbnail","6":"product_cat-accastillage","7":"product_cat-volants","9":"first","10":"instock","11":"shipping-taxable","12":"purchasable","13":"product-type-simple"},"aioseo_notices":[],"_links":{"self":[{"href":"https:\/\/dsmarinealgerie.com\/ar\/wp-json\/wp\/v2\/product\/6392","targetHints":{"allow":["GET"]}}],"collection":[{"href":"https:\/\/dsmarinealgerie.com\/ar\/wp-json\/wp\/v2\/product"}],"about":[{"href":"https:\/\/dsmarinealgerie.com\/ar\/wp-json\/wp\/v2\/types\/product"}],"replies":[{"embeddable":true,"href":"https:\/\/dsmarinealgerie.com\/ar\/wp-json\/wp\/v2\/comments?post=6392"}],"wp:featuredmedia":[{"embeddable":true,"href":"https:\/\/dsmarinealgerie.com\/ar\/wp-json\/wp\/v2\/media\/6393"}],"wp:attachment":[{"href":"https:\/\/dsmarinealgerie.com\/ar\/wp-json\/wp\/v2\/media?parent=6392"}],"wp:term":[{"taxonomy":"product_brand","embeddable":true,"href":"https:\/\/dsmarinealgerie.com\/ar\/wp-json\/wp\/v2\/product_brand?post=6392"},{"taxonomy":"product_cat","embeddable":true,"href":"https:\/\/dsmarinealgerie.com\/ar\/wp-json\/wp\/v2\/product_cat?post=6392"},{"taxonomy":"product_tag","embeddable":true,"href":"https:\/\/dsmarinealgerie.com\/ar\/wp-json\/wp\/v2\/product_tag?post=6392"}],"curies":[{"name":"wp","href":"https:\/\/api.w.org\/{rel}","templated":true}]}}