{"id":6409,"date":"2023-11-13T14:23:06","date_gmt":"2023-11-13T14:23:06","guid":{"rendered":"https:\/\/dsmarinealgerie.com\/?post_type=product&#038;p=6409"},"modified":"2024-11-28T10:16:00","modified_gmt":"2024-11-28T10:16:00","slug":"pompe-de-cale-immergeable-3","status":"publish","type":"product","link":"https:\/\/dsmarinealgerie.com\/ar\/shop\/accastillage\/electrique\/pompe-de-cale-immergeable-3\/","title":{"rendered":"\u0645\u0636\u062e\u0629 \u0628\u064a\u0644\u062c \u063a\u0627\u0637\u0633\u0629 500-1000-2000 \u062c\u0627\u0644\u0648\u0646 \u0641\u064a \u0627\u0644\u0633\u0627\u0639\u0629"},"content":{"rendered":"<p>\u0647\u0630\u0647<strong>\u00a0\u0645\u0636\u062e\u0629 \u0622\u0633\u0646<\/strong>\u00a0\u064a\u0633\u0645\u062d \u0644\u0643 \u0628\u062a\u0641\u0631\u064a\u063a \u0627\u0644\u0645\u0627\u0621 \u0645\u0646 \u0642\u0628\u0636\u062a\u0643\u00a0<strong>\u0642\u0627\u0631\u0628<\/strong>.<\/p>\n<p>\u064a\u0645\u0643\u0646 \u0627\u0644\u062a\u062d\u0643\u0645 \u0628\u0647 \u0639\u0646 \u0637\u0631\u064a\u0642 \u0623\u00a0<strong>\u064a\u064f\u062d\u0648\u0651\u0644\u00a0<\/strong>\u0623\u0648 \u0648\u0627\u062d\u062f\u00a0<strong>\u0645\u0641\u062a\u0627\u062d \u0645\u0633\u062a\u0648\u0649 \u0645\u0636\u062e\u0629 \u0627\u0644\u0622\u0633\u0646\u00a0<\/strong>\u0628\u0641\u0636\u0644 \u062a\u0639\u0648\u064a\u0645\u0647\u0627.<\/p>\n<p>\u064a\u0645\u0643\u0646 \u0625\u0632\u0627\u0644\u0629 \u062c\u0633\u0645 \u0627\u0644\u0645\u0636\u062e\u0629 \u0645\u0646 \u0627\u0644\u0642\u0627\u0639\u062f\u0629 \u0644\u062a\u0633\u0647\u064a\u0644 \u062a\u0646\u0638\u064a\u0641\u0647\u0627.<\/p>\n<p>\u0645\u062a\u0648\u0641\u0631 \u0641\u064a 500GPH\u060c 1000GPH \u06482000GPH<\/p>\n<p>\u062e\u0635\u0627\u0626\u0635\u0647 :<\/p>\n<ul>\n<li>\u063a\u0627\u0637\u0633\u0629<\/li>\n<li>\u0627\u0644\u062d\u0645\u0627\u064a\u0629 \u0636\u062f \u0627\u0644\u062c\u0647\u062f \u0627\u0644\u0632\u0627\u0626\u062f<\/li>\n<li>\u0627\u0644\u0645\u062d\u0631\u0643 \u0645\u062d\u0645\u064a \u0636\u062f \u0627\u0644\u0635\u062f\u0623 \u0648\u0627\u0644\u062a\u0622\u0643\u0644<\/li>\n<li>\u064a\u062a\u0645 \u062a\u0628\u0631\u064a\u062f\u0647 \u0628\u0627\u0644\u0645\u0627\u0621 \u0648\u0644\u0643\u0646 \u064a\u0645\u0643\u0646 \u062a\u0634\u063a\u064a\u0644\u0647 \u0641\u0627\u0631\u063a\u064b\u0627 \u062f\u0648\u0646 \u0627\u0644\u062a\u0639\u0631\u0636 \u0644\u062e\u0637\u0631 \u0627\u0631\u062a\u0641\u0627\u0639 \u062f\u0631\u062c\u0629 \u0627\u0644\u062d\u0631\u0627\u0631\u0629<\/li>\n<li>\u0644\u064a\u0633\u062a \u062a\u0644\u0642\u0627\u0626\u064a\u0629<\/li>\n<\/ul>","protected":false},"excerpt":{"rendered":"<p>Cette\u00a0pompe de cale\u00a0permet de vider l&rsquo;eau de votre cale de\u00a0bateau. Elle peut \u00eatre command\u00e9e par un\u00a0interrupteur\u00a0ou bien un\u00a0contacteur \u00e0 niveau de pompe de cale\u00a0gr\u00e2ce \u00e0 son flotteur. Le corps de la pompe s&rsquo;enl\u00e8ve de l&#8217;embase pour faire le nettoyage de celle-ci plus facilement. disponible en 500GPH, 1000GPH et 2000GPH Ses caract\u00e9ristiques : Submersible Protection contre [&hellip;]<\/p>","protected":false},"featured_media":6412,"comment_status":"open","ping_status":"closed","template":"","meta":{"_uf_show_specific_survey":0,"_uf_disable_surveys":false},"product_brand":[],"product_cat":[167,163],"product_tag":[],"class_list":{"0":"post-6409","1":"product","2":"type-product","3":"status-publish","4":"has-post-thumbnail","6":"product_cat-electrique","7":"product_cat-accastillage","9":"first","10":"instock","11":"shipping-taxable","12":"purchasable","13":"product-type-variable"},"aioseo_notices":[],"_links":{"self":[{"href":"https:\/\/dsmarinealgerie.com\/ar\/wp-json\/wp\/v2\/product\/6409","targetHints":{"allow":["GET"]}}],"collection":[{"href":"https:\/\/dsmarinealgerie.com\/ar\/wp-json\/wp\/v2\/product"}],"about":[{"href":"https:\/\/dsmarinealgerie.com\/ar\/wp-json\/wp\/v2\/types\/product"}],"replies":[{"embeddable":true,"href":"https:\/\/dsmarinealgerie.com\/ar\/wp-json\/wp\/v2\/comments?post=6409"}],"wp:featuredmedia":[{"embeddable":true,"href":"https:\/\/dsmarinealgerie.com\/ar\/wp-json\/wp\/v2\/media\/6412"}],"wp:attachment":[{"href":"https:\/\/dsmarinealgerie.com\/ar\/wp-json\/wp\/v2\/media?parent=6409"}],"wp:term":[{"taxonomy":"product_brand","embeddable":true,"href":"https:\/\/dsmarinealgerie.com\/ar\/wp-json\/wp\/v2\/product_brand?post=6409"},{"taxonomy":"product_cat","embeddable":true,"href":"https:\/\/dsmarinealgerie.com\/ar\/wp-json\/wp\/v2\/product_cat?post=6409"},{"taxonomy":"product_tag","embeddable":true,"href":"https:\/\/dsmarinealgerie.com\/ar\/wp-json\/wp\/v2\/product_tag?post=6409"}],"curies":[{"name":"wp","href":"https:\/\/api.w.org\/{rel}","templated":true}]}}