{"id":6417,"date":"2023-11-15T15:28:12","date_gmt":"2023-11-15T15:28:12","guid":{"rendered":"https:\/\/dsmarinealgerie.com\/?post_type=product&#038;p=6417"},"modified":"2026-01-08T09:59:07","modified_gmt":"2026-01-08T09:59:07","slug":"porte-canne-demontable-inox","status":"publish","type":"product","link":"https:\/\/dsmarinealgerie.com\/ar\/shop\/accastillage\/accastillage-en-inox\/porte-canne-demontable-inox\/","title":{"rendered":"\u062d\u0627\u0645\u0644 \u0642\u0636\u064a\u0628 \u0645\u0646 \u0627\u0644\u0641\u0648\u0644\u0627\u0630 \u0627\u0644\u0645\u0642\u0627\u0648\u0645 \u0644\u0644\u0635\u062f\u0623 \u0642\u0627\u0628\u0644 \u0644\u0644\u0625\u0632\u0627\u0644\u0629"},"content":{"rendered":"<h4><strong>\u062d\u0627\u0645\u0644 \u0642\u0635\u0628 \u0642\u0627\u0628\u0644 \u0644\u0644\u062a\u0639\u062f\u064a\u0644 \u0648\u0627\u0644\u0625\u0632\u0627\u0644\u0629 \u0645\u0639 \u0642\u0627\u0639\u062f\u0629 \u0645\u0633\u0637\u062d\u0629 \u0628\u0627\u0644\u0643\u0627\u0645\u0644 \u0641\u064a \u0645\u0631\u0622\u0629 \u0645\u0635\u0642\u0648\u0644\u0629 \u0645\u0646 \u0627\u0644\u0641\u0648\u0644\u0627\u0630 \u0627\u0644\u0645\u0642\u0627\u0648\u0645 \u0644\u0644\u0635\u062f\u0623 316\u060c <\/strong>\u0627\u0644\u0649<strong>\u0645\u0639 \u0645\u0634\u0628\u0643 \u062d\u0645\u0627\u064a\u0629 \u0645\u0646 \u0627\u0644\u0628\u0644\u0627\u0633\u062a\u064a\u0643 <\/strong>\u0644\u0645\u0646\u0639 \u062a\u0639\u0631\u0636 \u0627\u0644\u0628\u0631\u0645\u064a\u0644 \u0644\u0644\u062a\u0644\u0641. \u0645\u0646\u0627\u0633\u0628\u0629 \u0644\u062c\u0645\u064a\u0639 \u0627\u0644\u0642\u0636\u0628\u0627\u0646 \u0627\u0644\u0645\u0648\u062c\u0648\u062f\u0629 \u0641\u064a \u0627\u0644\u0633\u0648\u0642.<\/h4>","protected":false},"excerpt":{"rendered":"<p>Porte canne r\u00e9glable et d\u00e9montable \u00e0 base plate enti\u00e8rement en acier inoxydable 316 poli miroir, avec boucle de protection en plastique pour \u00e9viter que le canon ne soit endommag\u00e9. Convient \u00e0 toutes les cannes du march\u00e9.<\/p>","protected":false},"featured_media":6418,"comment_status":"open","ping_status":"closed","template":"","meta":{"_uf_show_specific_survey":0,"_uf_disable_surveys":false},"product_brand":[],"product_cat":[166,163,170],"product_tag":[],"class_list":{"0":"post-6417","1":"product","2":"type-product","3":"status-publish","4":"has-post-thumbnail","6":"product_cat-accastillage-en-inox","7":"product_cat-accastillage","8":"product_cat-accessoires","10":"first","11":"instock","12":"shipping-taxable","13":"purchasable","14":"product-type-simple"},"aioseo_notices":[],"_links":{"self":[{"href":"https:\/\/dsmarinealgerie.com\/ar\/wp-json\/wp\/v2\/product\/6417","targetHints":{"allow":["GET"]}}],"collection":[{"href":"https:\/\/dsmarinealgerie.com\/ar\/wp-json\/wp\/v2\/product"}],"about":[{"href":"https:\/\/dsmarinealgerie.com\/ar\/wp-json\/wp\/v2\/types\/product"}],"replies":[{"embeddable":true,"href":"https:\/\/dsmarinealgerie.com\/ar\/wp-json\/wp\/v2\/comments?post=6417"}],"wp:featuredmedia":[{"embeddable":true,"href":"https:\/\/dsmarinealgerie.com\/ar\/wp-json\/wp\/v2\/media\/6418"}],"wp:attachment":[{"href":"https:\/\/dsmarinealgerie.com\/ar\/wp-json\/wp\/v2\/media?parent=6417"}],"wp:term":[{"taxonomy":"product_brand","embeddable":true,"href":"https:\/\/dsmarinealgerie.com\/ar\/wp-json\/wp\/v2\/product_brand?post=6417"},{"taxonomy":"product_cat","embeddable":true,"href":"https:\/\/dsmarinealgerie.com\/ar\/wp-json\/wp\/v2\/product_cat?post=6417"},{"taxonomy":"product_tag","embeddable":true,"href":"https:\/\/dsmarinealgerie.com\/ar\/wp-json\/wp\/v2\/product_tag?post=6417"}],"curies":[{"name":"wp","href":"https:\/\/api.w.org\/{rel}","templated":true}]}}