{"id":6437,"date":"2023-11-19T09:19:11","date_gmt":"2023-11-19T09:19:11","guid":{"rendered":"https:\/\/dsmarinealgerie.com\/?post_type=product&#038;p=6437"},"modified":"2023-11-19T09:19:12","modified_gmt":"2023-11-19T09:19:12","slug":"bouee-de-defense-g3-blanc-et-bleu","status":"publish","type":"product","link":"https:\/\/dsmarinealgerie.com\/ar\/shop\/accastillage\/moyens-de-securite\/bouee-de-defense-g3-blanc-et-bleu\/","title":{"rendered":"\u0639\u0648\u0627\u0645\u0629 \u0627\u0644\u062f\u0641\u0627\u0639 G3 \u2013 \u0627\u0644\u0623\u0628\u064a\u0636 \u0648\u0627\u0644\u0623\u0632\u0631\u0642"},"content":{"rendered":"<p>\u0645\u0635\u062f\u0627\u062a \u0633\u0644\u0633\u0644\u0629 G \u0645\u0635\u0646\u0648\u0639\u0629 \u0645\u0646 PVC \u0627\u0644\u0645\u0642\u0648\u0644\u0628 \u0641\u064a \u0642\u0637\u0639\u0629 \u0648\u0627\u062d\u062f\u0629. \u062a\u0633\u0645\u062d \u0639\u064a\u0646\u0647\u0645 \u0627\u0644\u0645\u0632\u062f\u0648\u062c\u0629 \u0628\u0627\u0633\u062a\u062e\u062f\u0627\u0645\u0647\u0627 \u0639\u0645\u0648\u062f\u064a\u064b\u0627 \u0623\u0648 \u0623\u0641\u0642\u064a\u064b\u0627. \u062a\u062a\u0645\u064a\u0632 \u062c\u062f\u0631\u0627\u0646\u0647\u0627 \u0628\u0633\u0645\u0627\u0643\u0629 \u0645\u0646\u062a\u0638\u0645\u0629 \u0648\u064a\u062a\u0645 \u062a\u0639\u0632\u064a\u0632 \u0646\u0642\u0637\u0629 \u0627\u0644\u062a\u0639\u0644\u0642 \u0628\u0647\u0627. \u0645\u0635\u0646\u0648\u0639\u0629 \u0645\u0646 \u0645\u0627\u062f\u0629 \u0645\u0631\u0646\u0629\u060c \u0648\u0644\u0647\u0627 \u0623\u062e\u062f\u0648\u062f \u0645\u0639\u0632\u0632 \u0639\u0644\u0649 \u0648\u062c\u0647\u0647\u0627 \u0627\u0644\u062e\u0627\u0631\u062c\u064a. \u064a\u0648\u0641\u0631 \u0635\u0645\u0627\u0645 \u0627\u0644\u062a\u0636\u062e\u0645 \u0627\u0644\u0628\u0644\u0627\u0633\u062a\u064a\u0643\u064a \u0639\u0627\u0644\u064a \u0627\u0644\u062c\u0648\u062f\u0629 \u062e\u062a\u0645\u064b\u0627 \u0645\u062b\u0627\u0644\u064a\u064b\u0627.<br \/>\n\u0636\u063a\u0637 \u0627\u0644\u0646\u0641\u062e \u0627\u0644\u0645\u0648\u0635\u0649 \u0628\u0647 \u0647\u0648 1.5 \u0628\u0627\u0631<\/p>","protected":false},"excerpt":{"rendered":"<p>Les d\u00e9fenses de la s\u00e9rie G sont faites en PVC rotomoul\u00e9es d\u00a0\u00bbune seule pi\u00e8ce. Leurs double \u0153il permet de les utiliser verticalement ou horizontalement. Leurs parois ont une \u00e9paisseur r\u00e9guli\u00e8re et leur point d&rsquo;attache est renforc\u00e9. En mat\u00e9riau flexible, elle est dot\u00e9e d\u00a0\u00bbun rainurage de renfort dur sa face externe. Une vannes de gonflage de [&hellip;]<\/p>","protected":false},"featured_media":6438,"comment_status":"open","ping_status":"closed","template":"","meta":{"_uf_show_specific_survey":0,"_uf_disable_surveys":false},"product_brand":[],"product_cat":[163,169,168],"product_tag":[],"class_list":{"0":"post-6437","1":"product","2":"type-product","3":"status-publish","4":"has-post-thumbnail","6":"product_cat-accastillage","7":"product_cat-cordage-mouillage","8":"product_cat-moyens-de-securite","10":"first","11":"instock","12":"shipping-taxable","13":"purchasable","14":"product-type-simple"},"aioseo_notices":[],"_links":{"self":[{"href":"https:\/\/dsmarinealgerie.com\/ar\/wp-json\/wp\/v2\/product\/6437","targetHints":{"allow":["GET"]}}],"collection":[{"href":"https:\/\/dsmarinealgerie.com\/ar\/wp-json\/wp\/v2\/product"}],"about":[{"href":"https:\/\/dsmarinealgerie.com\/ar\/wp-json\/wp\/v2\/types\/product"}],"replies":[{"embeddable":true,"href":"https:\/\/dsmarinealgerie.com\/ar\/wp-json\/wp\/v2\/comments?post=6437"}],"wp:featuredmedia":[{"embeddable":true,"href":"https:\/\/dsmarinealgerie.com\/ar\/wp-json\/wp\/v2\/media\/6438"}],"wp:attachment":[{"href":"https:\/\/dsmarinealgerie.com\/ar\/wp-json\/wp\/v2\/media?parent=6437"}],"wp:term":[{"taxonomy":"product_brand","embeddable":true,"href":"https:\/\/dsmarinealgerie.com\/ar\/wp-json\/wp\/v2\/product_brand?post=6437"},{"taxonomy":"product_cat","embeddable":true,"href":"https:\/\/dsmarinealgerie.com\/ar\/wp-json\/wp\/v2\/product_cat?post=6437"},{"taxonomy":"product_tag","embeddable":true,"href":"https:\/\/dsmarinealgerie.com\/ar\/wp-json\/wp\/v2\/product_tag?post=6437"}],"curies":[{"name":"wp","href":"https:\/\/api.w.org\/{rel}","templated":true}]}}