{"id":6448,"date":"2023-11-19T11:41:14","date_gmt":"2023-11-19T11:41:14","guid":{"rendered":"https:\/\/dsmarinealgerie.com\/?post_type=product&#038;p=6448"},"modified":"2026-01-08T09:58:13","modified_gmt":"2026-01-08T09:58:13","slug":"porte-drapeau-bateau","status":"publish","type":"product","link":"https:\/\/dsmarinealgerie.com\/ar\/shop\/accastillage\/accastillage-en-inox\/porte-drapeau-bateau\/","title":{"rendered":"\u062d\u0627\u0645\u0644 \u0639\u0644\u0645 \u0627\u0644\u0642\u0627\u0631\u0628"},"content":{"rendered":"<p><strong>\u062d\u0627\u0645\u0644 \u0627\u0644\u0639\u0644\u0645 \u0644\u0644\u0642\u0627\u0631\u0628 \u0644\u0631\u0628\u0637\u0647 \u0628\u0627\u0644\u0623\u0646\u0627\u0628\u064a\u0628<\/strong><\/p>\n<ul>\n<li>\u0645\u0635\u0646\u0648\u0639\u0629 \u0645\u0646 \u0627\u0644\u0641\u0648\u0644\u0627\u0630 \u0627\u0644\u0645\u0642\u0627\u0648\u0645 \u0644\u0644\u0635\u062f\u0623 316\u060c \u0645\u0639 \u0645\u0648\u062b\u0648\u0642\u064a\u0629 \u0639\u0627\u0644\u064a\u0629\u060c \u0648\u0645\u062a\u064a\u0646\u0629\u060c \u0648\u0642\u0648\u064a\u0629 \u0648\u0644\u0647\u0627 \u0639\u0645\u0631 \u062e\u062f\u0645\u0629 \u0637\u0648\u064a\u0644.<\/li>\n<li>\u0627\u0644\u0641\u0648\u0644\u0627\u0630 \u0627\u0644\u0645\u0642\u0627\u0648\u0645 \u0644\u0644\u0635\u062f\u0623 \u0645\u0646 \u0627\u0644\u062f\u0631\u062c\u0629 \u0627\u0644\u0628\u062d\u0631\u064a\u0629 \u0645\u0646\u0627\u0633\u0628 \u0644\u0644\u0642\u0648\u0627\u0631\u0628 \u0648\u0627\u0644\u064a\u062e\u0648\u062a \u0648\u0627\u0644\u0645\u0631\u0643\u0628\u0627\u062a \u0627\u0644\u062a\u0631\u0641\u064a\u0647\u064a\u0629 \u0648\u0645\u0627 \u0625\u0644\u0649 \u0630\u0644\u0643. \u0644\u0644\u0631\u062f \u0639\u0644\u0649 \u0637\u0644\u0628\u0627\u062a\u0643.<\/li>\n<li>\u0645\u0631\u064a\u062d\u0629 \u0641\u064a \u0627\u0644\u062a\u0631\u0643\u064a\u0628 \u0648\u0627\u0644\u0641\u0635\u0644\u060c \u0645\u0645\u0627 \u064a\u0645\u0646\u062d\u0643 \u0627\u0644\u0645\u0632\u064a\u062f \u0645\u0646 \u0627\u0644\u0631\u0627\u062d\u0629.<\/li>\n<\/ul>","protected":false},"excerpt":{"rendered":"<p>Porte drapeau pour Bateau \u00e0 fixer sur tubes Fabriqu\u00e9 en acier inoxydable 316, avec une grande fiabilit\u00e9, durable, robuste et a une longue dur\u00e9e de vie. L&rsquo;acier inoxydable de qualit\u00e9 marine convient aux bateaux, yachts, v\u00e9hicules de loisirs, etc. pour r\u00e9pondre \u00e0 vos demandes. pratique \u00e0 installer et \u00e0 d\u00e9tacher, vous apporte plus de commodit\u00e9.<\/p>","protected":false},"featured_media":6454,"comment_status":"open","ping_status":"closed","template":"","meta":{"_uf_show_specific_survey":0,"_uf_disable_surveys":false},"product_brand":[],"product_cat":[166,163,170],"product_tag":[],"class_list":{"0":"post-6448","1":"product","2":"type-product","3":"status-publish","4":"has-post-thumbnail","6":"product_cat-accastillage-en-inox","7":"product_cat-accastillage","8":"product_cat-accessoires","10":"first","11":"outofstock","12":"shipping-taxable","13":"purchasable","14":"product-type-simple"},"aioseo_notices":[],"_links":{"self":[{"href":"https:\/\/dsmarinealgerie.com\/ar\/wp-json\/wp\/v2\/product\/6448","targetHints":{"allow":["GET"]}}],"collection":[{"href":"https:\/\/dsmarinealgerie.com\/ar\/wp-json\/wp\/v2\/product"}],"about":[{"href":"https:\/\/dsmarinealgerie.com\/ar\/wp-json\/wp\/v2\/types\/product"}],"replies":[{"embeddable":true,"href":"https:\/\/dsmarinealgerie.com\/ar\/wp-json\/wp\/v2\/comments?post=6448"}],"wp:featuredmedia":[{"embeddable":true,"href":"https:\/\/dsmarinealgerie.com\/ar\/wp-json\/wp\/v2\/media\/6454"}],"wp:attachment":[{"href":"https:\/\/dsmarinealgerie.com\/ar\/wp-json\/wp\/v2\/media?parent=6448"}],"wp:term":[{"taxonomy":"product_brand","embeddable":true,"href":"https:\/\/dsmarinealgerie.com\/ar\/wp-json\/wp\/v2\/product_brand?post=6448"},{"taxonomy":"product_cat","embeddable":true,"href":"https:\/\/dsmarinealgerie.com\/ar\/wp-json\/wp\/v2\/product_cat?post=6448"},{"taxonomy":"product_tag","embeddable":true,"href":"https:\/\/dsmarinealgerie.com\/ar\/wp-json\/wp\/v2\/product_tag?post=6448"}],"curies":[{"name":"wp","href":"https:\/\/api.w.org\/{rel}","templated":true}]}}