{"id":6870,"date":"2023-11-22T14:02:04","date_gmt":"2023-11-22T14:02:04","guid":{"rendered":"https:\/\/dsmarinealgerie.com\/?post_type=product&#038;p=6870"},"modified":"2025-11-13T10:26:36","modified_gmt":"2025-11-13T10:26:36","slug":"leurre-shimano-silent-assassin-flash-boost-140mm","status":"publish","type":"product","link":"https:\/\/dsmarinealgerie.com\/ar\/shop\/peche\/leurre-shimano-silent-assassin-flash-boost-140mm\/","title":{"rendered":"\u0637\u064f\u0639\u0645 \u0641\u0644\u0627\u0634 \u0634\u064a\u0645\u0627\u0646\u0648 \u0633\u0627\u064a\u0644\u0646\u062a \u0623\u0633\u0633\u0627\u0633\u064a\u0646 140 \u0645\u0644\u0645"},"content":{"rendered":"<p>\u0627\u0644\u00a0<strong>\u0634\u064a\u0645\u0627\u0646\u0648 <\/strong><b>\u00a0\u062f\u0641\u0639\u0629 \u0641\u0644\u0627\u0634 \u0627\u0644\u0642\u0627\u062a\u0644 \u0627\u0644\u0635\u0627\u0645\u062a <\/b>\u00a0\u0647\u0648\u00a0<strong>\u0623\u0633\u0645\u0627\u0643 \u0627\u0644\u0633\u0628\u0627\u062d\u0629<\/strong>\u00a0\u0645\u062c\u0647\u0632\u0629 \u0628\u062a\u0642\u0646\u064a\u0629 Flash Boost \u0648\u0646\u0638\u0627\u0645 \u0625\u0637\u0644\u0627\u0642 AR-C\u060c \u0648\u0644\u0643\u0646 \u064a\u0645\u0643\u0646\u0643 \u0623\u064a\u0636\u064b\u0627 \u0627\u0644\u0627\u0639\u062a\u0645\u0627\u062f \u0639\u0644\u0649 \u0644\u0645\u0633\u0629 Kyorin \u0627\u0644\u0646\u0647\u0627\u0626\u064a\u0629 \u0627\u0644\u062a\u064a \u0633\u062a\u062c\u0639\u0644 \u0627\u0644\u0623\u0644\u0648\u0627\u0646 \u0627\u0644\u0645\u0642\u062f\u0645\u0629 \u0648\u0627\u0642\u0639\u064a\u0629 \u0644\u0644\u063a\u0627\u064a\u0629. \u0647\u0630\u0647 \u0647\u064a \u0646\u0633\u062e\u0629 \u0627\u0644\u063a\u0631\u0642\u060c \u0623\u064a \u0627\u0644\u063a\u0631\u0642\u060c \u0648\u064a\u0645\u0643\u0646\u0643 \u0628\u0639\u062f \u0630\u0644\u0643 \u0627\u0633\u062a\u062e\u062f\u0627\u0645\u0647\u0627 \u0644\u0644\u0633\u0641\u0631 \u0625\u0644\u0649 \u0623\u0639\u0645\u0627\u0642 \u0645\u062e\u062a\u0644\u0641\u0629 \u062d\u0633\u0628 \u0627\u0644\u0628\u0642\u0639 \u0627\u0644\u062e\u0627\u0635\u0629 \u0628\u0643.<\/p>\n<p>\u0633\u062a\u0635\u062f\u0631 \u062a\u0642\u0646\u064a\u0629 \u062a\u0639\u0632\u064a\u0632 \u0627\u0644\u0641\u0644\u0627\u0634 \u0648\u0645\u0636\u0627\u062a \u0642\u0648\u064a\u0629\u060c \u062d\u062a\u0649 \u0639\u0646\u062f \u062a\u0648\u0642\u0641\u0647\u0627. \u0644\u0646 \u062a\u062a\u0645\u0643\u0646 \u0627\u0644\u062d\u064a\u0648\u0627\u0646\u0627\u062a \u0627\u0644\u0645\u0641\u062a\u0631\u0633\u0629 \u0645\u0646 \u0627\u0644\u0645\u0631\u0648\u0631 \u062f\u0648\u0646 \u0631\u0624\u064a\u062a\u0647\u0627 \u0648\u0633\u064a\u062a\u0645 \u062a\u062d\u0641\u064a\u0632\u0647\u0627 \u0644\u0644\u0647\u062c\u0648\u0645.<\/p>\n<p>\u064a\u0636\u0645\u0646 \u0646\u0638\u0627\u0645 \u062a\u062d\u0648\u064a\u0644 \u0627\u0644\u062c\u0627\u0630\u0628\u064a\u0629 AR-C \u0631\u0645\u064a \u0644\u0645\u0633\u0627\u0641\u0627\u062a \u0637\u0648\u064a\u0644\u0629 \u062d\u062a\u0649 \u0639\u0646\u062f\u0645\u0627 \u062a\u0643\u0648\u0646 \u0641\u064a \u0627\u062a\u062c\u0627\u0647 \u0627\u0644\u0631\u064a\u062d.<\/p>","protected":false},"excerpt":{"rendered":"<p>Le\u00a0Shimano \u00a0Silent Assassin Flash Boost \u00a0est un\u00a0poisson nageur\u00a0\u00e9quip\u00e9 de la technologie\u00a0Flash Boost et du syst\u00e8me de lanc\u00e9e AR-C, mais vous pourrez aussi compter sur la finition Kyorin qui rendra les coloris propos\u00e9s extr\u00eamement r\u00e9alistes. Il s&rsquo;agit de la version Sinking, c&rsquo;est \u00e0 dire coulante, vous pourrez alors l&rsquo;utiliser pour parcourir les diff\u00e9rentes profondeurs en fonction [&hellip;]<\/p>","protected":false},"featured_media":6875,"comment_status":"open","ping_status":"closed","template":"","meta":{"_uf_show_specific_survey":0,"_uf_disable_surveys":false},"product_brand":[],"product_cat":[164],"product_tag":[],"class_list":{"0":"post-6870","1":"product","2":"type-product","3":"status-publish","4":"has-post-thumbnail","6":"product_cat-peche","8":"first","9":"outofstock","10":"shipping-taxable","11":"purchasable","12":"product-type-variable"},"aioseo_notices":[],"_links":{"self":[{"href":"https:\/\/dsmarinealgerie.com\/ar\/wp-json\/wp\/v2\/product\/6870","targetHints":{"allow":["GET"]}}],"collection":[{"href":"https:\/\/dsmarinealgerie.com\/ar\/wp-json\/wp\/v2\/product"}],"about":[{"href":"https:\/\/dsmarinealgerie.com\/ar\/wp-json\/wp\/v2\/types\/product"}],"replies":[{"embeddable":true,"href":"https:\/\/dsmarinealgerie.com\/ar\/wp-json\/wp\/v2\/comments?post=6870"}],"wp:featuredmedia":[{"embeddable":true,"href":"https:\/\/dsmarinealgerie.com\/ar\/wp-json\/wp\/v2\/media\/6875"}],"wp:attachment":[{"href":"https:\/\/dsmarinealgerie.com\/ar\/wp-json\/wp\/v2\/media?parent=6870"}],"wp:term":[{"taxonomy":"product_brand","embeddable":true,"href":"https:\/\/dsmarinealgerie.com\/ar\/wp-json\/wp\/v2\/product_brand?post=6870"},{"taxonomy":"product_cat","embeddable":true,"href":"https:\/\/dsmarinealgerie.com\/ar\/wp-json\/wp\/v2\/product_cat?post=6870"},{"taxonomy":"product_tag","embeddable":true,"href":"https:\/\/dsmarinealgerie.com\/ar\/wp-json\/wp\/v2\/product_tag?post=6870"}],"curies":[{"name":"wp","href":"https:\/\/api.w.org\/{rel}","templated":true}]}}