{"id":6904,"date":"2023-11-22T15:25:28","date_gmt":"2023-11-22T15:25:28","guid":{"rendered":"https:\/\/dsmarinealgerie.com\/?post_type=product&#038;p=6904"},"modified":"2025-11-13T10:27:19","modified_gmt":"2025-11-13T10:27:19","slug":"leurres-crazee-dizzy-minnow-90hs-90mm","status":"publish","type":"product","link":"https:\/\/dsmarinealgerie.com\/ar\/shop\/peche\/leurres-crazee-dizzy-minnow-90hs-90mm\/","title":{"rendered":"\u0637\u064f\u0639\u0645 \u0643\u0631\u064a\u0632\u064a \u062f\u064a\u0632\u064a \u0645\u064a\u0646\u0627\u0648 90HS - 90 \u0645\u0645"},"content":{"rendered":"<p>\u0637\u064f\u0639\u0645 CRAZEE Dizzy Minnow 90HS \u0627\u0644\u0642\u0648\u064a \u0648\u0627\u0644\u0645\u063a\u0645\u0648\u0631 \u0628\u0645\u0633\u0627\u0641\u0629 \u0635\u0628 \u0645\u0630\u0647\u0644\u0629\u060c \u064a\u0637\u064a\u0631 \u0645\u062b\u0644 \u0627\u0644\u0643\u0631\u0629 \u0641\u064a \u0648\u0636\u0639 \u062b\u0627\u0628\u062a \u0639\u0644\u0649 \u0642\u0627\u0644\u0628 \u0643\u0627\u0645\u0644\u060c \u0645\u0645\u0627 \u064a\u0636\u0639 \u0647\u0630\u0627 \u0627\u0644\u0637\u064f\u0639\u0645 \u0641\u064a \u0645\u0646\u0637\u0642\u0629 \u0627\u0644\u0647\u062c\u0648\u0645 \u0644\u0645\u062f\u0627\u0631\u0633 \u0627\u0644\u0623\u0633\u0645\u0627\u0643 \u0627\u0644\u062a\u064a \u0644\u0645 \u064a\u0643\u0646 \u0645\u0646 \u0627\u0644\u0645\u0645\u0643\u0646 \u0627\u0644\u0648\u0635\u0648\u0644 \u0625\u0644\u064a\u0647\u0627 \u0633\u0627\u0628\u0642\u064b\u0627.<\/p>\n<p>\u064a\u062a\u0639\u0627\u0641\u0649 \u0628\u0633\u0631\u0639\u0629 \u062d\u062a\u0649 \u0628\u0639\u062f \u0627\u0644\u0647\u0628\u0648\u0637 \u0645\u0628\u0627\u0634\u0631\u0629 \u0648\u064a\u062f\u0639\u0645 \u0627\u0644\u062a\u0639\u0627\u0641\u064a \u0639\u0627\u0644\u064a \u0627\u0644\u0633\u0631\u0639\u0629. \u062a\u062d\u0627\u0641\u0638 \u0627\u0644\u0645\u0631\u064a\u0644\u0629 \u0627\u0644\u0623\u0645\u0627\u0645\u064a\u0629 \u0639\u0644\u0649 \u0627\u0644\u0637\u0639\u0645 \u0623\u0633\u0641\u0644 \u0627\u0644\u0633\u0637\u062d \u0645\u0628\u0627\u0634\u0631\u0629 \u0648\u062a\u0645\u0646\u0639\u0647 \u0645\u0646 \u0627\u0644\u0642\u0641\u0632 \u0625\u0644\u0649 \u0627\u0644\u0633\u0637\u062d \u0623\u062b\u0646\u0627\u0621 \u0627\u0644\u0627\u0633\u062a\u0631\u062f\u0627\u062f \u0627\u0644\u0633\u0631\u064a\u0639. \u0644\u062c\u0630\u0628 \u0627\u0644\u0645\u0632\u064a\u062f \u0645\u0646 \u0627\u0644\u0623\u0633\u0645\u0627\u0643\u060c \u062a\u0624\u062f\u064a \u0627\u0644\u062a\u063a\u064a\u064a\u0631\u0627\u062a \u0627\u0644\u0639\u0631\u0636\u064a\u0629 \u0641\u064a \u0633\u0631\u0639\u0629 \u0627\u0644\u0627\u0633\u062a\u0631\u062f\u0627\u062f \u0648\u0627\u0644\u062a\u0648\u0642\u0641 \u0627\u0644\u0645\u0641\u0627\u062c\u0626 \u0625\u0644\u0649 \u062e\u0644\u0642 \u0627\u0644\u0645\u0632\u064a\u062f \u0645\u0646 \u0641\u0631\u0635 \u0627\u0644\u0639\u0636.<\/p>\n<p>\u0627\u0644\u0637\u0648\u0644 90 \u0645\u0644\u0645<\/p>\n<p>\u0627\u0644\u0648\u0632\u0646 28 \u062c\u0631\u0627\u0645<\/p>\n<p>\u063a\u0631\u0642 \u0627\u0644\u0628\u0644\u0645\u0629<\/p>","protected":false},"excerpt":{"rendered":"<p>Le leurre CRAZEE Dizzy Minnow 90HS coulant et puissant avec une distance de lancer impressionnante, volant comme une balle dans une posture stable lors d&rsquo;un lancer complet, pla\u00e7ant ce leurre dans la zone d&rsquo;attaque des bancs de poissons autrefois inaccessibles. Il se redresse rapidement m\u00eame imm\u00e9diatement apr\u00e8s l&rsquo;atterrissage et supporte une r\u00e9cup\u00e9ration \u00e0 grande vitesse. [&hellip;]<\/p>","protected":false},"featured_media":6912,"comment_status":"open","ping_status":"closed","template":"","meta":{"_uf_show_specific_survey":0,"_uf_disable_surveys":false},"product_brand":[],"product_cat":[164],"product_tag":[],"class_list":{"0":"post-6904","1":"product","2":"type-product","3":"status-publish","4":"has-post-thumbnail","6":"product_cat-peche","8":"first","9":"instock","10":"shipping-taxable","11":"purchasable","12":"product-type-variable"},"aioseo_notices":[],"_links":{"self":[{"href":"https:\/\/dsmarinealgerie.com\/ar\/wp-json\/wp\/v2\/product\/6904","targetHints":{"allow":["GET"]}}],"collection":[{"href":"https:\/\/dsmarinealgerie.com\/ar\/wp-json\/wp\/v2\/product"}],"about":[{"href":"https:\/\/dsmarinealgerie.com\/ar\/wp-json\/wp\/v2\/types\/product"}],"replies":[{"embeddable":true,"href":"https:\/\/dsmarinealgerie.com\/ar\/wp-json\/wp\/v2\/comments?post=6904"}],"wp:featuredmedia":[{"embeddable":true,"href":"https:\/\/dsmarinealgerie.com\/ar\/wp-json\/wp\/v2\/media\/6912"}],"wp:attachment":[{"href":"https:\/\/dsmarinealgerie.com\/ar\/wp-json\/wp\/v2\/media?parent=6904"}],"wp:term":[{"taxonomy":"product_brand","embeddable":true,"href":"https:\/\/dsmarinealgerie.com\/ar\/wp-json\/wp\/v2\/product_brand?post=6904"},{"taxonomy":"product_cat","embeddable":true,"href":"https:\/\/dsmarinealgerie.com\/ar\/wp-json\/wp\/v2\/product_cat?post=6904"},{"taxonomy":"product_tag","embeddable":true,"href":"https:\/\/dsmarinealgerie.com\/ar\/wp-json\/wp\/v2\/product_tag?post=6904"}],"curies":[{"name":"wp","href":"https:\/\/api.w.org\/{rel}","templated":true}]}}