{"id":6932,"date":"2023-11-23T15:01:17","date_gmt":"2023-11-23T15:01:17","guid":{"rendered":"https:\/\/dsmarinealgerie.com\/?post_type=product&#038;p=6932"},"modified":"2023-11-23T15:01:18","modified_gmt":"2023-11-23T15:01:18","slug":"leurres-taiwalk-sea-finger-minnow-173f","status":"publish","type":"product","link":"https:\/\/dsmarinealgerie.com\/ar\/shop\/peche\/materiel-de-peche\/leurres-taiwalk-sea-finger-minnow-173f\/","title":{"rendered":"\u062a\u0627\u064a\u0648\u0648\u0643 \u0633\u064a \u0641\u0646\u062c\u0631 \u0623\u0633\u0645\u0627\u0643 173F \u0627\u0644\u0633\u062d\u0631"},"content":{"rendered":"<p>\u0637\u0639\u0648\u0645 \u0635\u0646\u0627\u0639\u064a\u0629 \u0644\u0644\u0635\u064a\u062f \u0628\u0623\u0644\u0648\u0627\u0646 \u062e\u0627\u0635\u0629 \u0644\u0644\u0628\u0627\u0631\u0627\u0643\u0648\u062f\u0627\u060c \u0648\u0647\u064a \u0623\u064a\u0636\u064b\u0627 \u0641\u0639\u0627\u0644\u0629 \u062c\u062f\u064b\u0627 \u0641\u064a \u0627\u0644\u0628\u0627\u0633<\/p>\n<p>\u0646\u0648\u0639 \u0627\u0644\u0637\u0639\u0645: \u0639\u0627\u0626\u0645<br \/>\n\u0627\u0644\u062d\u062c\u0645: 173 \u0645\u0644\u0645<br \/>\n\u0627\u0644\u0648\u0632\u0646: 21.6 \u062c\u0631\u0627\u0645<\/p>","protected":false},"excerpt":{"rendered":"<p>Leurres artificiel pour la p\u00eache a la traine aux coloris sp\u00e9ciaux pour le barracuda, tr\u00e8s efficace aussi sur les bars Type de leurre : Floating Taille : 173mm Poids : 21,6 GR<\/p>","protected":false},"featured_media":6938,"comment_status":"open","ping_status":"closed","template":"","meta":{"_uf_show_specific_survey":0,"_uf_disable_surveys":false},"product_brand":[],"product_cat":[164,227],"product_tag":[],"class_list":{"0":"post-6932","1":"product","2":"type-product","3":"status-publish","4":"has-post-thumbnail","6":"product_cat-peche","7":"product_cat-materiel-de-peche","9":"first","10":"instock","11":"shipping-taxable","12":"purchasable","13":"product-type-variable"},"aioseo_notices":[],"_links":{"self":[{"href":"https:\/\/dsmarinealgerie.com\/ar\/wp-json\/wp\/v2\/product\/6932","targetHints":{"allow":["GET"]}}],"collection":[{"href":"https:\/\/dsmarinealgerie.com\/ar\/wp-json\/wp\/v2\/product"}],"about":[{"href":"https:\/\/dsmarinealgerie.com\/ar\/wp-json\/wp\/v2\/types\/product"}],"replies":[{"embeddable":true,"href":"https:\/\/dsmarinealgerie.com\/ar\/wp-json\/wp\/v2\/comments?post=6932"}],"wp:featuredmedia":[{"embeddable":true,"href":"https:\/\/dsmarinealgerie.com\/ar\/wp-json\/wp\/v2\/media\/6938"}],"wp:attachment":[{"href":"https:\/\/dsmarinealgerie.com\/ar\/wp-json\/wp\/v2\/media?parent=6932"}],"wp:term":[{"taxonomy":"product_brand","embeddable":true,"href":"https:\/\/dsmarinealgerie.com\/ar\/wp-json\/wp\/v2\/product_brand?post=6932"},{"taxonomy":"product_cat","embeddable":true,"href":"https:\/\/dsmarinealgerie.com\/ar\/wp-json\/wp\/v2\/product_cat?post=6932"},{"taxonomy":"product_tag","embeddable":true,"href":"https:\/\/dsmarinealgerie.com\/ar\/wp-json\/wp\/v2\/product_tag?post=6932"}],"curies":[{"name":"wp","href":"https:\/\/api.w.org\/{rel}","templated":true}]}}