{"id":6964,"date":"2023-11-24T07:55:30","date_gmt":"2023-11-24T07:55:30","guid":{"rendered":"https:\/\/dsmarinealgerie.com\/?post_type=product&#038;p=6964"},"modified":"2023-11-24T07:55:30","modified_gmt":"2023-11-24T07:55:30","slug":"coupe-batterie-switch","status":"publish","type":"product","link":"https:\/\/dsmarinealgerie.com\/ar\/shop\/accastillage\/electrique\/coupe-batterie-switch\/","title":{"rendered":"\u062a\u0628\u062f\u064a\u0644 \u0642\u0637\u0639 \u0627\u0644\u0628\u0637\u0627\u0631\u064a\u0629"},"content":{"rendered":"<p>\u062a\u0645 \u062a\u0635\u0645\u064a\u0645 \u0642\u0627\u0637\u0639 \u0627\u0644\u062f\u0627\u0626\u0631\u0629 \u0623\u0648 \u0627\u0644\u0630\u064a \u064a\u0633\u0645\u0649 \u0623\u064a\u0636\u064b\u0627 \u0645\u0641\u062a\u0627\u062d \u0627\u0644\u0628\u0637\u0627\u0631\u064a\u0629 \u0627\u0644\u0628\u062d\u0631\u064a\u0629 \u0644\u0644\u0642\u0637\u0639 \u0627\u0644\u0641\u0639\u0627\u0644 \u0648\u0627\u0644\u0633\u0631\u064a\u0639\u060c \u0645\u0646 \u0623\u062c\u0644 \u0639\u0632\u0644 \u0627\u0644\u0628\u0637\u0627\u0631\u064a\u0629 \u0639\u0646 \u0627\u0644\u062d\u0632\u0627\u0645 \u0627\u0644\u0643\u0647\u0631\u0628\u0627\u0626\u064a.<\/p>\n<p>\u0645\u0641\u062a\u0627\u062d \u0627\u0644\u0628\u0637\u0627\u0631\u064a\u0629 \u0627\u0644\u062e\u0627\u0635 \u0628\u0646\u0627 \u0645\u062d\u0645\u064a \u0636\u062f \u0627\u0644\u0645\u0627\u0621 \u0648\u0627\u0644\u063a\u0628\u0627\u0631 (\u0627\u0644\u0641\u0647\u0631\u0633: IP67) \u0633\u064a\u0645\u0646\u0639 \u0623\u064a\u0636\u064b\u0627 \u062e\u0637\u0631 \u062d\u062f\u0648\u062b \u0645\u0627\u0633 \u0643\u0647\u0631\u0628\u0627\u0626\u064a \u0642\u062f \u064a\u062a\u0633\u0628\u0628 \u0641\u064a \u0646\u0634\u0648\u0628 \u062d\u0631\u064a\u0642\u060c \u0639\u0644\u0649 \u0627\u0644\u0642\u0627\u0631\u0628 \u0627\u0644\u062e\u0627\u0635 \u0628\u0643 \u0623\u0648 \u0627\u0644\u0642\u0627\u0631\u0628 \u0627\u0644\u0633\u0631\u064a\u0639 \u0639\u0644\u0649 \u0633\u0628\u064a\u0644 \u0627\u0644\u0645\u062b\u0627\u0644\u060c \u0648\u064a\u0645\u0646\u0639 \u0628\u0637\u0627\u0631\u064a\u062a\u0643 \u0645\u0646 \u0627\u0644\u062a\u0641\u0631\u064a\u063a \u0639\u0646\u062f \u0627\u0644\u062a\u062e\u0632\u064a\u0646 \u0644\u0641\u062a\u0631\u0629 \u0637\u0648\u064a\u0644\u0629\u060c \u0623\u0648 \u0644\u0639\u0632\u0644 \u0627\u0644\u0628\u0637\u0627\u0631\u064a\u0629 \u062a\u0633\u062e\u064a\u0631 \u0643\u0647\u0631\u0628\u0627\u0626\u064a \u0644\u062a\u0623\u0645\u064a\u0646 \u062a\u062f\u062e\u0644\u0643.<\/p>\n<p>\u064a\u0631\u062c\u0649 \u0623\u064a\u0636\u064b\u0627 \u0645\u0644\u0627\u062d\u0638\u0629 \u0623\u0646 \u0627\u0644\u0632\u0631 \u0627\u0644\u0623\u062d\u0645\u0631 \u0627\u0644\u0645\u0648\u062c\u0648\u062f \u0641\u064a \u0627\u0644\u0648\u0636\u0639 OUT \u0642\u0627\u0628\u0644 \u0644\u0644\u0625\u0632\u0627\u0644\u0629\u060c \u0644\u0645\u0646\u0639 \u0627\u0644\u062a\u062f\u062e\u0644 \u063a\u064a\u0631 \u0627\u0644\u0645\u0631\u063a\u0648\u0628 \u0641\u064a\u0647\u060c \u0639\u0644\u0649 \u0633\u0628\u064a\u0644 \u0627\u0644\u0645\u062b\u0627\u0644\u060c \u0648\u0633\u064a\u0639\u0645\u0644 \u0623\u064a\u0636\u064b\u0627 \u0643\u062c\u0647\u0627\u0632 \u0645\u0636\u0627\u062f \u0644\u0644\u0633\u0631\u0642\u0629 \u0639\u0644\u0649 \u0642\u0627\u0631\u0628\u0643.<\/p>","protected":false},"excerpt":{"rendered":"<p>Ce coupe circuit ou aussi appel\u00e9 coupe batterie marine est con\u00e7u pour une coupure efficace et rapide, afin d&rsquo;isoler la batterie de votre faisceau \u00e9l\u00e8ctrique. Notre coupe batterie prot\u00e9g\u00e9 contre eau et poussi\u00e8re (indice : IP67) va aussi permettre, de pr\u00e9venir le risque d&rsquo;un court-circuit pouvant provoquer un incendie, sur votre bateau ou vedette par [&hellip;]<\/p>","protected":false},"featured_media":6965,"comment_status":"open","ping_status":"closed","template":"","meta":{"_uf_show_specific_survey":0,"_uf_disable_surveys":false},"product_brand":[],"product_cat":[167,163],"product_tag":[],"class_list":{"0":"post-6964","1":"product","2":"type-product","3":"status-publish","4":"has-post-thumbnail","6":"product_cat-electrique","7":"product_cat-accastillage","9":"first","10":"instock","11":"shipping-taxable","12":"purchasable","13":"product-type-simple"},"aioseo_notices":[],"_links":{"self":[{"href":"https:\/\/dsmarinealgerie.com\/ar\/wp-json\/wp\/v2\/product\/6964","targetHints":{"allow":["GET"]}}],"collection":[{"href":"https:\/\/dsmarinealgerie.com\/ar\/wp-json\/wp\/v2\/product"}],"about":[{"href":"https:\/\/dsmarinealgerie.com\/ar\/wp-json\/wp\/v2\/types\/product"}],"replies":[{"embeddable":true,"href":"https:\/\/dsmarinealgerie.com\/ar\/wp-json\/wp\/v2\/comments?post=6964"}],"wp:featuredmedia":[{"embeddable":true,"href":"https:\/\/dsmarinealgerie.com\/ar\/wp-json\/wp\/v2\/media\/6965"}],"wp:attachment":[{"href":"https:\/\/dsmarinealgerie.com\/ar\/wp-json\/wp\/v2\/media?parent=6964"}],"wp:term":[{"taxonomy":"product_brand","embeddable":true,"href":"https:\/\/dsmarinealgerie.com\/ar\/wp-json\/wp\/v2\/product_brand?post=6964"},{"taxonomy":"product_cat","embeddable":true,"href":"https:\/\/dsmarinealgerie.com\/ar\/wp-json\/wp\/v2\/product_cat?post=6964"},{"taxonomy":"product_tag","embeddable":true,"href":"https:\/\/dsmarinealgerie.com\/ar\/wp-json\/wp\/v2\/product_tag?post=6964"}],"curies":[{"name":"wp","href":"https:\/\/api.w.org\/{rel}","templated":true}]}}