{"id":6975,"date":"2023-11-24T08:16:52","date_gmt":"2023-11-24T08:16:52","guid":{"rendered":"https:\/\/dsmarinealgerie.com\/?post_type=product&#038;p=6975"},"modified":"2025-09-14T13:36:51","modified_gmt":"2025-09-14T13:36:51","slug":"palmes-de-chasse-sous-marine-c4-minimal","status":"publish","type":"product","link":"https:\/\/dsmarinealgerie.com\/ar\/shop\/chasse-sous-marine\/palmes\/palmes-de-chasse-sous-marine-c4-minimal\/","title":{"rendered":"C4 \u0627\u0644\u062d\u062f \u0627\u0644\u0623\u062f\u0646\u0649 \u0645\u0646 \u0632\u0639\u0627\u0646\u0641 \u0635\u064a\u062f \u0627\u0644\u0623\u0633\u0645\u0627\u0643 \u0628\u0627\u0644\u0631\u0645\u062d"},"content":{"rendered":"<h4>\u064a\u0645\u0643\u0646\u0643 \u0627\u0644\u0635\u064a\u062f \u0628\u0627\u0633\u062a\u062e\u062f\u0627\u0645 \u0632\u0639\u0627\u0646\u0641 C4 100 % \u0627\u0644\u0645\u0635\u0646\u0648\u0639\u0629 \u0645\u0646 \u0627\u0644\u062d\u062f \u0627\u0644\u0623\u062f\u0646\u0649 \u0645\u0646 \u0627\u0644\u0643\u0631\u0628\u0648\u0646 \u0648\u062e\u0641\u064a\u0641\u0629 \u0627\u0644\u0648\u0632\u0646 \u0648\u0633\u0631\u064a\u0639\u0629 \u0627\u0644\u0627\u0633\u062a\u062c\u0627\u0628\u0629 \u0648\u0641\u0639\u0627\u0644\u0629 \u0628\u0623\u0641\u0636\u0644 \u0627\u0644\u0623\u0633\u0639\u0627\u0631<\/h4>\n<p>\u0627\u0644\u062d\u062f \u0627\u0644\u0623\u062f\u0646\u0649 \u0645\u0646 \u0627\u0644\u0632\u0639\u0627\u0646\u0641 \u0645\u0635\u0646\u0648\u0639\u0629 \u0645\u0646 \u0623\u0644\u064a\u0627\u0641 \u0627\u0644\u0643\u0631\u0628\u0648\u0646 100% T300. \u0648\u0647\u064a \u0645\u062a\u0646\u0627\u0633\u0628\u0629 \u0628\u0634\u0643\u0644 \u062c\u064a\u062f\u060c \u0648\u0647\u064a \u0645\u062c\u0647\u0632\u0629 \u0628\u0640 400 \u0628\u0637\u0627\u0646\u0629 \u0628\u0648\u0632\u0646 \u0625\u062c\u0645\u0627\u0644\u064a \u064a\u0628\u0644\u063a 700 \u062c\u0631\u0627\u0645.<\/p>\n<div class=\"subtitle\"><strong>\u0627\u0644\u062e\u0635\u0627\u0626\u0635 \u0627\u0644\u0631\u0626\u064a\u0633\u064a\u0629<\/strong><\/div>\n<div class=\"content\">\n<ul>\n<li>100 % \u0627\u0644\u0643\u0631\u0628\u0648\u0646 T300<\/li>\n<li>DPC \u062c\u0646\u0627\u062d \u0645\u0646\u062d\u0646\u064a \u0645\u0643\u0627\u0641\u0626 \u0645\u0632\u062f\u0648\u062c<\/li>\n<li>\u062e\u0641\u064a\u0641 \u0648\u0633\u0631\u064a\u0639 \u0627\u0644\u0627\u0633\u062a\u062c\u0627\u0628\u0629 \u0648\u0641\u0639\u0627\u0644<\/li>\n<li>\u0642\u064a\u0645\u0629 \u0645\u0645\u062a\u0627\u0632\u0629<\/li>\n<li>\u0635\u0646\u0639 \u0641\u064a \u0627\u064a\u0637\u0627\u0644\u064a\u0627<\/li>\n<\/ul>\n<\/div>","protected":false},"excerpt":{"rendered":"<p>Chassez avec les palmes C4 100 % en carbone MINIMAL, l\u00e9g\u00e8re, nerveuse et efficace au meilleur prix Les palmes MINIMAL sont en 100% fibre de carbone T300. Bien proportionn\u00e9es, elles sont \u00e9quip\u00e9es de chaussons 400 pour un poids total de 700g. Principales caract\u00e9ristiques 100 % Carbone T300 Voilure \u00e0 double courbure parabolique D.P.C L\u00e9g\u00e8re, nerveuse, [&hellip;]<\/p>","protected":false},"featured_media":6980,"comment_status":"open","ping_status":"closed","template":"","meta":{"_uf_show_specific_survey":0,"_uf_disable_surveys":false},"product_brand":[],"product_cat":[173,165],"product_tag":[],"class_list":{"0":"post-6975","1":"product","2":"type-product","3":"status-publish","4":"has-post-thumbnail","6":"product_cat-palmes","7":"product_cat-chasse-sous-marine","9":"first","10":"outofstock","11":"shipping-taxable","12":"purchasable","13":"product-type-variable"},"aioseo_notices":[],"_links":{"self":[{"href":"https:\/\/dsmarinealgerie.com\/ar\/wp-json\/wp\/v2\/product\/6975","targetHints":{"allow":["GET"]}}],"collection":[{"href":"https:\/\/dsmarinealgerie.com\/ar\/wp-json\/wp\/v2\/product"}],"about":[{"href":"https:\/\/dsmarinealgerie.com\/ar\/wp-json\/wp\/v2\/types\/product"}],"replies":[{"embeddable":true,"href":"https:\/\/dsmarinealgerie.com\/ar\/wp-json\/wp\/v2\/comments?post=6975"}],"wp:featuredmedia":[{"embeddable":true,"href":"https:\/\/dsmarinealgerie.com\/ar\/wp-json\/wp\/v2\/media\/6980"}],"wp:attachment":[{"href":"https:\/\/dsmarinealgerie.com\/ar\/wp-json\/wp\/v2\/media?parent=6975"}],"wp:term":[{"taxonomy":"product_brand","embeddable":true,"href":"https:\/\/dsmarinealgerie.com\/ar\/wp-json\/wp\/v2\/product_brand?post=6975"},{"taxonomy":"product_cat","embeddable":true,"href":"https:\/\/dsmarinealgerie.com\/ar\/wp-json\/wp\/v2\/product_cat?post=6975"},{"taxonomy":"product_tag","embeddable":true,"href":"https:\/\/dsmarinealgerie.com\/ar\/wp-json\/wp\/v2\/product_tag?post=6975"}],"curies":[{"name":"wp","href":"https:\/\/api.w.org\/{rel}","templated":true}]}}