{"id":6988,"date":"2023-11-25T19:11:29","date_gmt":"2023-11-25T19:11:29","guid":{"rendered":"https:\/\/dsmarinealgerie.com\/?post_type=product&#038;p=6988"},"modified":"2023-11-25T19:11:30","modified_gmt":"2023-11-25T19:11:30","slug":"lampe-torche-salvimar-lecoled-black","status":"publish","type":"product","link":"https:\/\/dsmarinealgerie.com\/ar\/shop\/chasse-sous-marine\/torches\/lampe-torche-salvimar-lecoled-black\/","title":{"rendered":"\u0633\u0627\u0644\u0641\u064a\u0645\u0627\u0631 \u0644\u064a\u0643\u0648\u0644\u064a\u062f \u0645\u0635\u0628\u0627\u062d \u064a\u062f\u0648\u064a \u0623\u0633\u0648\u062f"},"content":{"rendered":"<p>\u0645\u0635\u0628\u0627\u062d \u064a\u062f\u0648\u064a SALVIMAR Lecoled \u0644\u0644\u063a\u0648\u0635<\/p>\n<ul>\n<li>\u0634\u0639\u0644\u0629 \u0642\u0648\u064a\u0629 \u0648\u0645\u062f\u0645\u062c\u0629 \u062a\u062d\u062a \u0627\u0644\u0645\u0627\u0621.<\/li>\n<li>\u00a0\u0645\u062b\u0627\u0644\u064a\u0629 \u0644\u0635\u064a\u062f \u0627\u0644\u0623\u0633\u0645\u0627\u0643 \u0628\u0627\u0644\u0631\u0645\u062d.<\/li>\n<li>\u062c\u0633\u0645 \u0645\u0646 \u0627\u0644\u0628\u0648\u0644\u064a \u0643\u0631\u0628\u0648\u0646\u0627\u062a.<\/li>\n<li>\u062d\u0644\u0642\u0629 \u062a\u0628\u062f\u064a\u062f \u0627\u0644\u0623\u0644\u0648\u0645\u0646\u064a\u0648\u0645.<\/li>\n<li>\u0627\u0644\u0642\u0637\u0639 \u0627\u0644\u0645\u0643\u0627\u0641\u0626 \u0641\u064a \u0645\u0627\u062f\u0629 \u0627\u0635\u0637\u0646\u0627\u0639\u064a\u0629 \u0645\u0636\u0627\u062f\u0629 \u0644\u0644\u0623\u0643\u0633\u062f\u0629.<\/li>\n<li>\u0625\u0646 \u0645\u0635\u0628\u0627\u062d CREE LED Q5 \u0628\u0642\u062f\u0631\u0629 3 \u0648\u0627\u0637 \u0648\u0627\u062d\u062f \u0642\u0627\u062f\u0631 \u0639\u0644\u0649 \u0625\u0646\u062a\u0627\u062c 340 \u0644\u0648\u0645\u0646 (\u062d\u0648\u0627\u0644\u064a 7000 \u0644\u0648\u0643\u0633 \u0639\u0646\u062f 1 \u0645\u062a\u0631).<\/li>\n<li>\u0634\u0639\u0627\u0639 \u0636\u0648\u0621 \u0645\u0631\u0643\u0632 (\u062d\u062c\u0645 LED XR-E) \u0639\u0646\u062f \u062f\u0631\u062c\u0629 \u062d\u0631\u0627\u0631\u0629 \u0644\u0648\u0646 \u062a\u0628\u0644\u063a 6000 \u0643\u0644\u0641\u0646.<\/li>\n<li>\u0645\u062f\u0639\u0648\u0645 \u0645\u0646 4 \u0628\u0637\u0627\u0631\u064a\u0627\u062a AA 1.5 \u0641\u0648\u0644\u062a \u0623\u0648 \u0628\u0637\u0627\u0631\u064a\u0627\u062a AA \u0642\u0627\u0628\u0644\u0629 \u0644\u0625\u0639\u0627\u062f\u0629 \u0627\u0644\u0634\u062d\u0646 (2700 \u0645\u0644\u0644\u064a \u0623\u0645\u0628\u064a\u0631).<\/li>\n<li>\u0627\u0644\u062d\u0643\u0645 \u0627\u0644\u0630\u0627\u062a\u064a 5 \u0633\u0627\u0639\u0627\u062a \u0623\u0648 17 \u0633\u0627\u0639\u0629 \u0645\u0639 \u0627\u0644\u0625\u0634\u0639\u0627\u0644 \u0627\u0644\u0645\u062a\u0642\u0637\u0639 * (60 \u062b\u0627\u0646\u064a\u0629 \u062a\u0634\u063a\u064a\u0644\u060c 180 \u062b\u0627\u0646\u064a\u0629 \u0625\u064a\u0642\u0627\u0641).<\/li>\n<li>\u0645\u0642\u0627\u0648\u0645\u0629 \u0644\u0644\u0645\u0627\u0621 \u062d\u062a\u0649 \u0639\u0645\u0642 50 \u0645\u062a\u0631\u064b\u0627.<\/li>\n<li>\u0627\u0644\u062a\u0628\u062f\u064a\u0644 \u0627\u0644\u0645\u063a\u0646\u0627\u0637\u064a\u0633\u064a.<\/li>\n<\/ul>","protected":false},"excerpt":{"rendered":"<p>Lampe Torche SALVIMAR Lecoled pour plong\u00e9e sous marine Torche subaquatique puissante et compacte. \u00a0Id\u00e9ale pour la chasse sous-marine. Corps en polycarbonate. Bague de dissipation en aluminium. Parabole en mat\u00e9riel synth\u00e9tique anti oxydant. Un seul CREE led Q5 de 3W, est capable de produire 340 lumen (ap proximativement 7000 lux \u00e0 1m). Faisceau lumineux concentr\u00e9 (XR-E [&hellip;]<\/p>","protected":false},"featured_media":6989,"comment_status":"open","ping_status":"closed","template":"","meta":{"_uf_show_specific_survey":0,"_uf_disable_surveys":false},"product_brand":[],"product_cat":[165,177],"product_tag":[],"class_list":{"0":"post-6988","1":"product","2":"type-product","3":"status-publish","4":"has-post-thumbnail","6":"product_cat-chasse-sous-marine","7":"product_cat-torches","9":"first","10":"instock","11":"shipping-taxable","12":"purchasable","13":"product-type-simple"},"aioseo_notices":[],"_links":{"self":[{"href":"https:\/\/dsmarinealgerie.com\/ar\/wp-json\/wp\/v2\/product\/6988","targetHints":{"allow":["GET"]}}],"collection":[{"href":"https:\/\/dsmarinealgerie.com\/ar\/wp-json\/wp\/v2\/product"}],"about":[{"href":"https:\/\/dsmarinealgerie.com\/ar\/wp-json\/wp\/v2\/types\/product"}],"replies":[{"embeddable":true,"href":"https:\/\/dsmarinealgerie.com\/ar\/wp-json\/wp\/v2\/comments?post=6988"}],"wp:featuredmedia":[{"embeddable":true,"href":"https:\/\/dsmarinealgerie.com\/ar\/wp-json\/wp\/v2\/media\/6989"}],"wp:attachment":[{"href":"https:\/\/dsmarinealgerie.com\/ar\/wp-json\/wp\/v2\/media?parent=6988"}],"wp:term":[{"taxonomy":"product_brand","embeddable":true,"href":"https:\/\/dsmarinealgerie.com\/ar\/wp-json\/wp\/v2\/product_brand?post=6988"},{"taxonomy":"product_cat","embeddable":true,"href":"https:\/\/dsmarinealgerie.com\/ar\/wp-json\/wp\/v2\/product_cat?post=6988"},{"taxonomy":"product_tag","embeddable":true,"href":"https:\/\/dsmarinealgerie.com\/ar\/wp-json\/wp\/v2\/product_tag?post=6988"}],"curies":[{"name":"wp","href":"https:\/\/api.w.org\/{rel}","templated":true}]}}