{"id":6990,"date":"2023-11-25T19:29:37","date_gmt":"2023-11-25T19:29:37","guid":{"rendered":"https:\/\/dsmarinealgerie.com\/?post_type=product&#038;p=6990"},"modified":"2023-11-25T19:29:38","modified_gmt":"2023-11-25T19:29:38","slug":"lampe-torche-fitech-f8","status":"publish","type":"product","link":"https:\/\/dsmarinealgerie.com\/ar\/shop\/chasse-sous-marine\/torches\/lampe-torche-fitech-f8\/","title":{"rendered":"\u0641\u064a\u062a\u0643 F8 \u0645\u0635\u0628\u0627\u062d \u064a\u062f\u0648\u064a"},"content":{"rendered":"<h4 class=\"text-h5 text-capitalize\"><strong>FITECH F8 \u0645\u0635\u0628\u0627\u062d \u064a\u062f\u0648\u064a \u0627\u062d\u062a\u0631\u0627\u0641\u064a \u0644\u0644\u063a\u0648\u0635 \u062a\u062d\u062a \u0627\u0644\u0645\u0627\u0621<\/strong><\/h4>\n<ul>\n<li>\u0645\u0642\u0627\u0648\u0645\u0629 \u0644\u0644\u0635\u062f\u0645\u0627\u062a<\/li>\n<li>\u0642\u0627\u0628\u0644\u0629 \u0644\u0644\u0634\u062d\u0646<\/li>\n<li>\u0645\u0635\u0627\u0628\u064a\u062d \u0644\u062f<\/li>\n<li>\u0627\u0644\u0637\u0627\u0642\u0629: 1000 \u0644\u0648\u0645\u0646<\/li>\n<li>\u0645\u0627\u062f\u0629 \u0627\u0644\u062c\u0633\u0645: \u0627\u0644\u0623\u0644\u0648\u0645\u0646\u064a\u0648\u0645<\/li>\n<li>\u0646\u0645\u0648\u0630\u062c \u0627\u0644\u062e\u0631\u0632 LED: T6<\/li>\n<li>\u0645\u0633\u0627\u0641\u0629 \u0627\u0644\u0625\u0636\u0627\u0621\u0629: 100 \u2013 200 \u0645<\/li>\n<\/ul>","protected":false},"excerpt":{"rendered":"<p>Lampe Torche De Plong\u00e9e Sous Marine Professionnelle FITECH F8 R\u00e9sistant aux chocs Rechargeable Ampoules LED Puissance :1000 Lumens Mat\u00e9riel du corps :Aluminium Mod\u00e8le des perles LED :T6 Distance d\u2019\u00e9clairage :100 &#8211; 200 M<\/p>","protected":false},"featured_media":6991,"comment_status":"open","ping_status":"closed","template":"","meta":{"_uf_show_specific_survey":0,"_uf_disable_surveys":false},"product_brand":[],"product_cat":[165,177],"product_tag":[],"class_list":{"0":"post-6990","1":"product","2":"type-product","3":"status-publish","4":"has-post-thumbnail","6":"product_cat-chasse-sous-marine","7":"product_cat-torches","9":"first","10":"instock","11":"shipping-taxable","12":"purchasable","13":"product-type-simple"},"aioseo_notices":[],"_links":{"self":[{"href":"https:\/\/dsmarinealgerie.com\/ar\/wp-json\/wp\/v2\/product\/6990","targetHints":{"allow":["GET"]}}],"collection":[{"href":"https:\/\/dsmarinealgerie.com\/ar\/wp-json\/wp\/v2\/product"}],"about":[{"href":"https:\/\/dsmarinealgerie.com\/ar\/wp-json\/wp\/v2\/types\/product"}],"replies":[{"embeddable":true,"href":"https:\/\/dsmarinealgerie.com\/ar\/wp-json\/wp\/v2\/comments?post=6990"}],"wp:featuredmedia":[{"embeddable":true,"href":"https:\/\/dsmarinealgerie.com\/ar\/wp-json\/wp\/v2\/media\/6991"}],"wp:attachment":[{"href":"https:\/\/dsmarinealgerie.com\/ar\/wp-json\/wp\/v2\/media?parent=6990"}],"wp:term":[{"taxonomy":"product_brand","embeddable":true,"href":"https:\/\/dsmarinealgerie.com\/ar\/wp-json\/wp\/v2\/product_brand?post=6990"},{"taxonomy":"product_cat","embeddable":true,"href":"https:\/\/dsmarinealgerie.com\/ar\/wp-json\/wp\/v2\/product_cat?post=6990"},{"taxonomy":"product_tag","embeddable":true,"href":"https:\/\/dsmarinealgerie.com\/ar\/wp-json\/wp\/v2\/product_tag?post=6990"}],"curies":[{"name":"wp","href":"https:\/\/api.w.org\/{rel}","templated":true}]}}