{"id":6992,"date":"2023-11-25T19:31:56","date_gmt":"2023-11-25T19:31:56","guid":{"rendered":"https:\/\/dsmarinealgerie.com\/?post_type=product&#038;p=6992"},"modified":"2023-11-25T19:35:42","modified_gmt":"2023-11-25T19:35:42","slug":"lampe-torche-salvimar-spotlight","status":"publish","type":"product","link":"https:\/\/dsmarinealgerie.com\/ar\/shop\/chasse-sous-marine\/torches\/lampe-torche-salvimar-spotlight\/","title":{"rendered":"\u0633\u0627\u0644\u0641\u064a\u0645\u0627\u0631 \u0623\u0636\u0648\u0627\u0621 \u0643\u0627\u0634\u0641\u0629 \u0645\u0635\u0628\u0627\u062d \u064a\u062f\u0648\u064a"},"content":{"rendered":"<p>SALVIMAR \u0643\u0634\u0627\u0641 \u0636\u0648\u0626\u064a \u0644\u0644\u063a\u0648\u0635<\/p>\n<p>\u062a\u062d\u062f\u064a\u062f:<\/p>\n<ul>\n<li>\u0639\u0645\u0631 \u0627\u0644\u0628\u0637\u0627\u0631\u064a\u0629: 120 \u062f\u0642\u064a\u0642\u0629<\/li>\n<li>\u0627\u0644\u0637\u0628\u0642: \u0623\u0644\u0648\u0645\u0646\u064a\u0648\u0645 \u0630\u0648 \u0633\u0637\u062d \u0623\u0645\u0644\u0633<\/li>\n<li>\u0627\u0644\u0639\u062f\u0633\u0629: \u0632\u062c\u0627\u062c \u0645\u0642\u0633\u0649 4 \u0645\u0645<\/li>\n<li>\u0633\u0639\u0629 \u0634\u0639\u0627\u0639 \u0627\u0644\u0636\u0648\u0621: 8 \u062f\u0631\u062c\u0627\u062a \u0646\u0642\u0637\u0629 \u0633\u0627\u062e\u0646\u0629<\/li>\n<li>\u0627\u0644\u0645\u0639\u0627\u0644\u062c\u0629 \u0627\u0644\u0633\u0637\u062d\u064a\u0629: \u0623\u0644\u0648\u0645\u0646\u064a\u0648\u0645 \u0645\u0624\u0643\u0633\u062f<\/li>\n<li>\u0627\u0644\u0628\u0637\u0627\u0631\u064a\u0627\u062a: AAAx3 \u2013 \u0646\u0637\u0627\u0642 \u0627\u0644\u062c\u0647\u062f \u0645\u0646 4.5 \u0641\u0648\u0644\u062a \u0625\u0644\u0649 2.7 \u0641\u0648\u0644\u062a<\/li>\n<li>\u0645\u0642\u0627\u0648\u0645 \u0644\u0644\u0645\u0627\u0621: -100 \u0645<\/li>\n<li>\u0627\u0644\u0623\u0628\u0639\u0627\u062f: 130 \u0645\u0644\u0645 \u0637\u0648\u0644 * 40 \u0645\u0644\u0645 (\u0642\u0637\u0631 \u0627\u0644\u0631\u0623\u0633) 30 \u0645\u0644\u0645 (\u0642\u0637\u0631 \u0627\u0644\u062c\u0633\u0645)<\/li>\n<li>\u0648\u0632\u0646 \u0635\u0627\u0641\u064a\u061b 200 \u062c\u0631\u0627\u0645 (\u0628\u062f\u0648\u0646 \u0628\u0637\u0627\u0631\u064a\u0627\u062a)<\/li>\n<li>\u0627\u0644\u0648\u0632\u0646 \u0627\u0644\u0625\u062c\u0645\u0627\u0644\u064a: \u062d\u0648\u0627\u0644\u064a 234 \u062c\u0645 (\u0645\u0639 \u0627\u0644\u0628\u0637\u0627\u0631\u064a\u0627\u062a)<\/li>\n<li>\u0627\u0644\u0648\u0632\u0646 \u0627\u0644\u0645\u063a\u0645\u0648\u0631: \u062d\u0648\u0627\u0644\u064a 130 \u062c\u0631\u0627\u0645 (\u0645\u0639 \u0627\u0644\u0628\u0637\u0627\u0631\u064a\u0627\u062a)<\/li>\n<\/ul>","protected":false},"excerpt":{"rendered":"<p>Lampe Torche SALVIMAR Spotlight pour plong\u00e9e sous marine Sp\u00e9cifications: Autonomie: 120 min Parabole: aluminium avec superficie lisse Lentille: 4 mm en verre tremp\u00e9 Amplitude du faisceau de lumi\u00e8re :8\u00b0 hot spot Traitement de superficie : Aluminium anodizz\u00e9 Batteries: AAAx3 &#8211; Amplitude de Voltage de 4.5 V \u00e0 2.7 V Waterproof: -100 m Dimensions: 130 mm [&hellip;]<\/p>","protected":false},"featured_media":6993,"comment_status":"open","ping_status":"closed","template":"","meta":{"_uf_show_specific_survey":0,"_uf_disable_surveys":false},"product_brand":[],"product_cat":[165,177],"product_tag":[],"class_list":{"0":"post-6992","1":"product","2":"type-product","3":"status-publish","4":"has-post-thumbnail","6":"product_cat-chasse-sous-marine","7":"product_cat-torches","9":"first","10":"instock","11":"shipping-taxable","12":"purchasable","13":"product-type-simple"},"aioseo_notices":[],"_links":{"self":[{"href":"https:\/\/dsmarinealgerie.com\/ar\/wp-json\/wp\/v2\/product\/6992","targetHints":{"allow":["GET"]}}],"collection":[{"href":"https:\/\/dsmarinealgerie.com\/ar\/wp-json\/wp\/v2\/product"}],"about":[{"href":"https:\/\/dsmarinealgerie.com\/ar\/wp-json\/wp\/v2\/types\/product"}],"replies":[{"embeddable":true,"href":"https:\/\/dsmarinealgerie.com\/ar\/wp-json\/wp\/v2\/comments?post=6992"}],"wp:featuredmedia":[{"embeddable":true,"href":"https:\/\/dsmarinealgerie.com\/ar\/wp-json\/wp\/v2\/media\/6993"}],"wp:attachment":[{"href":"https:\/\/dsmarinealgerie.com\/ar\/wp-json\/wp\/v2\/media?parent=6992"}],"wp:term":[{"taxonomy":"product_brand","embeddable":true,"href":"https:\/\/dsmarinealgerie.com\/ar\/wp-json\/wp\/v2\/product_brand?post=6992"},{"taxonomy":"product_cat","embeddable":true,"href":"https:\/\/dsmarinealgerie.com\/ar\/wp-json\/wp\/v2\/product_cat?post=6992"},{"taxonomy":"product_tag","embeddable":true,"href":"https:\/\/dsmarinealgerie.com\/ar\/wp-json\/wp\/v2\/product_tag?post=6992"}],"curies":[{"name":"wp","href":"https:\/\/api.w.org\/{rel}","templated":true}]}}