{"id":7001,"date":"2023-11-25T20:00:25","date_gmt":"2023-11-25T20:00:25","guid":{"rendered":"https:\/\/dsmarinealgerie.com\/?post_type=product&#038;p=7001"},"modified":"2023-11-25T20:05:26","modified_gmt":"2023-11-25T20:05:26","slug":"dague-salvimar-st-blade","status":"publish","type":"product","link":"https:\/\/dsmarinealgerie.com\/ar\/shop\/chasse-sous-marine\/accessoires-chasse-sous-marine\/dague-salvimar-st-blade\/","title":{"rendered":"\u0633\u0627\u0644\u0641\u064a\u0645\u0627\u0631 ST-Blade \u062e\u0646\u062c\u0631"},"content":{"rendered":"<p>\u0633\u0643\u064a\u0646 \u0635\u064a\u062f \u0627\u0644\u0631\u0645\u062d \u0639\u0645\u0644\u064a \u0648\u0645\u062f\u0645\u062c\u060c \u0634\u0641\u0631\u0629 \u0630\u0627\u062a \u062d\u062f\u064a\u0646: \u0646\u0627\u0639\u0645\u0629 \u0648\u0645\u0633\u0646\u0646\u0629 (\u0623\u0633\u0646\u0627\u0646 \u0627\u0644\u0642\u0631\u0634).<\/p>\n<p>\u0645\u0635\u0645\u0645 \u0644\u064a\u062a\u0645 \u062a\u062b\u0628\u064a\u062a\u0647 \u0639\u0644\u0649 \u0627\u0644\u062d\u0632\u0627\u0645 \u0623\u0648 \u0627\u0644\u0630\u0631\u0627\u0639\u060c \u062f\u0648\u0646 \u062a\u0631\u0643 \u0635\u0648\u0631\u0629 \u0638\u0644\u064a\u0629 \u0644\u0644\u0645\u0630\u0646\u0628. \u0625\u0646\u0647\u0627 \u0645\u0635\u0646\u0648\u0639\u0629 \u0645\u0646 \u0623\u0641\u0636\u0644 \u0623\u0646\u0648\u0627\u0639 \u0627\u0644\u0641\u0648\u0644\u0627\u0630\u060c \u0648\u0647\u064a \u0623\u062f\u0627\u0629 \u062d\u0642\u064a\u0642\u064a\u0629 \u0645\u062e\u0635\u0635\u0629 \u0644\u0644\u0635\u064a\u0627\u062f \u062a\u062d\u062a \u0627\u0644\u0645\u0627\u0621: \u0634\u0642 \u0644\u062a\u0642\u0648\u064a\u0645 \u0631\u0624\u0648\u0633 \u0627\u0644\u0623\u0633\u0647\u0645 \u0648\u0641\u0643\u0647\u0627\u060c \u0648\u064a\u0645\u0643\u0646 \u0623\u064a\u0636\u064b\u0627 \u0627\u0633\u062a\u062e\u062f\u0627\u0645 \u0627\u0644\u0633\u0644\u0643 \u0627\u0644\u0645\u0633\u0646\u0646 \u0643\u0642\u0634\u0627\u0631\u0629\u061b \u0645\u0639 \u0627\u0644\u0645\u0634\u0628\u0643 \u0627\u0644\u062e\u0627\u0635 \u0633\u064a\u0628\u0642\u0649 \u0639\u0627\u0644\u0642\u064b\u0627 \u0641\u064a \u064a\u062f\u0643.<\/p>\n<p>\u0634\u0641\u0631\u0629 \u0645\u0646 \u0627\u0644\u0641\u0648\u0644\u0627\u0630 \u0627\u0644\u0645\u0642\u0627\u0648\u0645 \u0644\u0644\u0635\u062f\u0623 \u0642\u0627\u0628\u0644\u0629 \u0644\u0644\u0625\u0632\u0627\u0644\u0629 \u0628\u0627\u0644\u0643\u0627\u0645\u0644 \u0645\u0642\u0627\u0633 9.5 \u0633\u0645<\/p>","protected":false},"excerpt":{"rendered":"<p>Maniable et compact couteau de p\u00eache sous marine, lame \u00e0 double fil : lisse et dentel\u00e9 (Shark Tooth). Etudi\u00e9 pour \u00eatre fix\u00e9 sur la ceinture ou le bras, sans sortir de la silhouette du p\u00e9cheur. R\u00e9alis\u00e9 avec les meilleurs aciers, c\u2019est un r\u00e9el instrument d\u00e9di\u00e9 au chasseur sous marin : encoche pour redresser les pointes [&hellip;]<\/p>","protected":false},"featured_media":7002,"comment_status":"open","ping_status":"closed","template":"","meta":{"_uf_show_specific_survey":0,"_uf_disable_surveys":false},"product_brand":[],"product_cat":[165,527],"product_tag":[],"class_list":{"0":"post-7001","1":"product","2":"type-product","3":"status-publish","4":"has-post-thumbnail","6":"product_cat-chasse-sous-marine","7":"product_cat-accessoires-chasse-sous-marine","9":"first","10":"instock","11":"shipping-taxable","12":"purchasable","13":"product-type-simple"},"aioseo_notices":[],"_links":{"self":[{"href":"https:\/\/dsmarinealgerie.com\/ar\/wp-json\/wp\/v2\/product\/7001","targetHints":{"allow":["GET"]}}],"collection":[{"href":"https:\/\/dsmarinealgerie.com\/ar\/wp-json\/wp\/v2\/product"}],"about":[{"href":"https:\/\/dsmarinealgerie.com\/ar\/wp-json\/wp\/v2\/types\/product"}],"replies":[{"embeddable":true,"href":"https:\/\/dsmarinealgerie.com\/ar\/wp-json\/wp\/v2\/comments?post=7001"}],"wp:featuredmedia":[{"embeddable":true,"href":"https:\/\/dsmarinealgerie.com\/ar\/wp-json\/wp\/v2\/media\/7002"}],"wp:attachment":[{"href":"https:\/\/dsmarinealgerie.com\/ar\/wp-json\/wp\/v2\/media?parent=7001"}],"wp:term":[{"taxonomy":"product_brand","embeddable":true,"href":"https:\/\/dsmarinealgerie.com\/ar\/wp-json\/wp\/v2\/product_brand?post=7001"},{"taxonomy":"product_cat","embeddable":true,"href":"https:\/\/dsmarinealgerie.com\/ar\/wp-json\/wp\/v2\/product_cat?post=7001"},{"taxonomy":"product_tag","embeddable":true,"href":"https:\/\/dsmarinealgerie.com\/ar\/wp-json\/wp\/v2\/product_tag?post=7001"}],"curies":[{"name":"wp","href":"https:\/\/api.w.org\/{rel}","templated":true}]}}