{"id":7020,"date":"2023-11-26T10:03:18","date_gmt":"2023-11-26T10:03:18","guid":{"rendered":"https:\/\/dsmarinealgerie.com\/?post_type=product&#038;p=7020"},"modified":"2024-12-23T08:27:20","modified_gmt":"2024-12-23T08:27:20","slug":"jig-bullzen-anunaki-80gr","status":"publish","type":"product","link":"https:\/\/dsmarinealgerie.com\/ar\/shop\/peche\/materiel-de-peche\/jig-bullzen-anunaki-80gr\/","title":{"rendered":"\u062c\u064a\u062c \u0628\u0648\u0644\u0632\u0646 \u0623\u0646\u0648\u0646\u0627\u0643\u064a 80 \u062c\u0631\u0627\u0645"},"content":{"rendered":"<div class=\"content\" tabindex=\"0\">\n<div class=\"ac-container ac-adaptiveCard\">\n<div class=\"ac-textBlock\">\n<p>\u0627\u0643\u062a\u0634\u0641 \u0627\u0644\u0637\u0639\u0645 \u0627\u0644\u0627\u0635\u0637\u0646\u0627\u0639\u064a Jig Anunaki \u0645\u0646 \u0645\u0627\u0631\u0643\u0629 Bullzen! \u0635\u064f\u0645\u0645\u062a \u0647\u0630\u0647 \u0627\u0644\u0631\u0642\u0635\u0629 \u062e\u0635\u064a\u0635\u064b\u0627 \u0644\u0644\u0635\u064a\u0627\u062f\u064a\u0646 \u0627\u0644\u0645\u062a\u0637\u0644\u0628\u064a\u0646\u060c \u0648\u062a\u0648\u0641\u0631 \u0623\u062f\u0627\u0621\u064b \u0644\u0627 \u0645\u062b\u064a\u0644 \u0644\u0647. \u062a\u0635\u0645\u064a\u0645\u0647\u0627 \u0627\u0644\u0648\u0627\u0642\u0639\u064a \u0648\u0627\u0644\u0633\u0628\u0627\u062d\u0629 \u0627\u0644\u062a\u064a \u0644\u0627 \u062a\u0642\u0627\u0648\u0645 \u062a\u062c\u0630\u0628 \u0627\u0644\u0623\u0633\u0645\u0627\u0643 \u0628\u0634\u0643\u0644 \u0644\u0627 \u0645\u062b\u064a\u0644 \u0644\u0647. \u062b\u0642 \u0641\u064a Bullzen \u0644\u062c\u0644\u0633\u0627\u062a \u0627\u0644\u0635\u064a\u062f \u0627\u0644\u062e\u0627\u0635\u0629 \u0628\u0643 \u0648\u0643\u0646 \u0645\u0633\u062a\u0639\u062f\u064b\u0627 \u0644\u062a\u062c\u0631\u0628\u0629 \u0644\u062d\u0638\u0627\u062a \u0644\u0627 \u062a\u064f\u0646\u0633\u0649. \u062c\u0631\u0628 Anunaki Jig\u060c \u0641\u0644\u0646 \u064a\u062e\u064a\u0628 \u0638\u0646\u0643!<\/p>\n<\/div>\n<\/div>\n<\/div>","protected":false},"excerpt":{"rendered":"<p>D\u00e9couvrez le leurre artificiel Jig Anunaki de la marque Bullzen ! Con\u00e7u pour les p\u00eacheurs exigeants, cette Jig offre une performance in\u00e9gal\u00e9e. Sa conception r\u00e9aliste et sa nage irr\u00e9sistible attirent les poissons comme aucun autre. Faites confiance \u00e0 Bullzen pour vos sessions de p\u00eache et soyez pr\u00eat \u00e0 vivre des moments inoubliables. Essayez le Jig [&hellip;]<\/p>","protected":false},"featured_media":7014,"comment_status":"open","ping_status":"closed","template":"","meta":{"_uf_show_specific_survey":0,"_uf_disable_surveys":false},"product_brand":[],"product_cat":[164,227],"product_tag":[],"class_list":{"0":"post-7020","1":"product","2":"type-product","3":"status-publish","4":"has-post-thumbnail","6":"product_cat-peche","7":"product_cat-materiel-de-peche","9":"first","10":"outofstock","11":"shipping-taxable","12":"purchasable","13":"product-type-variable"},"aioseo_notices":[],"_links":{"self":[{"href":"https:\/\/dsmarinealgerie.com\/ar\/wp-json\/wp\/v2\/product\/7020","targetHints":{"allow":["GET"]}}],"collection":[{"href":"https:\/\/dsmarinealgerie.com\/ar\/wp-json\/wp\/v2\/product"}],"about":[{"href":"https:\/\/dsmarinealgerie.com\/ar\/wp-json\/wp\/v2\/types\/product"}],"replies":[{"embeddable":true,"href":"https:\/\/dsmarinealgerie.com\/ar\/wp-json\/wp\/v2\/comments?post=7020"}],"wp:featuredmedia":[{"embeddable":true,"href":"https:\/\/dsmarinealgerie.com\/ar\/wp-json\/wp\/v2\/media\/7014"}],"wp:attachment":[{"href":"https:\/\/dsmarinealgerie.com\/ar\/wp-json\/wp\/v2\/media?parent=7020"}],"wp:term":[{"taxonomy":"product_brand","embeddable":true,"href":"https:\/\/dsmarinealgerie.com\/ar\/wp-json\/wp\/v2\/product_brand?post=7020"},{"taxonomy":"product_cat","embeddable":true,"href":"https:\/\/dsmarinealgerie.com\/ar\/wp-json\/wp\/v2\/product_cat?post=7020"},{"taxonomy":"product_tag","embeddable":true,"href":"https:\/\/dsmarinealgerie.com\/ar\/wp-json\/wp\/v2\/product_tag?post=7020"}],"curies":[{"name":"wp","href":"https:\/\/api.w.org\/{rel}","templated":true}]}}