{"id":7099,"date":"2023-11-26T13:43:59","date_gmt":"2023-11-26T13:43:59","guid":{"rendered":"https:\/\/dsmarinealgerie.com\/?post_type=product&#038;p=7099"},"modified":"2023-11-26T13:43:59","modified_gmt":"2023-11-26T13:43:59","slug":"kit-monofil-o-1-8mm-noir","status":"publish","type":"product","link":"https:\/\/dsmarinealgerie.com\/ar\/shop\/chasse-sous-marine\/accessoires-chasse-sous-marine\/kit-monofil-o-1-8mm-noir\/","title":{"rendered":"\u0637\u0642\u0645 \u0645\u0648\u0646\u0648\u0641\u064a\u0644 \u0628\u0642\u0637\u0631 1.8 \u0645\u0644\u0645 \u0623\u0633\u0648\u062f"},"content":{"rendered":"<p>\u062a\u0645 \u062a\u0635\u0645\u064a\u0645 \u0645\u062c\u0645\u0648\u0639\u0629 \u0627\u0644\u0623\u0643\u0645\u0627\u0645 \u0648\u0627\u0644\u0623\u0643\u0645\u0627\u0645 \u0647\u0630\u0647 \u0644\u062a\u063a\u064a\u064a\u0631 \u0627\u0644\u062e\u064a\u0637 \u0627\u0644\u0623\u0635\u0644\u064a \u0623\u0648 \u0627\u0633\u062a\u0628\u062f\u0627\u0644 \u0627\u0644\u062e\u064a\u0637 \u0627\u0644\u0645\u0643\u0633\u0648\u0631 \u0641\u064a \u0645\u0633\u062f\u0633 \u0627\u0644\u0635\u064a\u062f \u062a\u062d\u062a \u0627\u0644\u0645\u0627\u0621.<\/p>\n<p>\u0637\u0642\u0645 \u0634\u0639\u064a\u0631\u0627\u062a \u0623\u062d\u0627\u062f\u064a\u0629 (\u0623\u0633\u0648\u062f) \u00d8 1.8 \u0645\u0645 - 15 \u0645 + 6 \u0623\u0643\u0645\u0627\u0645.<\/p>","protected":false},"excerpt":{"rendered":"<p>Ce kit Monofil + sleeves est con\u00e7u pour changer le fil d\u2019origine ou remplacer un fil casser sur votre arbal\u00e8te de p\u00eache sous- marine. Kit Monofil (noir) \u00d8 1.8 mm- 15 m + 6 sleeves.<\/p>","protected":false},"featured_media":7100,"comment_status":"open","ping_status":"closed","template":"","meta":{"_uf_show_specific_survey":0,"_uf_disable_surveys":false},"product_brand":[],"product_cat":[165,527],"product_tag":[],"class_list":{"0":"post-7099","1":"product","2":"type-product","3":"status-publish","4":"has-post-thumbnail","6":"product_cat-chasse-sous-marine","7":"product_cat-accessoires-chasse-sous-marine","9":"first","10":"instock","11":"shipping-taxable","12":"purchasable","13":"product-type-simple"},"aioseo_notices":[],"_links":{"self":[{"href":"https:\/\/dsmarinealgerie.com\/ar\/wp-json\/wp\/v2\/product\/7099","targetHints":{"allow":["GET"]}}],"collection":[{"href":"https:\/\/dsmarinealgerie.com\/ar\/wp-json\/wp\/v2\/product"}],"about":[{"href":"https:\/\/dsmarinealgerie.com\/ar\/wp-json\/wp\/v2\/types\/product"}],"replies":[{"embeddable":true,"href":"https:\/\/dsmarinealgerie.com\/ar\/wp-json\/wp\/v2\/comments?post=7099"}],"wp:featuredmedia":[{"embeddable":true,"href":"https:\/\/dsmarinealgerie.com\/ar\/wp-json\/wp\/v2\/media\/7100"}],"wp:attachment":[{"href":"https:\/\/dsmarinealgerie.com\/ar\/wp-json\/wp\/v2\/media?parent=7099"}],"wp:term":[{"taxonomy":"product_brand","embeddable":true,"href":"https:\/\/dsmarinealgerie.com\/ar\/wp-json\/wp\/v2\/product_brand?post=7099"},{"taxonomy":"product_cat","embeddable":true,"href":"https:\/\/dsmarinealgerie.com\/ar\/wp-json\/wp\/v2\/product_cat?post=7099"},{"taxonomy":"product_tag","embeddable":true,"href":"https:\/\/dsmarinealgerie.com\/ar\/wp-json\/wp\/v2\/product_tag?post=7099"}],"curies":[{"name":"wp","href":"https:\/\/api.w.org\/{rel}","templated":true}]}}