{"id":7107,"date":"2023-11-26T14:17:52","date_gmt":"2023-11-26T14:17:52","guid":{"rendered":"https:\/\/dsmarinealgerie.com\/?post_type=product&#038;p=7107"},"modified":"2023-11-26T14:19:37","modified_gmt":"2023-11-26T14:19:37","slug":"tete-complete-pour-geronimo-cressi","status":"publish","type":"product","link":"https:\/\/dsmarinealgerie.com\/ar\/shop\/chasse-sous-marine\/accessoires-chasse-sous-marine\/tete-complete-pour-geronimo-cressi\/","title":{"rendered":"\u0627\u0644\u0631\u0623\u0633 \u0627\u0644\u0643\u0627\u0645\u0644 \u0644\u062c\u064a\u0631\u0648\u0646\u064a\u0645\u0648 \u0643\u0631\u064a\u0633\u064a"},"content":{"rendered":"<p>\u0631\u0623\u0633 \u0628\u062b\u0644\u0627\u062b\u0629 \u0627\u062d\u062a\u0645\u0627\u0644\u0627\u062a \u0644\u0644\u0627\u0633\u062a\u062e\u062f\u0627\u0645:<br \/>\n- \u064a\u062e\u062a\u0641\u064a \u0648\u0627\u0642\u064a \u0627\u0644\u0632\u0646\u0627\u062f \u0627\u0644\u0645\u0627\u0626\u0644 \u0627\u0644\u062c\u062f\u064a\u062f \u062a\u0645\u0627\u0645\u064b\u0627 \u0639\u0646\u062f \u062e\u0641\u0636\u0647 \u0644\u0644\u062d\u0635\u0648\u0644 \u0639\u0644\u0649 \u0631\u0624\u064a\u0629 \u0645\u062b\u0627\u0644\u064a\u0629 \u0639\u0646\u062f \u0627\u0644\u062a\u0635\u0648\u064a\u0631.<br \/>\n\u2013 \u064a\u0642\u0648\u0645 \u0628\u0635\u062f \u0627\u0644\u0633\u0647\u0645 \u062d\u062a\u0649 \u0644\u062d\u0638\u0629 \u0625\u0637\u0644\u0627\u0642 \u0627\u0644\u0646\u0627\u0631 \u0628\u0627\u0633\u062a\u062e\u062f\u0627\u0645 \u0634\u062f \u062d\u0628\u0627\u0644 \u0627\u0644\u0628\u0646\u062c\u064a \u0648\u062a\u062c\u0646\u0628 \u0627\u0644\u0627\u0647\u062a\u0632\u0627\u0632\u0627\u062a \u0627\u0644\u0645\u0632\u0639\u062c\u0629.<br \/>\n- \u0628\u0627\u0644\u0625\u0636\u0627\u0641\u0629 \u0625\u0644\u0649 \u0630\u0644\u0643\u060c \u0645\u0646 \u0627\u0644\u0645\u0645\u0643\u0646 \u0625\u0636\u0627\u0641\u0629 \u0633\u0644\u0643 \u0628\u0646\u062c\u064a \u062f\u0627\u0626\u0631\u064a \u0644\u0632\u064a\u0627\u062f\u0629 \u0627\u0644\u0637\u0627\u0642\u0629 \u0623\u0648 \u0627\u0633\u062a\u062e\u062f\u0627\u0645 \u0627\u0644\u0628\u0646\u062f\u0642\u064a\u0629 \u0641\u0642\u0637 \u0645\u0639 \u0647\u0630\u0627 \u0627\u0644\u0646\u0648\u0639 \u0645\u0646 \u0627\u0644\u062d\u0628\u0644 \u0627\u0644\u0645\u0637\u0627\u0637\u064a (\u0627\u0644\u062d\u0632\u0645 \u063a\u064a\u0631 \u0645\u062a\u0636\u0645\u0646\u0629).<br \/>\n\u2013 \u00d8 25.8 \u0645\u0644\u0645 \/ 27 \u0645\u0644\u0645<\/p>","protected":false},"excerpt":{"rendered":"<p>T\u00eate avec trois possibilit\u00e9s d&rsquo;utilisation: &#8211; Le tout nouveau pontet basculant dispara\u00eet en s\u2019abaissant pour une vision parfaite lors du tir. &#8211; Il bloque la fl\u00e8che jusqu\u2019au moment du tir en utilisant la tension des sandows et \u00e9vite les vibrations g\u00eanantes. &#8211; De plus il est possible d\u2019ajouter un sandow circulaire pour augmenter la puissance [&hellip;]<\/p>","protected":false},"featured_media":7108,"comment_status":"open","ping_status":"closed","template":"","meta":{"_uf_show_specific_survey":0,"_uf_disable_surveys":false},"product_brand":[],"product_cat":[165,527],"product_tag":[],"class_list":{"0":"post-7107","1":"product","2":"type-product","3":"status-publish","4":"has-post-thumbnail","6":"product_cat-chasse-sous-marine","7":"product_cat-accessoires-chasse-sous-marine","9":"first","10":"instock","11":"shipping-taxable","12":"purchasable","13":"product-type-simple"},"aioseo_notices":[],"_links":{"self":[{"href":"https:\/\/dsmarinealgerie.com\/ar\/wp-json\/wp\/v2\/product\/7107","targetHints":{"allow":["GET"]}}],"collection":[{"href":"https:\/\/dsmarinealgerie.com\/ar\/wp-json\/wp\/v2\/product"}],"about":[{"href":"https:\/\/dsmarinealgerie.com\/ar\/wp-json\/wp\/v2\/types\/product"}],"replies":[{"embeddable":true,"href":"https:\/\/dsmarinealgerie.com\/ar\/wp-json\/wp\/v2\/comments?post=7107"}],"wp:featuredmedia":[{"embeddable":true,"href":"https:\/\/dsmarinealgerie.com\/ar\/wp-json\/wp\/v2\/media\/7108"}],"wp:attachment":[{"href":"https:\/\/dsmarinealgerie.com\/ar\/wp-json\/wp\/v2\/media?parent=7107"}],"wp:term":[{"taxonomy":"product_brand","embeddable":true,"href":"https:\/\/dsmarinealgerie.com\/ar\/wp-json\/wp\/v2\/product_brand?post=7107"},{"taxonomy":"product_cat","embeddable":true,"href":"https:\/\/dsmarinealgerie.com\/ar\/wp-json\/wp\/v2\/product_cat?post=7107"},{"taxonomy":"product_tag","embeddable":true,"href":"https:\/\/dsmarinealgerie.com\/ar\/wp-json\/wp\/v2\/product_tag?post=7107"}],"curies":[{"name":"wp","href":"https:\/\/api.w.org\/{rel}","templated":true}]}}