{"id":7135,"date":"2023-11-27T09:41:07","date_gmt":"2023-11-27T09:41:07","guid":{"rendered":"https:\/\/dsmarinealgerie.com\/?post_type=product&#038;p=7135"},"modified":"2025-11-13T09:42:33","modified_gmt":"2025-11-13T09:42:33","slug":"moulinet-shimano-spheros-sw-a-8000hg","status":"publish","type":"product","link":"https:\/\/dsmarinealgerie.com\/ar\/shop\/peche\/moulinets\/moulinet-shimano-spheros-sw-a-8000hg\/","title":{"rendered":"\u0628\u0643\u0631\u0629 \u0634\u064a\u0645\u0627\u0646\u0648 \u0633\u0641\u064a\u0631\u0648\u0633 SW A-8000HG"},"content":{"rendered":"<p>\u0628\u0643\u0631\u0629 Shimano Spheros SW A-8000HG \u0639\u0628\u0627\u0631\u0629 \u0639\u0646 \u0628\u0643\u0631\u0629 \u062f\u0648\u0627\u0631\u0629 \u0645\u0639 \u0628\u0643\u0631\u0629 AR-C \u0645\u0646 \u0627\u0644\u0623\u0644\u0648\u0645\u0646\u064a\u0648\u0645 \u0627\u0644\u0645\u0634\u0643\u0644 \u0639\u0644\u0649 \u0627\u0644\u0628\u0627\u0631\u062f\u060c \u0645\u0646 \u0623\u062c\u0644 \u0635\u0628 \u0623\u0643\u062b\u0631 \u0643\u0641\u0627\u0621\u0629 \u0648\u0642\u0648\u0629. \u0644\u0628\u062f\u0621 \u0627\u0644\u0635\u064a\u062f \u0627\u0644\u0628\u062d\u0631\u064a \u0623\u0648 \u0644\u0625\u0643\u0645\u0627\u0644 \u0645\u062c\u0645\u0648\u0639\u0629 \u0645\u0646 \u0627\u0644\u0628\u0643\u0631\u0627\u062a \u0627\u0644\u0631\u0627\u0642\u064a\u0629\u060c \u0641\u0625\u0646 Spheros SW \u0644\u062f\u064a\u0647\u0627 \u0643\u0644 \u0634\u064a\u0621.<\/p>\n<p>\u0646\u0642\u0627\u0637 \u0627\u0644\u0642\u0648\u0629 :<br \/>\n\u2022 \u0627\u0644\u0625\u0637\u0627\u0631 \u0627\u0644\u0647\u062c\u064a\u0646 &quot;X-Shield&quot; \u0648\u0627\u0644\u062f\u0648\u0627\u0631 &quot;X-Protect&quot; XGT-7<br \/>\n\u2022 \u062a\u0639\u0645\u0644 \u0627\u0644\u062a\u0631\u0648\u0633 &quot;X-Ship&quot; \u0639\u0644\u0649 \u0632\u064a\u0627\u062f\u0629 \u0623\u062f\u0627\u0621 \u0627\u0644\u0628\u0643\u0631\u0629 \u0648\u062a\u062d\u0633\u064a\u0646 \u0642\u0648\u0629 \u0627\u0644\u0627\u0633\u062a\u0631\u062c\u0627\u0639<br \/>\n\u2022 4 \u0645\u062d\u0627\u0645\u0644 S A-RB \u0645\u062d\u0645\u064a\u0629 + 1 \u0645\u062d\u0645\u0644 \u0625\u0628\u0631\u0629<br \/>\n\u2022 \u062a\u0648\u0632\u064a\u0639 \u0645\u062b\u0627\u0644\u064a \u0644\u0644\u062e\u0637 \u0639\u0644\u0649 \u0627\u0644\u0628\u0643\u0631\u0629 \u0628\u0641\u0636\u0644 \u0646\u0638\u0627\u0645 &quot;Varispeed II&quot; \u0648\u0628\u0643\u0631\u0629 AR-C \u0644\u062a\u062d\u0633\u064a\u0646 \u0623\u062f\u0627\u0621 \u0627\u0644\u0635\u0628<br \/>\n\u2022 \u0641\u0631\u0627\u0645\u0644 \u0642\u0648\u064a\u0629 \u0648\u0645\u0642\u0627\u0648\u0645\u0629 \u0644\u0644\u0645\u0627\u0621<br \/>\n\u2022 \u0646\u0638\u0627\u0645 &quot;Super Stopper II&quot; \u0628\u062f\u0648\u0646 \u0633\u0642\u0627\u0637\u0629 \u064a\u062f\u0648\u064a\u0629 \u0644\u0645\u0632\u064a\u062f \u0645\u0646 \u0627\u0644\u0623\u0645\u0627\u0646.<\/p>\n<p>\u0633\u0645\u0627\u062a :<br \/>\n\u2022 4 \u0645\u062d\u0627\u0645\u0644 \u0645\u062d\u0645\u064a\u0629 S A-RB + 1 \u0645\u062d\u0627\u0645\u0644 \u0625\u0628\u0631\u0629<br \/>\n\u2022 \u0625\u0637\u0627\u0631 \u0647\u062c\u064a\u0646<br \/>\n\u2022 \u0645\u0642\u0628\u0636 \u0648\u0627\u062d\u062f \u0645\u0635\u0646\u0648\u0639 \u0645\u0646 \u0627\u0644\u0623\u0644\u0648\u0645\u0646\u064a\u0648\u0645 \u0627\u0644\u0645\u064f\u0634\u0643\u064e\u0651\u0644<br \/>\n\u2022 \u0628\u064a\u0643 \u0627\u0628 \u0623\u062d\u0627\u062f\u064a \u0627\u0644\u0643\u062a\u0644\u0629<br \/>\n\u2022 \u062a\u0631\u0648\u0633 \u0627\u0644\u0623\u0644\u0645\u0646\u064a\u0648\u0645 \u0627\u0644\u0645\u0634\u0643\u0644\u0629 \u0639\u0644\u0649 \u0627\u0644\u0628\u0627\u0631\u062f<br \/>\n\u2022 &quot;\u0633\u0648\u0628\u0631 \u0633\u062f\u0627\u062f\u0629 II&quot;<br \/>\n\u2022 &quot;\u062a\u0648\u0627\u0632\u0646 \u0627\u0644\u062f\u064a\u0646\u0627&quot;<br \/>\n\u2022 &quot;\u0627\u0644\u0628\u0643\u0631\u0629 \u0627\u0644\u0643\u0647\u0631\u0628\u0627\u0626\u064a\u0629&quot;<br \/>\n\u2022 &quot;\u0627\u0644\u0639\u062a\u0627\u062f \u0627\u0644\u0641\u0627\u0626\u0642&quot;<br \/>\n\u2022 \u0627\u0644\u0639\u0627\u0626\u0645\u0629 \u0631\u0645\u062d \u0627\u0644\u062b\u0627\u0646\u064a<\/p>","protected":false},"excerpt":{"rendered":"<p>Le Moulinet Shimano Spheros SW A-8000HG est un moulinet pour Spinning avec une bobine AR-C en aluminium forg\u00e9 \u00e0 froid, pour un lancer plus performant et plus puissant. Pour d\u00e9buter la p\u00eache en mer ou pour compl\u00e9ter une gamme de moulinets plus haut de gamme, le Spheros SW a tout pour plaire. Points forts : [&hellip;]<\/p>","protected":false},"featured_media":7136,"comment_status":"open","ping_status":"closed","template":"","meta":{"_uf_show_specific_survey":0,"_uf_disable_surveys":false},"product_brand":[],"product_cat":[164,228],"product_tag":[],"class_list":{"0":"post-7135","1":"product","2":"type-product","3":"status-publish","4":"has-post-thumbnail","6":"product_cat-peche","7":"product_cat-moulinets","9":"first","10":"instock","11":"shipping-taxable","12":"purchasable","13":"product-type-simple"},"aioseo_notices":[],"_links":{"self":[{"href":"https:\/\/dsmarinealgerie.com\/ar\/wp-json\/wp\/v2\/product\/7135","targetHints":{"allow":["GET"]}}],"collection":[{"href":"https:\/\/dsmarinealgerie.com\/ar\/wp-json\/wp\/v2\/product"}],"about":[{"href":"https:\/\/dsmarinealgerie.com\/ar\/wp-json\/wp\/v2\/types\/product"}],"replies":[{"embeddable":true,"href":"https:\/\/dsmarinealgerie.com\/ar\/wp-json\/wp\/v2\/comments?post=7135"}],"wp:featuredmedia":[{"embeddable":true,"href":"https:\/\/dsmarinealgerie.com\/ar\/wp-json\/wp\/v2\/media\/7136"}],"wp:attachment":[{"href":"https:\/\/dsmarinealgerie.com\/ar\/wp-json\/wp\/v2\/media?parent=7135"}],"wp:term":[{"taxonomy":"product_brand","embeddable":true,"href":"https:\/\/dsmarinealgerie.com\/ar\/wp-json\/wp\/v2\/product_brand?post=7135"},{"taxonomy":"product_cat","embeddable":true,"href":"https:\/\/dsmarinealgerie.com\/ar\/wp-json\/wp\/v2\/product_cat?post=7135"},{"taxonomy":"product_tag","embeddable":true,"href":"https:\/\/dsmarinealgerie.com\/ar\/wp-json\/wp\/v2\/product_tag?post=7135"}],"curies":[{"name":"wp","href":"https:\/\/api.w.org\/{rel}","templated":true}]}}