{"id":7188,"date":"2023-11-27T14:08:59","date_gmt":"2023-11-27T14:08:59","guid":{"rendered":"https:\/\/dsmarinealgerie.com\/?post_type=product&#038;p=7188"},"modified":"2023-11-27T14:12:23","modified_gmt":"2023-11-27T14:12:23","slug":"crazee-tai-rubber-150g","status":"publish","type":"product","link":"https:\/\/dsmarinealgerie.com\/ar\/shop\/peche\/materiel-de-peche\/crazee-tai-rubber-150g\/","title":{"rendered":"\u0643\u0631\u064a\u0632\u064a \u062a\u0627\u064a \u0645\u0637\u0627\u0637 150 \u062c\u0631\u0627\u0645"},"content":{"rendered":"<h3>\u0637\u0639\u0648\u0645 \u0645\u0637\u0627\u0637\u064a\u0629 Crazee Tai \u0645\u0646 Alpha Tackle<\/h3>\n<p>\u0627\u0643\u062a\u0634\u0641 \u0646\u062e\u0628\u0629 \u0635\u064a\u062f \u0627\u0644\u0623\u0633\u0645\u0627\u0643 \u0645\u0639 \u0645\u0637\u0627\u0637 Crazee Tai \u0645\u0646 Alpha Tackle\u060c \u0648\u0627\u0644\u0630\u064a \u0635\u0645\u0645\u0647 \u0633\u064a\u062f \u0645\u0637\u0627\u0637 \u062a\u0627\u064a \u0645\u0648\u0646\u064a\u0647\u064a\u0643\u0648 \u0646\u0627\u0643\u0627\u0645\u0648\u0631\u0627 \u0641\u064a \u0639\u0627\u0645 2020. \u0645\u062b\u0627\u0644\u064a\u0629 \u0644\u062a\u0642\u0646\u064a\u0629 \u062a\u0627\u064a \u0627\u0644\u0645\u0637\u0627\u0637\u064a\u0629\u060c \u062a\u062c\u0645\u0639 \u0647\u0630\u0647 \u0627\u0644\u0637\u064f\u0639\u0645 \u0628\u064a\u0646 \u0627\u0644\u062e\u0628\u0631\u0629 \u0648\u0627\u0644\u0645\u062a\u0627\u0646\u0629. \u0627\u062e\u062a\u0631 \u0645\u0646 \u0628\u064a\u0646 \u0645\u062c\u0645\u0648\u0639\u0629 \u0645\u062a\u0646\u0648\u0639\u0629 \u0645\u0646 \u0627\u0644\u0645\u0642\u0627\u0633\u0627\u062a \u0648\u0627\u0644\u0623\u0644\u0648\u0627\u0646 \u0644\u062a\u062c\u0631\u0628\u0629 \u0635\u064a\u062f \u0644\u0627 \u0645\u062b\u064a\u0644 \u0644\u0647\u0627.<\/p>","protected":false},"excerpt":{"rendered":"<p>Leurres Crazee Tai Rubber par Alpha Tackle D\u00e9couvrez l&rsquo;\u00e9lite de la p\u00eache au leurre avec les Crazee Tai Rubber d&rsquo;Alpha Tackle, con\u00e7us en 2020 par le ma\u00eetre du caoutchouc tai Munehiko Nakamura. Parfaits pour la technique Tai Rubber, ces leurres allient expertise et durabilit\u00e9. Choisissez parmi une vari\u00e9t\u00e9 de tailles et de couleurs pour une [&hellip;]<\/p>","protected":false},"featured_media":7177,"comment_status":"open","ping_status":"closed","template":"","meta":{"_uf_show_specific_survey":0,"_uf_disable_surveys":false},"product_brand":[],"product_cat":[227],"product_tag":[],"class_list":{"0":"post-7188","1":"product","2":"type-product","3":"status-publish","4":"has-post-thumbnail","6":"product_cat-materiel-de-peche","8":"first","9":"instock","10":"shipping-taxable","11":"purchasable","12":"product-type-variable"},"aioseo_notices":[],"_links":{"self":[{"href":"https:\/\/dsmarinealgerie.com\/ar\/wp-json\/wp\/v2\/product\/7188","targetHints":{"allow":["GET"]}}],"collection":[{"href":"https:\/\/dsmarinealgerie.com\/ar\/wp-json\/wp\/v2\/product"}],"about":[{"href":"https:\/\/dsmarinealgerie.com\/ar\/wp-json\/wp\/v2\/types\/product"}],"replies":[{"embeddable":true,"href":"https:\/\/dsmarinealgerie.com\/ar\/wp-json\/wp\/v2\/comments?post=7188"}],"wp:featuredmedia":[{"embeddable":true,"href":"https:\/\/dsmarinealgerie.com\/ar\/wp-json\/wp\/v2\/media\/7177"}],"wp:attachment":[{"href":"https:\/\/dsmarinealgerie.com\/ar\/wp-json\/wp\/v2\/media?parent=7188"}],"wp:term":[{"taxonomy":"product_brand","embeddable":true,"href":"https:\/\/dsmarinealgerie.com\/ar\/wp-json\/wp\/v2\/product_brand?post=7188"},{"taxonomy":"product_cat","embeddable":true,"href":"https:\/\/dsmarinealgerie.com\/ar\/wp-json\/wp\/v2\/product_cat?post=7188"},{"taxonomy":"product_tag","embeddable":true,"href":"https:\/\/dsmarinealgerie.com\/ar\/wp-json\/wp\/v2\/product_tag?post=7188"}],"curies":[{"name":"wp","href":"https:\/\/api.w.org\/{rel}","templated":true}]}}