{"id":7274,"date":"2023-11-28T12:15:47","date_gmt":"2023-11-28T12:15:47","guid":{"rendered":"https:\/\/dsmarinealgerie.com\/?post_type=product&#038;p=7274"},"modified":"2024-03-20T11:16:51","modified_gmt":"2024-03-20T11:16:51","slug":"leurre-tainomi-tai-rubber-de-major-craft-45g","status":"publish","type":"product","link":"https:\/\/dsmarinealgerie.com\/ar\/shop\/peche\/materiel-de-peche\/leurre-tainomi-tai-rubber-de-major-craft-45g\/","title":{"rendered":"\u0637\u0639\u0645 Tainomi Tai \u0627\u0644\u0645\u0637\u0627\u0637\u064a 45 \u062c\u0631\u0627\u0645 \u0645\u0646 \u0634\u0631\u0643\u0629 Major Craft"},"content":{"rendered":"<div class=\"content\" tabindex=\"0\">\n<div class=\"ac-container ac-adaptiveCard\">\n<div class=\"ac-textBlock\">\n<p>\u0642\u062f \u064a\u0628\u062f\u0648 Tainomi \u0648\u0643\u0623\u0646\u0647 \u0637\u064f\u0639\u0645 \u062a\u0627\u064a \u0627\u0644\u0645\u0637\u0627\u0637\u064a \u0627\u0644\u0639\u0627\u062f\u064a\u060c \u0644\u0643\u0646 \u0627\u0644\u0641\u0631\u064a\u0642 \u0641\u064a \u0634\u0631\u0643\u0629 Major Craft \u0623\u0645\u0636\u0649 \u0623\u064a\u0627\u0645\u064b\u0627 \u0644\u0627 \u062d\u0635\u0631 \u0644\u0647\u0627 \u0641\u064a \u0627\u0644\u0628\u062d\u062b \u0639\u0646 \u0637\u064f\u0639\u0645 \u062a\u0627\u064a \u0627\u0644\u0645\u0637\u0627\u0637\u064a \u0647\u0630\u0627. \u064a\u062a\u0645\u064a\u0632 Tainomi \u0628\u062d\u0631\u0643\u0629 \u0647\u064a\u062f\u0631\u0648\u062f\u064a\u0646\u0627\u0645\u064a\u0643\u064a\u0629 \u0641\u0631\u064a\u062f\u0629 \u062a\u062d\u062a \u0627\u0644\u0645\u0627\u0621 \u0628\u0641\u0636\u0644 \u0645\u0631\u0643\u0632 \u062a\u0648\u0627\u0632\u0646 \u0627\u0644\u0648\u0632\u0646 \u0627\u0644\u0641\u0631\u064a\u062f \u0648\u0627\u0644\u0633\u0642\u0648\u0637 \u0627\u0644\u0633\u0644\u0633 \u062a\u062d\u062a \u0627\u0644\u0645\u0627\u0621. \u064a\u0645\u0643\u0646 \u0627\u0633\u062a\u062e\u062f\u0627\u0645 \u0627\u0644\u0627\u0633\u062a\u0631\u062f\u0627\u062f \u0627\u0644\u062b\u0627\u0628\u062a \u0628\u0627\u0644\u0625\u0636\u0627\u0641\u0629 \u0625\u0644\u0649 \u062a\u0642\u0646\u064a\u0629 \u0627\u0644\u0631\u0639\u0634\u0629 \u0639\u0644\u0649 \u0634\u0643\u0644 S. \u0647\u0630\u0627 \u0627\u0644\u0637\u0639\u0645 \u0647\u0648 \u0646\u062a\u064a\u062c\u0629 \u0628\u062d\u062b \u0645\u0643\u062b\u0641 \u0648\u062a\u0635\u0645\u064a\u0645 \u0645\u0628\u062a\u0643\u0631\u060c \u0645\u0645\u0627 \u064a\u0645\u0646\u062d \u0627\u0644\u0635\u064a\u0627\u062f\u064a\u0646 \u0645\u064a\u0632\u0629 \u0645\u0645\u064a\u0632\u0629 \u0641\u064a \u0635\u064a\u062f \u0645\u062c\u0645\u0648\u0639\u0629 \u0645\u062a\u0646\u0648\u0639\u0629 \u0645\u0646 \u0623\u0646\u0648\u0627\u0639 \u0627\u0644\u0623\u0633\u0645\u0627\u0643.<\/p>\n<\/div>\n<\/div>\n<\/div>","protected":false},"excerpt":{"rendered":"<p>Le Tainomi peut sembler \u00eatre un leurre Tai Rubber ordinaire, mais l\u2019\u00e9quipe de Major Craft a consacr\u00e9 d\u2019innombrables jours \u00e0 la recherche sur ce leurre Tai Rubber. Le Tainomi pr\u00e9sente une action sous-marine hydrodynamique unique gr\u00e2ce \u00e0 son \u00e9quilibre unique du centre de poids et \u00e0 sa chute r\u00e9guli\u00e8re sous l\u2019eau. Une r\u00e9cup\u00e9ration r\u00e9guli\u00e8re peut [&hellip;]<\/p>","protected":false},"featured_media":7275,"comment_status":"open","ping_status":"closed","template":"","meta":{"_uf_show_specific_survey":0,"_uf_disable_surveys":false},"product_brand":[],"product_cat":[164,227],"product_tag":[],"class_list":{"0":"post-7274","1":"product","2":"type-product","3":"status-publish","4":"has-post-thumbnail","6":"product_cat-peche","7":"product_cat-materiel-de-peche","9":"first","10":"instock","11":"shipping-taxable","12":"purchasable","13":"product-type-variable"},"aioseo_notices":[],"_links":{"self":[{"href":"https:\/\/dsmarinealgerie.com\/ar\/wp-json\/wp\/v2\/product\/7274","targetHints":{"allow":["GET"]}}],"collection":[{"href":"https:\/\/dsmarinealgerie.com\/ar\/wp-json\/wp\/v2\/product"}],"about":[{"href":"https:\/\/dsmarinealgerie.com\/ar\/wp-json\/wp\/v2\/types\/product"}],"replies":[{"embeddable":true,"href":"https:\/\/dsmarinealgerie.com\/ar\/wp-json\/wp\/v2\/comments?post=7274"}],"wp:featuredmedia":[{"embeddable":true,"href":"https:\/\/dsmarinealgerie.com\/ar\/wp-json\/wp\/v2\/media\/7275"}],"wp:attachment":[{"href":"https:\/\/dsmarinealgerie.com\/ar\/wp-json\/wp\/v2\/media?parent=7274"}],"wp:term":[{"taxonomy":"product_brand","embeddable":true,"href":"https:\/\/dsmarinealgerie.com\/ar\/wp-json\/wp\/v2\/product_brand?post=7274"},{"taxonomy":"product_cat","embeddable":true,"href":"https:\/\/dsmarinealgerie.com\/ar\/wp-json\/wp\/v2\/product_cat?post=7274"},{"taxonomy":"product_tag","embeddable":true,"href":"https:\/\/dsmarinealgerie.com\/ar\/wp-json\/wp\/v2\/product_tag?post=7274"}],"curies":[{"name":"wp","href":"https:\/\/api.w.org\/{rel}","templated":true}]}}