{"id":7308,"date":"2023-11-29T12:28:40","date_gmt":"2023-11-29T12:28:40","guid":{"rendered":"https:\/\/dsmarinealgerie.com\/?post_type=product&#038;p=7308"},"modified":"2023-11-29T12:29:18","modified_gmt":"2023-11-29T12:29:18","slug":"tresse-major-craft-dangan-braid-x8","status":"publish","type":"product","link":"https:\/\/dsmarinealgerie.com\/ar\/shop\/peche\/materiel-de-peche\/tresse\/tresse-major-craft-dangan-braid-x8\/","title":{"rendered":"\u062c\u062f\u064a\u0644\u0629 \u0631\u0626\u064a\u0633\u064a\u0629 \u0643\u0631\u0627\u0641\u062a \u062f\u0627\u0646\u062c\u0627\u0646 \u062c\u062f\u064a\u0644\u0629 X8"},"content":{"rendered":"<p>Dangan Braid X \u0639\u0628\u0627\u0631\u0629 \u0639\u0646 \u062c\u062f\u064a\u0644\u0629 \u062c\u062f\u064a\u062f\u0629 \u0645\u0643\u0648\u0646\u0629 \u0645\u0646 8 \u062c\u062f\u0627\u0626\u0644 \u062a\u0645 \u062a\u0637\u0648\u064a\u0631\u0647\u0627 \u0628\u0648\u0627\u0633\u0637\u0629 MajorCraft. \u0648\u0647\u064a \u0645\u0646\u0633\u0648\u062c\u0629 \u0645\u0646 \u0623\u0644\u064a\u0627\u0641 \u062a\u0633\u0645\u0649 \u0625\u0632\u0627\u0646\u0627\u0633 \u0648\u0627\u0644\u062a\u064a \u062a\u062a\u0645\u064a\u0632 \u0628\u0645\u0642\u0627\u0648\u0645\u062a\u0647\u0627 \u0627\u0644\u0634\u062f\u064a\u062f\u0629 \u0644\u0644\u062a\u0622\u0643\u0644. \u064a\u062a\u0645 \u062a\u063a\u0644\u064a\u0641 \u0627\u0644\u0636\u0641\u064a\u0631\u0629 \u0628\u0623\u0643\u0645\u0644\u0647\u0627 \u0628\u0637\u0628\u0642\u0629 F60 \u0645\u0645\u0627 \u064a\u062c\u0639\u0644 \u0627\u0644\u0636\u0641\u064a\u0631\u0629 \u0623\u0643\u062b\u0631 \u0633\u0644\u0627\u0633\u0629 \u0648\u064a\u0642\u0644\u0644 \u0627\u0644\u0627\u062d\u062a\u0643\u0627\u0643 \u0628\u0634\u0643\u0644 \u0643\u0628\u064a\u0631. \u0648\u0644\u0630\u0644\u0643 \u0641\u0647\u0648 \u064a\u0646\u0632\u0644\u0642 \u0628\u0634\u0643\u0644 \u0623\u0641\u0636\u0644 \u0641\u064a \u0627\u0644\u062d\u0644\u0642\u0627\u062a \u0648\u064a\u0643\u0648\u0646 \u0623\u0643\u062b\u0631 \u062d\u0645\u0627\u064a\u0629 \u0636\u062f \u0627\u0644\u0623\u0636\u0631\u0627\u0631 \u0627\u0644\u0645\u0631\u062a\u0628\u0637\u0629 \u0628\u0627\u0644\u0627\u062d\u062a\u0643\u0627\u0643.<\/p>","protected":false},"excerpt":{"rendered":"<p>La Dangan Braid X est une nouvelle tresse 8 brins d\u00e9velopp\u00e9e par MajorCraft. Elle est tiss\u00e9e dans des fibres nomm\u00e9es Izanas ayant la particularit\u00e9 d\u2019\u00eatre extr\u00eamement r\u00e9sistantes \u00e0 l\u2019abrasion. L\u2019ensemble du tressage est envelopp\u00e9 dans un rev\u00eatement F60 qui rend la tresse plus lisse et minimise consid\u00e9rablement les frottements. Elle glisse donc mieux dans les [&hellip;]<\/p>","protected":false},"featured_media":7309,"comment_status":"open","ping_status":"closed","template":"","meta":{"_uf_show_specific_survey":0,"_uf_disable_surveys":false},"product_brand":[],"product_cat":[581,164,227],"product_tag":[],"class_list":{"0":"post-7308","1":"product","2":"type-product","3":"status-publish","4":"has-post-thumbnail","6":"product_cat-tresse","7":"product_cat-peche","8":"product_cat-materiel-de-peche","10":"first","11":"instock","12":"shipping-taxable","13":"purchasable","14":"product-type-variable"},"aioseo_notices":[],"_links":{"self":[{"href":"https:\/\/dsmarinealgerie.com\/ar\/wp-json\/wp\/v2\/product\/7308","targetHints":{"allow":["GET"]}}],"collection":[{"href":"https:\/\/dsmarinealgerie.com\/ar\/wp-json\/wp\/v2\/product"}],"about":[{"href":"https:\/\/dsmarinealgerie.com\/ar\/wp-json\/wp\/v2\/types\/product"}],"replies":[{"embeddable":true,"href":"https:\/\/dsmarinealgerie.com\/ar\/wp-json\/wp\/v2\/comments?post=7308"}],"wp:featuredmedia":[{"embeddable":true,"href":"https:\/\/dsmarinealgerie.com\/ar\/wp-json\/wp\/v2\/media\/7309"}],"wp:attachment":[{"href":"https:\/\/dsmarinealgerie.com\/ar\/wp-json\/wp\/v2\/media?parent=7308"}],"wp:term":[{"taxonomy":"product_brand","embeddable":true,"href":"https:\/\/dsmarinealgerie.com\/ar\/wp-json\/wp\/v2\/product_brand?post=7308"},{"taxonomy":"product_cat","embeddable":true,"href":"https:\/\/dsmarinealgerie.com\/ar\/wp-json\/wp\/v2\/product_cat?post=7308"},{"taxonomy":"product_tag","embeddable":true,"href":"https:\/\/dsmarinealgerie.com\/ar\/wp-json\/wp\/v2\/product_tag?post=7308"}],"curies":[{"name":"wp","href":"https:\/\/api.w.org\/{rel}","templated":true}]}}