{"id":7316,"date":"2023-11-29T12:47:49","date_gmt":"2023-11-29T12:47:49","guid":{"rendered":"https:\/\/dsmarinealgerie.com\/?post_type=product&#038;p=7316"},"modified":"2023-11-29T13:37:18","modified_gmt":"2023-11-29T13:37:18","slug":"tresse-duel-super-x-wire-8-300m","status":"publish","type":"product","link":"https:\/\/dsmarinealgerie.com\/ar\/shop\/peche\/materiel-de-peche\/tresse\/tresse-duel-super-x-wire-8-300m\/","title":{"rendered":"\u0645\u0628\u0627\u0631\u0632\u0629 \u0633\u0648\u0628\u0631 \u0627\u0643\u0633 \u0648\u0627\u064a\u0631 8 \u062c\u062f\u064a\u0644\u0629 300 \u0645\u062a\u0631"},"content":{"rendered":"<p>\u064a\u0639\u0645\u0644 \u0627\u0644\u0633\u0637\u062d \u0627\u0644\u0623\u0645\u0644\u0633 \u0644\u0636\u0641\u064a\u0631\u0629 Duel Super X-Wire 8 \u0627\u0644\u0645\u0643\u0648\u0646\u0629 \u0645\u0646 8 \u062c\u062f\u0627\u0626\u0644 \u0639\u0644\u0649 \u062a\u0642\u0644\u064a\u0644 \u0627\u0644\u0627\u062d\u062a\u0643\u0627\u0643 \u0648\u0627\u0644\u0636\u0648\u0636\u0627\u0621. \u064a\u0648\u0641\u0631 \u0627\u0644\u0637\u0644\u0627\u0621 \u0627\u0644\u062e\u0627\u0635 \u0636\u0639\u0641 \u0645\u0642\u0627\u0648\u0645\u0629 \u0627\u0644\u062a\u0622\u0643\u0644 \u0648\u064a\u0642\u0644\u0644 \u0645\u0646 \u0628\u0647\u062a\u0627\u0646 \u0627\u0644\u0644\u0648\u0646.<\/p>\n<ul>\n<li>\u0628\u064a #1.5:<\/li>\n<\/ul>\n<p>\u0627\u0644\u0642\u0637\u0631: 0.21 \u0645\u0644\u0645<br \/>\n\u0627\u0644\u0645\u0642\u0627\u0648\u0645\u0629: 13.50 \u0643\u062c\u0645<\/p>\n<ul>\n<li>\u0628\u064a #2:<\/li>\n<\/ul>\n<p>\u0627\u0644\u0642\u0637\u0631: 0.24 \u0645\u0644\u0645<br \/>\n\u0627\u0644\u0645\u0642\u0627\u0648\u0645\u0629: 16 \u0643\u062c\u0645<\/p>\n<ul>\n<li>\u0628\u064a #2.5:<\/li>\n<\/ul>\n<p>\u0627\u0644\u0642\u0637\u0631: 0.27 \u0645\u0644\u0645<br \/>\n\u0627\u0644\u0645\u0642\u0627\u0648\u0645\u0629: 20 \u0643\u062c\u0645<\/p>","protected":false},"excerpt":{"rendered":"<p>La surface lisse de cette tresse 8 brins Duel Super X-Wire 8 r\u00e9duit les frottements et le bruit. Un rev\u00eatement sp\u00e9cial offre deux fois plus de r\u00e9sistance \u00e0 l&rsquo;abrasion et r\u00e9duit la d\u00e9coloration. PE #1.5 : Diam\u00e8tre : 0,21 mm R\u00e9sistance : 13,50 kg PE #2 : Diam\u00e8tre : 0,24 mm R\u00e9sistance : 16 kg [&hellip;]<\/p>","protected":false},"featured_media":7317,"comment_status":"open","ping_status":"closed","template":"","meta":{"_uf_show_specific_survey":0,"_uf_disable_surveys":false},"product_brand":[],"product_cat":[581,164,227],"product_tag":[],"class_list":{"0":"post-7316","1":"product","2":"type-product","3":"status-publish","4":"has-post-thumbnail","6":"product_cat-tresse","7":"product_cat-peche","8":"product_cat-materiel-de-peche","10":"first","11":"instock","12":"shipping-taxable","13":"purchasable","14":"product-type-variable"},"aioseo_notices":[],"_links":{"self":[{"href":"https:\/\/dsmarinealgerie.com\/ar\/wp-json\/wp\/v2\/product\/7316","targetHints":{"allow":["GET"]}}],"collection":[{"href":"https:\/\/dsmarinealgerie.com\/ar\/wp-json\/wp\/v2\/product"}],"about":[{"href":"https:\/\/dsmarinealgerie.com\/ar\/wp-json\/wp\/v2\/types\/product"}],"replies":[{"embeddable":true,"href":"https:\/\/dsmarinealgerie.com\/ar\/wp-json\/wp\/v2\/comments?post=7316"}],"wp:featuredmedia":[{"embeddable":true,"href":"https:\/\/dsmarinealgerie.com\/ar\/wp-json\/wp\/v2\/media\/7317"}],"wp:attachment":[{"href":"https:\/\/dsmarinealgerie.com\/ar\/wp-json\/wp\/v2\/media?parent=7316"}],"wp:term":[{"taxonomy":"product_brand","embeddable":true,"href":"https:\/\/dsmarinealgerie.com\/ar\/wp-json\/wp\/v2\/product_brand?post=7316"},{"taxonomy":"product_cat","embeddable":true,"href":"https:\/\/dsmarinealgerie.com\/ar\/wp-json\/wp\/v2\/product_cat?post=7316"},{"taxonomy":"product_tag","embeddable":true,"href":"https:\/\/dsmarinealgerie.com\/ar\/wp-json\/wp\/v2\/product_tag?post=7316"}],"curies":[{"name":"wp","href":"https:\/\/api.w.org\/{rel}","templated":true}]}}