{"id":7323,"date":"2023-11-29T14:18:36","date_gmt":"2023-11-29T14:18:36","guid":{"rendered":"https:\/\/dsmarinealgerie.com\/?post_type=product&#038;p=7323"},"modified":"2024-04-02T12:50:03","modified_gmt":"2024-04-02T12:50:03","slug":"tresse-varivas-avani-jigging-10x10-max-power-pe-x8-300m","status":"publish","type":"product","link":"https:\/\/dsmarinealgerie.com\/ar\/shop\/peche\/materiel-de-peche\/tresse\/tresse-varivas-avani-jigging-10x10-max-power-pe-x8-300m\/","title":{"rendered":"\u062c\u062f\u064a\u0644\u0629 VARIVAS \u2013 Avani Jigging 10\u00d710 \u0623\u0642\u0635\u0649 \u0642\u0648\u0629 PE X8 300M"},"content":{"rendered":"<p><strong>\u0642\u0648\u0629 VARIVAS AVANI JIGGING 10\u00d710 \u0627\u0644\u0642\u0635\u0648\u0649<\/strong> \u0647\u064a \u0628\u0643\u0644 \u0628\u0633\u0627\u0637\u0629 \u0627\u0644\u0639\u0644\u0627\u0645\u0629 \u0627\u0644\u062a\u062c\u0627\u0631\u064a\u0629 VARIVAS \u0627\u0644\u0631\u0627\u0626\u062f\u0629 \u0641\u064a \u0645\u062c\u0627\u0644 \u0627\u0644\u0636\u0641\u0627\u0626\u0631 \u0644\u0644\u062c\u064a\u062c\u064a\u0646\u062c. \u064a\u0633\u062a\u062e\u062f\u0645 VARIVAS \u0623\u0641\u0636\u0644 \u0627\u0644\u0623\u0644\u064a\u0627\u0641 \u0630\u0627\u062a 8 \u062e\u064a\u0648\u0637 \u0645\u0646 \u0623\u062c\u0644 \u062a\u0637\u0648\u064a\u0631 \u0647\u0630\u0627 \u0627\u0644\u0645\u0646\u062a\u062c.<\/p>\n<p>\u0648\u0627\u0644\u0646\u062a\u064a\u062c\u0629 \u0647\u064a \u062c\u062f\u064a\u0644\u0629 \u0645\u0633\u062a\u062f\u064a\u0631\u0629 \u0648\u0646\u0627\u0639\u0645\u0629 \u0648\u0645\u0642\u0627\u0648\u0645\u0629 \u0644\u0644\u063a\u0627\u064a\u0629.<\/p>\n<p>\u064a\u062d\u062a\u0648\u064a AVANI JIGGING 10\u00d710 MAX POWER \u0639\u0644\u0649 \u0639\u0644\u0627\u0645\u0629 \u062a\u063a\u064a\u064a\u0631 \u0627\u0644\u0644\u0648\u0646 \u0643\u0644 10 \u0623\u0645\u062a\u0627\u0631. \u0627\u0644\u0647\u062f\u0641 \u0647\u0648 \u0623\u0646 \u062a\u0643\u0648\u0646 \u0642\u0627\u062f\u0631\u064b\u0627 \u0639\u0644\u0649 \u0627\u0644\u0635\u064a\u062f \u0628\u062f\u0642\u0629.<\/p>\n<p>\u064a\u062a\u0645 \u062a\u0637\u0628\u064a\u0642 \u0645\u0639\u0627\u0644\u062c\u0629 \u062e\u0627\u0635\u0629 (\u0637\u0644\u0627\u0621) \u0644\u062c\u0639\u0644\u0647 \u0623\u0643\u062b\u0631 \u0645\u0642\u0627\u0648\u0645\u0629 \u0644\u0644\u062a\u0622\u0643\u0644.<\/p>\n<p>PE1.5 \u2013 0.209 \u0645\u0645 \u2013 31 \u0631\u0637\u0644<\/p>\n<p>PE2 \u2013 0.235 \u0645\u0644\u0645 \u2013 33 \u0631\u0637\u0644\u0627\u064b<\/p>\n<p>PE3 - 0.285 \u0645\u0645 - 48 \u0631\u0637\u0644<\/p>","protected":false},"excerpt":{"rendered":"<p>La VARIVAS AVANI JIGGING 10&#215;10 MAX POWER est tout simplement le fleuron VARIVAS des tresses pour le Jigging. VARIVAS utilise les meilleurs fibre avec un tissage 8 brins pour l&rsquo;\u00e9laboration de cette. Il est r\u00e9sulte un tresse ronde, fine et tr\u00e8s r\u00e9sistante. La AVANI JIGGING 10&#215;10 MAX POWER est pourvu d&rsquo;un marque avec changement de [&hellip;]<\/p>","protected":false},"featured_media":7327,"comment_status":"open","ping_status":"closed","template":"","meta":{"_uf_show_specific_survey":0,"_uf_disable_surveys":false},"product_brand":[],"product_cat":[581,164,227],"product_tag":[],"class_list":{"0":"post-7323","1":"product","2":"type-product","3":"status-publish","4":"has-post-thumbnail","6":"product_cat-tresse","7":"product_cat-peche","8":"product_cat-materiel-de-peche","10":"first","11":"instock","12":"shipping-taxable","13":"purchasable","14":"product-type-variable"},"aioseo_notices":[],"_links":{"self":[{"href":"https:\/\/dsmarinealgerie.com\/ar\/wp-json\/wp\/v2\/product\/7323","targetHints":{"allow":["GET"]}}],"collection":[{"href":"https:\/\/dsmarinealgerie.com\/ar\/wp-json\/wp\/v2\/product"}],"about":[{"href":"https:\/\/dsmarinealgerie.com\/ar\/wp-json\/wp\/v2\/types\/product"}],"replies":[{"embeddable":true,"href":"https:\/\/dsmarinealgerie.com\/ar\/wp-json\/wp\/v2\/comments?post=7323"}],"wp:featuredmedia":[{"embeddable":true,"href":"https:\/\/dsmarinealgerie.com\/ar\/wp-json\/wp\/v2\/media\/7327"}],"wp:attachment":[{"href":"https:\/\/dsmarinealgerie.com\/ar\/wp-json\/wp\/v2\/media?parent=7323"}],"wp:term":[{"taxonomy":"product_brand","embeddable":true,"href":"https:\/\/dsmarinealgerie.com\/ar\/wp-json\/wp\/v2\/product_brand?post=7323"},{"taxonomy":"product_cat","embeddable":true,"href":"https:\/\/dsmarinealgerie.com\/ar\/wp-json\/wp\/v2\/product_cat?post=7323"},{"taxonomy":"product_tag","embeddable":true,"href":"https:\/\/dsmarinealgerie.com\/ar\/wp-json\/wp\/v2\/product_tag?post=7323"}],"curies":[{"name":"wp","href":"https:\/\/api.w.org\/{rel}","templated":true}]}}