{"id":7335,"date":"2023-11-29T14:54:11","date_gmt":"2023-11-29T14:54:11","guid":{"rendered":"https:\/\/dsmarinealgerie.com\/?post_type=product&#038;p=7335"},"modified":"2024-04-01T13:05:20","modified_gmt":"2024-04-01T13:05:20","slug":"tresse-xbraid-super-jigman-x8-300m","status":"publish","type":"product","link":"https:\/\/dsmarinealgerie.com\/ar\/shop\/peche\/materiel-de-peche\/tresse\/tresse-xbraid-super-jigman-x8-300m\/","title":{"rendered":"YGK \u062c\u062f\u064a\u0644\u0629 \u0633\u0648\u0628\u0631 \u062c\u064a\u062c\u0645\u0627\u0646 X8 300 \u0645\u062a\u0631"},"content":{"rendered":"<p>\u0627\u0644\u0639\u0644\u0627\u0645\u0629 \u0627\u0644\u062a\u062c\u0627\u0631\u064a\u0629 Xbraid \u0647\u064a \u0627\u0644\u0627\u0633\u0645 \u0627\u0644\u062c\u062f\u064a\u062f \u0644\u0644\u0639\u0644\u0627\u0645\u0629 \u0627\u0644\u062a\u062c\u0627\u0631\u064a\u0629 YGK.<br \/>\n\u062c\u062f\u064a\u0644\u0629 \u0645\u0643\u0648\u0646\u0629 \u0645\u0646 8 \u062c\u062f\u0627\u0626\u0644 \u0645\u0635\u0646\u0648\u0639\u0629 \u0641\u064a \u0627\u0644\u064a\u0627\u0628\u0627\u0646 \u0628\u0628\u0646\u064a\u0629 WX \u0644\u0645\u0642\u0627\u0648\u0645\u0629 \u0627\u0633\u062a\u062b\u0646\u0627\u0626\u064a\u0629 \u0644\u0644\u0634\u062f \u0648\u0627\u0644\u0646\u062d\u0627\u0633. \u0625\u0646\u0647 \u0645\u062e\u0635\u0635 \u0644\u0635\u064a\u062f \u0627\u0644\u0623\u0633\u0645\u0627\u0643 \u0628\u0627\u0644\u0631\u0642\u0635 \u0639\u0644\u0649 \u0627\u0644\u0631\u063a\u0645 \u0645\u0646 \u0623\u0646\u0647 \u0633\u064a\u0643\u0648\u0646 \u0645\u0646\u0627\u0633\u0628\u064b\u0627 \u062c\u062f\u064b\u0627 \u0644\u062c\u0645\u064a\u0639 \u0623\u0646\u0648\u0627\u0639 \u0627\u0644\u0635\u064a\u062f \u0628\u0627\u0644\u0637\u0639\u0645. \u0627\u0644\u0623\u0642\u0637\u0627\u0631 \u0627\u0644\u0643\u0628\u064a\u0631\u0629 \u0645\u062b\u0627\u0644\u064a\u0629 \u0644\u0635\u064a\u062f \u0627\u0644\u0623\u0633\u0645\u0627\u0643 \u0628\u0627\u0644\u0637\u0639\u0645 \u0627\u0644\u0643\u0628\u064a\u0631. \u0645\u0631\u0646\u0629 \u0648\u0635\u0627\u0645\u062a\u0629 \u062d\u062a\u0649 \u0641\u064a \u0623\u0642\u0637\u0627\u0631 \u0643\u0628\u064a\u0631\u0629.<\/p>\n<p>\u0627\u0644\u0642\u0637\u0631 \u0648\u0627\u0644\u0645\u0642\u0627\u0648\u0645\u0629:<\/p>\n<p>\u0628\u064a: #1.5: 0.205 \u0645\u0644\u0645\u061b 30 \u0631\u0637\u0644<\/p>\n<p>\u0628\u064a: #2: 0.235 \u0645\u0644\u0645\u061b 35 \u0631\u0637\u0644<\/p>\n<p>\u0628\u064a: #2.5: 0.26 \u0645\u0644\u0645\u061b 45 \u0631\u0637\u0644<\/p>\n<p>\u0628\u064a: #3: 0.285 \u0645\u0644\u0645\u061b 50 \u0631\u0637\u0644<\/p>\n<p>\u0628\u064a: #4: 0.33 \u0645\u0644\u0645\u061b 60 \u0631\u0637\u0644<\/p>\n<p>&nbsp;<\/p>\n<p>&nbsp;<\/p>","protected":false},"excerpt":{"rendered":"<p>La marque Xbraid est le nouveau nom de la marque YGK. Tresse 8 brins Made in Japon avec confection WX pour une r\u00e9sistance exceptionnelle \u00e0 la traction et \u00e0 l&rsquo;brasions. Elle est destin\u00e9e \u00e0 la p\u00eache au jig m\u00eame si elle conviendra tr\u00e8s bien \u00e0 toutes les p\u00eaches aux leurres. Les gros diam\u00e8tres sont parfaits [&hellip;]<\/p>","protected":false},"featured_media":7336,"comment_status":"open","ping_status":"closed","template":"","meta":{"_uf_show_specific_survey":0,"_uf_disable_surveys":false},"product_brand":[],"product_cat":[581,164,227],"product_tag":[],"class_list":{"0":"post-7335","1":"product","2":"type-product","3":"status-publish","4":"has-post-thumbnail","6":"product_cat-tresse","7":"product_cat-peche","8":"product_cat-materiel-de-peche","10":"first","11":"instock","12":"shipping-taxable","13":"purchasable","14":"product-type-variable"},"aioseo_notices":[],"_links":{"self":[{"href":"https:\/\/dsmarinealgerie.com\/ar\/wp-json\/wp\/v2\/product\/7335","targetHints":{"allow":["GET"]}}],"collection":[{"href":"https:\/\/dsmarinealgerie.com\/ar\/wp-json\/wp\/v2\/product"}],"about":[{"href":"https:\/\/dsmarinealgerie.com\/ar\/wp-json\/wp\/v2\/types\/product"}],"replies":[{"embeddable":true,"href":"https:\/\/dsmarinealgerie.com\/ar\/wp-json\/wp\/v2\/comments?post=7335"}],"wp:featuredmedia":[{"embeddable":true,"href":"https:\/\/dsmarinealgerie.com\/ar\/wp-json\/wp\/v2\/media\/7336"}],"wp:attachment":[{"href":"https:\/\/dsmarinealgerie.com\/ar\/wp-json\/wp\/v2\/media?parent=7335"}],"wp:term":[{"taxonomy":"product_brand","embeddable":true,"href":"https:\/\/dsmarinealgerie.com\/ar\/wp-json\/wp\/v2\/product_brand?post=7335"},{"taxonomy":"product_cat","embeddable":true,"href":"https:\/\/dsmarinealgerie.com\/ar\/wp-json\/wp\/v2\/product_cat?post=7335"},{"taxonomy":"product_tag","embeddable":true,"href":"https:\/\/dsmarinealgerie.com\/ar\/wp-json\/wp\/v2\/product_tag?post=7335"}],"curies":[{"name":"wp","href":"https:\/\/api.w.org\/{rel}","templated":true}]}}