{"id":7341,"date":"2023-11-29T15:15:42","date_gmt":"2023-11-29T15:15:42","guid":{"rendered":"https:\/\/dsmarinealgerie.com\/?post_type=product&#038;p=7341"},"modified":"2024-02-13T13:37:13","modified_gmt":"2024-02-13T13:37:13","slug":"tresse-kanji-super-braid-300m","status":"publish","type":"product","link":"https:\/\/dsmarinealgerie.com\/ar\/shop\/peche\/materiel-de-peche\/tresse\/tresse-kanji-super-braid-300m\/","title":{"rendered":"\u0643\u0627\u0646\u062c\u064a \u0633\u0648\u0628\u0631 \u0628\u0631\u0627\u064a\u062f 300 \u0645"},"content":{"rendered":"<p>\u2022 \u062c\u062f\u064a\u0644\u0629 8x \u0645\u0635\u0645\u0645\u0629 \u0648\u0641\u0642\u0627\u064b \u0644\u0644\u0645\u0639\u0627\u064a\u064a\u0631 \u0627\u0644\u064a\u0627\u0628\u0627\u0646\u064a\u0629<br \/>\n\u2022 \u0633\u0644\u0633 \u062a\u0645\u0627\u0645\u064b\u0627<br \/>\n\u2022 \u0645\u0635\u0646\u0648\u0639\u0629 \u0645\u0646 \u0623\u0644\u064a\u0627\u0641 \u0627\u0644\u0628\u0648\u0644\u064a \u0625\u064a\u062b\u064a\u0644\u064a\u0646 100%<br \/>\n\u2022 \u0647\u064a\u0643\u0644 \u0645\u0633\u062a\u062f\u064a\u0631 \u0648\u0635\u0627\u0645\u062a<\/p>\n<p>&nbsp;<\/p>","protected":false},"excerpt":{"rendered":"<p>\u2022 La tresse 8x con\u00e7ue au standard japonais \u2022 Parfaitement lisse \u2022 R\u00e9alis\u00e9e \u00e0 partir de fibre 100% PE \u2022 Une structure ronde et silencieuse &nbsp;<\/p>","protected":false},"featured_media":7342,"comment_status":"open","ping_status":"closed","template":"","meta":{"_uf_show_specific_survey":0,"_uf_disable_surveys":false},"product_brand":[],"product_cat":[581,164,227],"product_tag":[],"class_list":{"0":"post-7341","1":"product","2":"type-product","3":"status-publish","4":"has-post-thumbnail","6":"product_cat-tresse","7":"product_cat-peche","8":"product_cat-materiel-de-peche","10":"first","11":"instock","12":"shipping-taxable","13":"purchasable","14":"product-type-variable"},"aioseo_notices":[],"_links":{"self":[{"href":"https:\/\/dsmarinealgerie.com\/ar\/wp-json\/wp\/v2\/product\/7341","targetHints":{"allow":["GET"]}}],"collection":[{"href":"https:\/\/dsmarinealgerie.com\/ar\/wp-json\/wp\/v2\/product"}],"about":[{"href":"https:\/\/dsmarinealgerie.com\/ar\/wp-json\/wp\/v2\/types\/product"}],"replies":[{"embeddable":true,"href":"https:\/\/dsmarinealgerie.com\/ar\/wp-json\/wp\/v2\/comments?post=7341"}],"wp:featuredmedia":[{"embeddable":true,"href":"https:\/\/dsmarinealgerie.com\/ar\/wp-json\/wp\/v2\/media\/7342"}],"wp:attachment":[{"href":"https:\/\/dsmarinealgerie.com\/ar\/wp-json\/wp\/v2\/media?parent=7341"}],"wp:term":[{"taxonomy":"product_brand","embeddable":true,"href":"https:\/\/dsmarinealgerie.com\/ar\/wp-json\/wp\/v2\/product_brand?post=7341"},{"taxonomy":"product_cat","embeddable":true,"href":"https:\/\/dsmarinealgerie.com\/ar\/wp-json\/wp\/v2\/product_cat?post=7341"},{"taxonomy":"product_tag","embeddable":true,"href":"https:\/\/dsmarinealgerie.com\/ar\/wp-json\/wp\/v2\/product_tag?post=7341"}],"curies":[{"name":"wp","href":"https:\/\/api.w.org\/{rel}","templated":true}]}}