{"id":7350,"date":"2023-11-29T15:34:29","date_gmt":"2023-11-29T15:34:29","guid":{"rendered":"https:\/\/dsmarinealgerie.com\/?post_type=product&#038;p=7350"},"modified":"2023-11-30T07:34:35","modified_gmt":"2023-11-30T07:34:35","slug":"tresse-gosen-roots-4-brins-300m","status":"publish","type":"product","link":"https:\/\/dsmarinealgerie.com\/ar\/shop\/peche\/materiel-de-peche\/tresse\/tresse-gosen-roots-4-brins-300m\/","title":{"rendered":"\u062c\u062f\u064a\u0644\u0629 \u062c\u0648\u0633\u0646 \u0631\u0648\u062a\u0633 4 \u062c\u062f\u0627\u0626\u0644 300 \u0645\u062a\u0631"},"content":{"rendered":"<p>\u062a\u0639\u062f \u062c\u062f\u064a\u0644\u0629 Gosen ROOTS \u062e\u064a\u0627\u0631\u064b\u0627 \u0645\u0645\u062a\u0627\u0632\u064b\u0627 \u0644\u0623\u0646\u0648\u0627\u0639 \u0645\u062e\u062a\u0644\u0641\u0629 \u0645\u0646 \u0635\u064a\u062f \u0627\u0644\u0623\u0633\u0645\u0627\u0643 \u0628\u0627\u0644\u062c\u0648\u062f\u0629 \u0627\u0644\u064a\u0627\u0628\u0627\u0646\u064a\u0629 \u0627\u0644\u0645\u0645\u064a\u0632\u0629 \u0644\u0644\u0639\u0644\u0627\u0645\u0629 \u0627\u0644\u062a\u062c\u0627\u0631\u064a\u0629 \u0627\u0644\u0634\u0647\u064a\u0631\u0629! \u0639\u0644\u0649 \u0639\u0643\u0633 \u062e\u0637\u0648\u0637\u0647\u0627 \u0627\u0644\u0645\u062a\u062e\u0635\u0635\u0629 \u0627\u0644\u0645\u0639\u0631\u0648\u0641\u0629\u060c \u062a\u0645 \u062a\u0635\u0645\u064a\u0645 \u0633\u0644\u0633\u0644\u0629 \u0631\u0648\u062a\u0633 \u0644\u062a\u0644\u0628\u064a\u0629 \u0645\u062a\u0637\u0644\u0628\u0627\u062a \u0645\u062c\u0645\u0648\u0639\u0629 \u0648\u0627\u0633\u0639\u0629 \u0645\u0646 \u0627\u0644\u062a\u0642\u0646\u064a\u0627\u062a\u060c \u0633\u0648\u0627\u0621 \u0643\u0646\u062a \u062a\u0635\u0637\u0627\u062f \u0645\u0646 \u0627\u0644\u0634\u0627\u0637\u0626 \u0623\u0648 \u0645\u0646 \u0642\u0627\u0631\u0628\u060c \u0623\u0648 \u062a\u0635\u0637\u0627\u062f \u0628\u0627\u0633\u062a\u062e\u062f\u0627\u0645 \u0637\u064f\u0639\u0645 \u0635\u0646\u0627\u0639\u064a \u0623\u0648 \u0637\u064f\u0639\u0645. \u0643\u0644 \u0647\u0630\u0627 \u0645\u0645\u0643\u0646 \u0628\u0641\u0636\u0644 \u0627\u0644\u062a\u0648\u0627\u0632\u0646 \u0627\u0644\u0641\u0631\u064a\u062f \u0628\u064a\u0646 \u0627\u0644\u0642\u0648\u0629 \u0648\u0627\u0644\u062d\u0633\u0627\u0633\u064a\u0629 \u0648\u0645\u0642\u0627\u0648\u0645\u0629 \u0627\u0644\u062a\u0622\u0643\u0644 \u0648\u0627\u0644\u0645\u062a\u0627\u0646\u0629 \u0627\u0644\u0627\u0633\u062a\u062b\u0646\u0627\u0626\u064a\u0629 \u0644\u0643\u0644 \u062d\u062c\u0645 \u0645\u0646 \u0623\u062d\u062c\u0627\u0645 \u0627\u0644\u0623\u0644\u064a\u0627\u0641.<\/p>\n<h4 class=\"c-headline full-border\">\u0633\u0645\u0627\u062a:<\/h4>\n<p>\u0628\u064a 1.5: 23 \u0631\u0637\u0644\u060c 10.6 \u0643\u062c\u0645<\/p>\n<p>\u0628\u064a 2: 31 \u0631\u0637\u0644\u060c 14 \u0643\u062c\u0645<\/p>\n<p>\u0628\u064a 3: 40 \u0631\u0637\u0644\u060c 18 \u0643\u062c\u0645<\/p>","protected":false},"excerpt":{"rendered":"<p>Tresse Gosen ROOTS est un excellent choix pour diff\u00e9rents types de p\u00eache avec la qualit\u00e9 japonaise caract\u00e9ristique de la c\u00e9l\u00e8bre marque ! Contrairement \u00e0 leurs lignes sp\u00e9cialis\u00e9es bien connues, la s\u00e9rie Roots est con\u00e7ue pour r\u00e9pondre aux exigences d&rsquo;un large \u00e9ventail de techniques, que vous p\u00eachiez du bord ou en bateau, que vous p\u00eachiez aux [&hellip;]<\/p>","protected":false},"featured_media":7354,"comment_status":"open","ping_status":"closed","template":"","meta":{"_uf_show_specific_survey":0,"_uf_disable_surveys":false},"product_brand":[],"product_cat":[581,164,227],"product_tag":[],"class_list":{"0":"post-7350","1":"product","2":"type-product","3":"status-publish","4":"has-post-thumbnail","6":"product_cat-tresse","7":"product_cat-peche","8":"product_cat-materiel-de-peche","10":"first","11":"instock","12":"shipping-taxable","13":"purchasable","14":"product-type-variable"},"aioseo_notices":[],"_links":{"self":[{"href":"https:\/\/dsmarinealgerie.com\/ar\/wp-json\/wp\/v2\/product\/7350","targetHints":{"allow":["GET"]}}],"collection":[{"href":"https:\/\/dsmarinealgerie.com\/ar\/wp-json\/wp\/v2\/product"}],"about":[{"href":"https:\/\/dsmarinealgerie.com\/ar\/wp-json\/wp\/v2\/types\/product"}],"replies":[{"embeddable":true,"href":"https:\/\/dsmarinealgerie.com\/ar\/wp-json\/wp\/v2\/comments?post=7350"}],"wp:featuredmedia":[{"embeddable":true,"href":"https:\/\/dsmarinealgerie.com\/ar\/wp-json\/wp\/v2\/media\/7354"}],"wp:attachment":[{"href":"https:\/\/dsmarinealgerie.com\/ar\/wp-json\/wp\/v2\/media?parent=7350"}],"wp:term":[{"taxonomy":"product_brand","embeddable":true,"href":"https:\/\/dsmarinealgerie.com\/ar\/wp-json\/wp\/v2\/product_brand?post=7350"},{"taxonomy":"product_cat","embeddable":true,"href":"https:\/\/dsmarinealgerie.com\/ar\/wp-json\/wp\/v2\/product_cat?post=7350"},{"taxonomy":"product_tag","embeddable":true,"href":"https:\/\/dsmarinealgerie.com\/ar\/wp-json\/wp\/v2\/product_tag?post=7350"}],"curies":[{"name":"wp","href":"https:\/\/api.w.org\/{rel}","templated":true}]}}