{"id":7357,"date":"2023-11-30T09:36:50","date_gmt":"2023-11-30T09:36:50","guid":{"rendered":"https:\/\/dsmarinealgerie.com\/?post_type=product&#038;p=7357"},"modified":"2023-11-30T09:36:50","modified_gmt":"2023-11-30T09:36:50","slug":"tresse-shimano-grappler-8-brins-300m","status":"publish","type":"product","link":"https:\/\/dsmarinealgerie.com\/ar\/shop\/peche\/materiel-de-peche\/tresse\/tresse-shimano-grappler-8-brins-300m\/","title":{"rendered":"\u062c\u062f\u064a\u0644\u0629 \u0634\u064a\u0645\u0627\u0646\u0648 \u062c\u0631\u0627\u0628\u0644\u0631 8 \u062c\u062f\u0627\u0626\u0644 300 \u0645\u062a\u0631"},"content":{"rendered":"<p><span>\u0623\u0635\u0628\u062d \u0627\u0633\u0645 Grappler \u0645\u0631\u0627\u062f\u0641\u064b\u0627 \u0644\u0644\u062c\u0648\u062f\u0629 \u0648\u0627\u0644\u0642\u0648\u0629\u060c \u0648\u0644\u0627 \u062a\u062e\u062a\u0644\u0641 \u062c\u062f\u064a\u0644\u0629 Grappler 8 \u0627\u0644\u062c\u062f\u064a\u062f\u0629 \u0639\u0646 \u0630\u0644\u0643. <\/span><span>\u0647\u0630\u0647 \u0627\u0644\u062c\u062f\u064a\u0644\u0629 \u0645\u062a\u0639\u062f\u062f\u0629 \u0627\u0644\u0623\u0644\u0648\u0627\u0646 \u0645\u0635\u0646\u0648\u0639\u0629 \u0645\u0646 \u062e\u064a\u0648\u0637 IZANAS 8 \u0627\u0644\u0645\u062a\u0645\u064a\u0632\u0629 \u0648\u062a\u062a\u0645\u064a\u0632 \u0628\u062a\u0642\u0646\u064a\u0629 Heat Sink \u0627\u0644\u062d\u0635\u0631\u064a\u0629 \u0645\u0646 Shimano \u0648\u0627\u0644\u062a\u064a \u062a\u0639\u0645\u0644 \u0639\u0644\u0649 \u062a\u0648\u0632\u064a\u0639 \u0627\u0644\u062d\u0631\u0627\u0631\u0629 \u0639\u0628\u0631 \u0627\u0644\u0637\u0644\u0627\u0621\u060c \u0645\u0645\u0627 \u064a\u0642\u0644\u0644 \u0645\u0646 \u062a\u0644\u0641 \u0627\u0644\u062e\u0637\u0648\u0637 \u0623\u062b\u0646\u0627\u0621 \u062a\u0644\u0643 \u0627\u0644\u0645\u0639\u0627\u0631\u0643 \u0627\u0644\u0637\u0648\u064a\u0644\u0629 \u0648\u0627\u0644\u0635\u0639\u0628\u0629. <\/span><span>\u062a\u0633\u0645\u062d \u0637\u0631\u064a\u0642\u0629 \u0627\u0644\u0628\u0646\u0627\u0621 VT \u0628\u0646\u0633\u062c \u0627\u0644\u0623\u0644\u064a\u0627\u0641 \u0627\u0644\u0645\u0636\u0641\u0631\u0629 \u0627\u0644\u062f\u0642\u064a\u0642\u0629 \u0628\u0627\u0644\u062a\u0633\u0627\u0648\u064a \u0645\u0646 \u062c\u0645\u064a\u0639 \u0627\u0644\u0632\u0648\u0627\u064a\u0627\u060c \u062a\u062d\u062a \u0636\u063a\u0637 \u0639\u0627\u0644\u064d.\u00a0<\/span><span>\u064a\u0624\u062f\u064a \u0647\u0630\u0627 \u0625\u0644\u0649 \u0644\u0645\u0633\u0629 \u0646\u0647\u0627\u0626\u064a\u0629 \u0623\u0643\u062b\u0631 \u0646\u0639\u0648\u0645\u0629 \u0648\u0642\u0637\u0631 \u0623\u0642\u0644\u060c \u0645\u0645\u0627 \u064a\u062c\u0639\u0644\u0647\u0627 \u0645\u0646\u0627\u0633\u0628\u0629 \u0644\u0644\u0635\u0628 \u0648\u0627\u0644\u0642\u0641\u0632.<\/span><\/p>","protected":false},"excerpt":{"rendered":"<p>Le nom Grappler est devenu synonyme de qualit\u00e9 et de r\u00e9sistance et la nouvelle tresse Grappler 8 n&rsquo;est pas diff\u00e9rente. cette tresse\u00a0 multicolore est fabriqu\u00e9e \u00e0 partir de 8 brins IZANAS haut de gamme et int\u00e8gre la technologie exclusive Heat Sink de Shimano qui disperse la chaleur sur le rev\u00eatement, r\u00e9duisant ainsi les dommages \u00e0 [&hellip;]<\/p>","protected":false},"featured_media":7362,"comment_status":"open","ping_status":"closed","template":"","meta":{"_uf_show_specific_survey":0,"_uf_disable_surveys":false},"product_brand":[],"product_cat":[581,164,227],"product_tag":[],"class_list":{"0":"post-7357","1":"product","2":"type-product","3":"status-publish","4":"has-post-thumbnail","6":"product_cat-tresse","7":"product_cat-peche","8":"product_cat-materiel-de-peche","10":"first","11":"instock","12":"shipping-taxable","13":"purchasable","14":"product-type-variable"},"aioseo_notices":[],"_links":{"self":[{"href":"https:\/\/dsmarinealgerie.com\/ar\/wp-json\/wp\/v2\/product\/7357","targetHints":{"allow":["GET"]}}],"collection":[{"href":"https:\/\/dsmarinealgerie.com\/ar\/wp-json\/wp\/v2\/product"}],"about":[{"href":"https:\/\/dsmarinealgerie.com\/ar\/wp-json\/wp\/v2\/types\/product"}],"replies":[{"embeddable":true,"href":"https:\/\/dsmarinealgerie.com\/ar\/wp-json\/wp\/v2\/comments?post=7357"}],"wp:featuredmedia":[{"embeddable":true,"href":"https:\/\/dsmarinealgerie.com\/ar\/wp-json\/wp\/v2\/media\/7362"}],"wp:attachment":[{"href":"https:\/\/dsmarinealgerie.com\/ar\/wp-json\/wp\/v2\/media?parent=7357"}],"wp:term":[{"taxonomy":"product_brand","embeddable":true,"href":"https:\/\/dsmarinealgerie.com\/ar\/wp-json\/wp\/v2\/product_brand?post=7357"},{"taxonomy":"product_cat","embeddable":true,"href":"https:\/\/dsmarinealgerie.com\/ar\/wp-json\/wp\/v2\/product_cat?post=7357"},{"taxonomy":"product_tag","embeddable":true,"href":"https:\/\/dsmarinealgerie.com\/ar\/wp-json\/wp\/v2\/product_tag?post=7357"}],"curies":[{"name":"wp","href":"https:\/\/api.w.org\/{rel}","templated":true}]}}