{"id":7363,"date":"2023-11-30T09:57:37","date_gmt":"2023-11-30T09:57:37","guid":{"rendered":"https:\/\/dsmarinealgerie.com\/?post_type=product&#038;p=7363"},"modified":"2023-11-30T09:57:37","modified_gmt":"2023-11-30T09:57:37","slug":"tresse-shimano-kairiki-8-brins-300m","status":"publish","type":"product","link":"https:\/\/dsmarinealgerie.com\/ar\/shop\/peche\/materiel-de-peche\/tresse\/tresse-shimano-kairiki-8-brins-300m\/","title":{"rendered":"\u0636\u0641\u064a\u0631\u0629 \u0634\u064a\u0645\u0627\u0646\u0648 \u0643\u0627\u064a\u0631\u064a\u0643\u064a 8 \u062c\u062f\u0627\u0626\u0644 300 \u0645\u062a\u0631"},"content":{"rendered":"<p>\u0647\u0630\u0627 \u0627\u0644\u0646\u0645\u0648\u0630\u062c \u0645\u0646\u00a0<strong>8 \u062c\u062f\u064a\u0644\u0629 \u062c\u062f\u064a\u0644\u0629<\/strong>\u00a0\u062a\u0645 \u062a\u0637\u0648\u064a\u0631\u0647 \u0628\u0648\u0627\u0633\u0637\u0629\u00a0<strong>\u0634\u064a\u0645\u0627\u0646\u0648<\/strong>. \u0647\u0646\u0627\u0643\u00a0<strong>\u0643\u064a\u0631\u064a\u0643<\/strong> \u064a\u0642\u062f\u0645 \u0644\u0643 8 \u062e\u064a\u0648\u0637 PE \u0644\u0627\u0646\u0632\u0644\u0627\u0642 \u0645\u0645\u062a\u0627\u0632 \u0648\u0645\u0642\u0627\u0648\u0645\u0629 \u0643\u0628\u064a\u0631\u0629 \u0628\u062c\u0645\u064a\u0639 \u0627\u0644\u0623\u0642\u0637\u0627\u0631. \u0627\u0644\u0646\u0633\u062e\u0629 <strong>\u0645\u062a\u0639\u062f\u062f \u0627\u0644\u0623\u0644\u0648\u0627\u0646<\/strong>\u00a0\u0648\u0627\u0644\u062a\u064a \u0633\u062a\u0643\u0648\u0646 \u0645\u062b\u0627\u0644\u064a\u0629 \u0644\u062c\u0645\u064a\u0639 \u0645\u0645\u0627\u0631\u0633\u0627\u062a \u0627\u0644\u0635\u064a\u062f \u0627\u0644\u0639\u0645\u064a\u0642 \u0623\u0648 \u0627\u0644\u0642\u0641\u0632.<\/p>\n<p>\u0644\u0641 <strong>300 \u0645<\/strong>\u00a0\u064a\u0636\u0645\u0646 \u0644\u0643 \u0645\u0644\u0621 \u0628\u0643\u0631\u0629 \u0630\u0627\u062a \u0633\u0639\u0629 \u0643\u0628\u064a\u0631\u0629 \u0623\u0648 \u0628\u0643\u0631\u062a\u064a\u0646 \u0623\u0648 \u062b\u0644\u0627\u062b \u0628\u0643\u0631\u0627\u062a \u0635\u063a\u064a\u0631\u0629.<\/p>\n<p>&nbsp;<\/p>","protected":false},"excerpt":{"rendered":"<p>Ce mod\u00e8le de\u00a0tresse 8 brins\u00a0a \u00e9t\u00e9 d\u00e9velopp\u00e9e par\u00a0Shimano.\u00a0La\u00a0Kairiki vous propose 8 brins PE pour une excellente glisse et une r\u00e9sistance importante dans tous les diam\u00e8tres. la version multicolore\u00a0qui sera parfaite pour tous les pratiques en p\u00eache profonde ou en jigging. Le bobinage de 300m\u00a0vous assure de remplir un moulinet de grande capacit\u00e9 ou alors deux [&hellip;]<\/p>","protected":false},"featured_media":7367,"comment_status":"open","ping_status":"closed","template":"","meta":{"_uf_show_specific_survey":0,"_uf_disable_surveys":false},"product_brand":[],"product_cat":[581,164,227],"product_tag":[],"class_list":{"0":"post-7363","1":"product","2":"type-product","3":"status-publish","4":"has-post-thumbnail","6":"product_cat-tresse","7":"product_cat-peche","8":"product_cat-materiel-de-peche","10":"first","11":"instock","12":"shipping-taxable","13":"purchasable","14":"product-type-variable"},"aioseo_notices":[],"_links":{"self":[{"href":"https:\/\/dsmarinealgerie.com\/ar\/wp-json\/wp\/v2\/product\/7363","targetHints":{"allow":["GET"]}}],"collection":[{"href":"https:\/\/dsmarinealgerie.com\/ar\/wp-json\/wp\/v2\/product"}],"about":[{"href":"https:\/\/dsmarinealgerie.com\/ar\/wp-json\/wp\/v2\/types\/product"}],"replies":[{"embeddable":true,"href":"https:\/\/dsmarinealgerie.com\/ar\/wp-json\/wp\/v2\/comments?post=7363"}],"wp:featuredmedia":[{"embeddable":true,"href":"https:\/\/dsmarinealgerie.com\/ar\/wp-json\/wp\/v2\/media\/7367"}],"wp:attachment":[{"href":"https:\/\/dsmarinealgerie.com\/ar\/wp-json\/wp\/v2\/media?parent=7363"}],"wp:term":[{"taxonomy":"product_brand","embeddable":true,"href":"https:\/\/dsmarinealgerie.com\/ar\/wp-json\/wp\/v2\/product_brand?post=7363"},{"taxonomy":"product_cat","embeddable":true,"href":"https:\/\/dsmarinealgerie.com\/ar\/wp-json\/wp\/v2\/product_cat?post=7363"},{"taxonomy":"product_tag","embeddable":true,"href":"https:\/\/dsmarinealgerie.com\/ar\/wp-json\/wp\/v2\/product_tag?post=7363"}],"curies":[{"name":"wp","href":"https:\/\/api.w.org\/{rel}","templated":true}]}}