{"id":7368,"date":"2023-11-30T11:54:11","date_gmt":"2023-11-30T11:54:11","guid":{"rendered":"https:\/\/dsmarinealgerie.com\/?post_type=product&#038;p=7368"},"modified":"2023-11-30T11:54:11","modified_gmt":"2023-11-30T11:54:11","slug":"tresse-seaguar-r18-seabass-stealth-gray-pe-1-2-150m","status":"publish","type":"product","link":"https:\/\/dsmarinealgerie.com\/ar\/shop\/peche\/materiel-de-peche\/tresse\/tresse-seaguar-r18-seabass-stealth-gray-pe-1-2-150m\/","title":{"rendered":"Seaguar R18 Seabass Stealth Gray PE 1.2 \u062c\u062f\u064a\u0644\u0629 -150 \u0645\u062a\u0631"},"content":{"rendered":"<p>Seaguar R18 Seabass PE X8 \u0647\u0648 \u062c\u062f\u064a\u0644\u0629 \u0645\u0645\u062a\u0627\u0632\u0629 \u0644\u062c\u0645\u064a\u0639 \u0627\u0644\u0623\u063a\u0631\u0627\u0636. \u0645\u0646\u0627\u0633\u0628\u0629 \u0644\u0644\u0645\u064a\u0627\u0647 \u0627\u0644\u0639\u0630\u0628\u0629 \u0648\u0627\u0644\u0645\u0627\u0644\u062d\u0629.<br \/>\n\u0627\u0644\u062c\u062f\u064a\u0644\u0629 \u0645\u062a\u0646\u0627\u063a\u0645\u0629 \u0648\u0646\u0627\u0639\u0645\u0629 \u0648\u0645\u0633\u062a\u062f\u064a\u0631\u0629.<br \/>\n\u0631\u0641\u064a\u0639\u0629 \u0644\u0644\u063a\u0627\u064a\u0629 \u0648\u0646\u0627\u0639\u0645\u0629 \u0648\u0645\u0648\u062b\u0648\u0642\u0629 \u0644\u0644\u063a\u0627\u064a\u0629\u060c \u0648\u0642\u062f \u0627\u0643\u062a\u0633\u0628\u062a \u0647\u0630\u0647 \u0627\u0644\u062c\u062f\u064a\u0644\u0629 \u0634\u0647\u0631\u0629 \u0639\u0627\u0644\u0645\u064a\u0629 \u0644\u0642\u062f\u0631\u062a\u0647\u0627 \u0639\u0644\u0649 \u0627\u0644\u0635\u0628.<br \/>\nSeaguar R18 Seabass \u0645\u0636\u0641\u0631 \u0628\u0623\u062d\u062f\u062b \u0627\u0644\u062a\u0642\u0646\u064a\u0627\u062a.<br \/>\n\u062a\u0645 \u0625\u062b\u0628\u0627\u062a \u0627\u0644\u062c\u0648\u062f\u0629. \u0635\u0646\u0639 \u0641\u064a \u0627\u0644\u064a\u0627\u0628\u0627\u0646.<\/p>\n<p>&nbsp;<\/p>","protected":false},"excerpt":{"rendered":"<p>Seaguar R18 Seabass PE X8 est une tresse polyvalente haut de gamme. Convient pour l&rsquo;eau douce et sal\u00e9e. La tresse est harmonieuse, lisse et ronde. Super-Mince, lisse et tr\u00e8s fiable, cette tresse a acquis une renomm\u00e9e internationale pour sa capacit\u00e9 de lancer. Seaguar R18 Seabass tress\u00e9 par la technique la plus avanc\u00e9e . Qualit\u00e9 est [&hellip;]<\/p>","protected":false},"featured_media":7369,"comment_status":"open","ping_status":"closed","template":"","meta":{"_uf_show_specific_survey":0,"_uf_disable_surveys":false},"product_brand":[],"product_cat":[581,164,227],"product_tag":[],"class_list":{"0":"post-7368","1":"product","2":"type-product","3":"status-publish","4":"has-post-thumbnail","6":"product_cat-tresse","7":"product_cat-peche","8":"product_cat-materiel-de-peche","10":"first","11":"instock","12":"shipping-taxable","13":"purchasable","14":"product-type-simple"},"aioseo_notices":[],"_links":{"self":[{"href":"https:\/\/dsmarinealgerie.com\/ar\/wp-json\/wp\/v2\/product\/7368","targetHints":{"allow":["GET"]}}],"collection":[{"href":"https:\/\/dsmarinealgerie.com\/ar\/wp-json\/wp\/v2\/product"}],"about":[{"href":"https:\/\/dsmarinealgerie.com\/ar\/wp-json\/wp\/v2\/types\/product"}],"replies":[{"embeddable":true,"href":"https:\/\/dsmarinealgerie.com\/ar\/wp-json\/wp\/v2\/comments?post=7368"}],"wp:featuredmedia":[{"embeddable":true,"href":"https:\/\/dsmarinealgerie.com\/ar\/wp-json\/wp\/v2\/media\/7369"}],"wp:attachment":[{"href":"https:\/\/dsmarinealgerie.com\/ar\/wp-json\/wp\/v2\/media?parent=7368"}],"wp:term":[{"taxonomy":"product_brand","embeddable":true,"href":"https:\/\/dsmarinealgerie.com\/ar\/wp-json\/wp\/v2\/product_brand?post=7368"},{"taxonomy":"product_cat","embeddable":true,"href":"https:\/\/dsmarinealgerie.com\/ar\/wp-json\/wp\/v2\/product_cat?post=7368"},{"taxonomy":"product_tag","embeddable":true,"href":"https:\/\/dsmarinealgerie.com\/ar\/wp-json\/wp\/v2\/product_tag?post=7368"}],"curies":[{"name":"wp","href":"https:\/\/api.w.org\/{rel}","templated":true}]}}