{"id":7370,"date":"2023-11-30T12:10:43","date_gmt":"2023-11-30T12:10:43","guid":{"rendered":"https:\/\/dsmarinealgerie.com\/?post_type=product&#038;p=7370"},"modified":"2023-11-30T12:10:44","modified_gmt":"2023-11-30T12:10:44","slug":"tresse-spectra-power-pro-0-28mm-455m","status":"publish","type":"product","link":"https:\/\/dsmarinealgerie.com\/ar\/shop\/peche\/materiel-de-peche\/tresse\/tresse-spectra-power-pro-0-28mm-455m\/","title":{"rendered":"\u062c\u062f\u064a\u0644\u0629 \u0633\u0628\u0643\u062a\u0631\u0627 \u0628\u0627\u0648\u0631 \u0628\u0631\u0648 0.28 \u0645\u0644\u0645 - 455 \u0645\u062a\u0631"},"content":{"rendered":"<p>POWER PRO BRAID \u0627\u0644\u0645\u0631\u062c\u0639 \u0644\u062c\u0645\u064a\u0639 \u0635\u064a\u0627\u062f\u064a \u0627\u0644\u063a\u0632\u0644 \u0648\u0627\u0644\u0635\u064a\u062f \u0628\u0634\u0643\u0644 \u0639\u0627\u0645. \u0635\u0641\u0627\u062a \u0648\u0645\u064a\u0632\u0627\u062a \u0644\u0627 \u0645\u062b\u064a\u0644 \u0644\u0647\u0627 \u0641\u064a \u0627\u0644\u0633\u0648\u0642 \u0627\u0644\u064a\u0648\u0645.<\/p>\n<ul>\n<li>\u0644\u0641 \u0645\u062b\u0627\u0644\u064a \u0639\u0644\u0649 \u062c\u0645\u064a\u0639 \u0627\u0644\u0628\u0643\u0631\u0627\u062a \u0627\u0644\u062a\u064a \u062a\u0642\u0628\u0644 \u0627\u0644\u062c\u062f\u064a\u0644\u0629.<\/li>\n<li>\u0644\u0627 \u064a\u0645\u062a\u0635 \u0627\u0644\u0645\u0627\u0621<\/li>\n<li>\u0628\u062f\u0648\u0646 \u0630\u0627\u0643\u0631\u0629<\/li>\n<\/ul>\n<p class=\"\">\u00a0\u0628\u0646\u064a\u0629 \u0645\u062a\u0641\u0648\u0642\u0629 \u0639\u0644\u0649 \u062c\u0645\u064a\u0639 \u0627\u0644\u0636\u0641\u0627\u0626\u0631 \u0627\u0644\u0645\u0646\u0627\u0641\u0633\u0629:<\/p>\n<ul>\n<li>\u0634\u0639\u0631 \u0645\u0633\u062a\u0639\u0627\u0631 \u0623\u0642\u0644 \u0623\u0648 \u062e\u0637 \u0632\u0627\u0626\u062f\u060c \u0648\u0627\u062d\u062a\u0643\u0627\u0643 \u0623\u0642\u0644 \u0641\u064a \u0627\u0644\u062d\u0644\u0642\u0627\u062a<\/li>\n<li>\u0633\u0647\u0644 \u0627\u0644\u0631\u0628\u0637 \u0648\u0642\u0648\u0629 \u0639\u0642\u062f\u0629 \u0645\u0645\u062a\u0627\u0632\u0629.<\/li>\n<li>\u0627\u0633\u062a\u0637\u0627\u0644\u0629 \u0645\u0646\u062e\u0641\u0636\u0629 \u062c\u062f\u064b\u0627\u060c \u0642\u0631\u064a\u0628\u0629 \u0645\u0646 \u0627\u0644\u0635\u0641\u0631<\/li>\n<li>\u0646\u0633\u0628\u0629 \u0627\u0644\u0642\u0637\u0631\/\u0627\u0644\u0642\u0648\u0629 \u0644\u0627 \u062a\u0635\u062f\u0642<\/li>\n<\/ul>\n<p>\u0623\u0643\u062b\u0631 \u0646\u0639\u0648\u0645\u0629 \u0648\u0646\u0639\u0648\u0645\u0629<\/p>\n<ul>\n<li>\u062a\u0646\u0632\u0644\u0642 \u0628\u0633\u0647\u0648\u0644\u0629 \u062c\u062f\u064b\u0627 \u0641\u064a \u0627\u0644\u062d\u0644\u0642\u0627\u062a \u0645\u0646 \u0623\u062c\u0644 \u0642\u0648\u0627\u0644\u0628 \u0623\u0637\u0648\u0644<\/li>\n<li>\u0645\u0642\u0627\u0648\u0645\u0629 \u0645\u0645\u062a\u0627\u0632\u0629 \u0644\u0644\u062a\u0622\u0643\u0644 \u0648\u062a\u0623\u062b\u064a\u0631\u0627\u062a \u0627\u0644\u0632\u0645\u0646<\/li>\n<li>\u064a\u062d\u062a\u0641\u0638 \u0628\u0623\u062f\u0627\u0626\u0647 \u0644\u0641\u062a\u0631\u0629 \u0637\u0648\u064a\u0644\u0629<\/li>\n<\/ul>","protected":false},"excerpt":{"rendered":"<p>TRESSE POWER PRO\u00a0La r\u00e9f\u00e9rence pour tous les p\u00eacheurs au lancer et au leurre en g\u00e9n\u00e9ral. Des qualit\u00e9s et des caract\u00e9ristiques in\u00e9gal\u00e9es \u00e0 ce jour sur le march\u00e9. Parfait bobinage sur tous les moulinets qui acceptent la tresse. N&rsquo;absorbe pas l&rsquo;eau Sans m\u00e9moire \u00a0Une structure sup\u00e9rieure \u00e0 toutes les tresses concurrentes : Moins de perruques ou [&hellip;]<\/p>","protected":false},"featured_media":7371,"comment_status":"open","ping_status":"closed","template":"","meta":{"_uf_show_specific_survey":0,"_uf_disable_surveys":false},"product_brand":[],"product_cat":[581,164,227],"product_tag":[],"class_list":{"0":"post-7370","1":"product","2":"type-product","3":"status-publish","4":"has-post-thumbnail","6":"product_cat-tresse","7":"product_cat-peche","8":"product_cat-materiel-de-peche","10":"first","11":"instock","12":"shipping-taxable","13":"purchasable","14":"product-type-simple"},"aioseo_notices":[],"_links":{"self":[{"href":"https:\/\/dsmarinealgerie.com\/ar\/wp-json\/wp\/v2\/product\/7370","targetHints":{"allow":["GET"]}}],"collection":[{"href":"https:\/\/dsmarinealgerie.com\/ar\/wp-json\/wp\/v2\/product"}],"about":[{"href":"https:\/\/dsmarinealgerie.com\/ar\/wp-json\/wp\/v2\/types\/product"}],"replies":[{"embeddable":true,"href":"https:\/\/dsmarinealgerie.com\/ar\/wp-json\/wp\/v2\/comments?post=7370"}],"wp:featuredmedia":[{"embeddable":true,"href":"https:\/\/dsmarinealgerie.com\/ar\/wp-json\/wp\/v2\/media\/7371"}],"wp:attachment":[{"href":"https:\/\/dsmarinealgerie.com\/ar\/wp-json\/wp\/v2\/media?parent=7370"}],"wp:term":[{"taxonomy":"product_brand","embeddable":true,"href":"https:\/\/dsmarinealgerie.com\/ar\/wp-json\/wp\/v2\/product_brand?post=7370"},{"taxonomy":"product_cat","embeddable":true,"href":"https:\/\/dsmarinealgerie.com\/ar\/wp-json\/wp\/v2\/product_cat?post=7370"},{"taxonomy":"product_tag","embeddable":true,"href":"https:\/\/dsmarinealgerie.com\/ar\/wp-json\/wp\/v2\/product_tag?post=7370"}],"curies":[{"name":"wp","href":"https:\/\/api.w.org\/{rel}","templated":true}]}}