{"id":7380,"date":"2023-11-30T13:28:16","date_gmt":"2023-11-30T13:28:16","guid":{"rendered":"https:\/\/dsmarinealgerie.com\/?post_type=product&#038;p=7380"},"modified":"2023-11-30T13:31:09","modified_gmt":"2023-11-30T13:31:09","slug":"tresse-xzoga-shogun-x8-300m","status":"publish","type":"product","link":"https:\/\/dsmarinealgerie.com\/ar\/shop\/peche\/materiel-de-peche\/tresse\/tresse-xzoga-shogun-x8-300m\/","title":{"rendered":"\u062c\u062f\u064a\u0644\u0629 Xzoga Shogun x8 \u2013 300 \u0645"},"content":{"rendered":"<p>\u062a\u0645 \u062a\u0635\u0645\u064a\u0645 \u0647\u0630\u0627 \u0627\u0644\u062c\u062f\u064a\u0644\u0629 \u0644\u0644\u0635\u064a\u062f \u0627\u0644\u0639\u0645\u0648\u062f\u064a \u0648\u062e\u0627\u0635\u0629 \u0644\u0644\u0635\u064a\u062f \u0627\u0644\u0623\u0643\u062b\u0631 \u062a\u0637\u0644\u0628\u064b\u0627 \u0645\u062b\u0644 \u0627\u0644\u0642\u0641\u0632.<\/p>\n<p>\u0625\u0646\u0647 \u064a\u0633\u062a\u0641\u064a\u062f \u0645\u0646 \u0645\u0639\u0627\u0644\u062c\u0629 \u0627\u0644\u0623\u0644\u064a\u0627\u0641 \u0627\u0644\u062c\u062f\u064a\u062f\u0629 \u0627\u0644\u062a\u064a \u062a\u0639\u0645\u0644 \u0639\u0644\u0649 \u062a\u062d\u0633\u064a\u0646 \u0627\u0644\u0645\u0642\u0627\u0648\u0645\u0629 \u0627\u0644\u0639\u0627\u0645\u0629 \u0644\u0644\u0636\u0641\u064a\u0631\u0629 \u0648\u062e\u0627\u0635\u0629 \u0645\u0642\u0627\u0648\u0645\u062a\u0647\u0627 \u0644\u0644\u062a\u0622\u0643\u0644.<\/p>\n<table style=\"height: 82px;\" border=\"0\" width=\"469\" cellspacing=\"0\" cellpadding=\"0\">\n<tbody>\n<tr>\n<td height=\"17\">\u0627\u0644\u062c\u064a\u0634 \u0627\u0644\u0634\u0639\u0628\u064a 2.0<\/td>\n<td>0.23 \u0645\u0644\u0644\u064a \u0645\u062a\u0631<\/td>\n<td>40 \u0631\u0637\u0644<\/td>\n<td><\/td>\n<td><\/td>\n<td><\/td>\n<\/tr>\n<tr>\n<td height=\"17\">\u0628\u064a 3.0<\/td>\n<td>0.28 \u0645\u0644\u0644\u064a \u0645\u062a\u0631<\/td>\n<td>50 \u0631\u0637\u0644<\/td>\n<td><\/td>\n<td><\/td>\n<td><\/td>\n<\/tr>\n<tr>\n<td height=\"17\">\u0627\u0644\u062c\u064a\u0634 \u0627\u0644\u0634\u0639\u0628\u064a 4.0<\/td>\n<td>0.33 \u0645\u0644\u0644\u064a \u0645\u062a\u0631<\/td>\n<td>60 \u0631\u0637\u0644<\/td>\n<\/tr>\n<\/tbody>\n<\/table>","protected":false},"excerpt":{"rendered":"<p>Cette tresse destin\u00e9e aux p\u00eaches verticales et en particulier aux plus exigeantes d&rsquo;entre elles comme le jigging. Elle b\u00e9n\u00e9ficie d&rsquo;une nouveau traitement des fibres qui am\u00e9liorent encore la r\u00e9sistance g\u00e9n\u00e9rale de la tresse et tout particuli\u00e8rement sa r\u00e9sistance \u00e0 l&rsquo;abrasion. PE 2.0 0.23MM 40LB PE 3.0 0.28MM 50LB PE 4.0 0.33MM 60LB<\/p>","protected":false},"featured_media":7393,"comment_status":"open","ping_status":"closed","template":"","meta":{"_uf_show_specific_survey":0,"_uf_disable_surveys":false},"product_brand":[],"product_cat":[581,164,227],"product_tag":[],"class_list":{"0":"post-7380","1":"product","2":"type-product","3":"status-publish","4":"has-post-thumbnail","6":"product_cat-tresse","7":"product_cat-peche","8":"product_cat-materiel-de-peche","10":"first","11":"instock","12":"shipping-taxable","13":"purchasable","14":"product-type-variable"},"aioseo_notices":[],"_links":{"self":[{"href":"https:\/\/dsmarinealgerie.com\/ar\/wp-json\/wp\/v2\/product\/7380","targetHints":{"allow":["GET"]}}],"collection":[{"href":"https:\/\/dsmarinealgerie.com\/ar\/wp-json\/wp\/v2\/product"}],"about":[{"href":"https:\/\/dsmarinealgerie.com\/ar\/wp-json\/wp\/v2\/types\/product"}],"replies":[{"embeddable":true,"href":"https:\/\/dsmarinealgerie.com\/ar\/wp-json\/wp\/v2\/comments?post=7380"}],"wp:featuredmedia":[{"embeddable":true,"href":"https:\/\/dsmarinealgerie.com\/ar\/wp-json\/wp\/v2\/media\/7393"}],"wp:attachment":[{"href":"https:\/\/dsmarinealgerie.com\/ar\/wp-json\/wp\/v2\/media?parent=7380"}],"wp:term":[{"taxonomy":"product_brand","embeddable":true,"href":"https:\/\/dsmarinealgerie.com\/ar\/wp-json\/wp\/v2\/product_brand?post=7380"},{"taxonomy":"product_cat","embeddable":true,"href":"https:\/\/dsmarinealgerie.com\/ar\/wp-json\/wp\/v2\/product_cat?post=7380"},{"taxonomy":"product_tag","embeddable":true,"href":"https:\/\/dsmarinealgerie.com\/ar\/wp-json\/wp\/v2\/product_tag?post=7380"}],"curies":[{"name":"wp","href":"https:\/\/api.w.org\/{rel}","templated":true}]}}