{"id":7381,"date":"2023-11-30T12:58:49","date_gmt":"2023-11-30T12:58:49","guid":{"rendered":"https:\/\/dsmarinealgerie.com\/?post_type=product&#038;p=7381"},"modified":"2023-11-30T13:20:17","modified_gmt":"2023-11-30T13:20:17","slug":"tresse-daiwa-j-braid-grand-8-300m","status":"publish","type":"product","link":"https:\/\/dsmarinealgerie.com\/ar\/shop\/peche\/materiel-de-peche\/tresse\/tresse-daiwa-j-braid-grand-8-300m\/","title":{"rendered":"\u062f\u0627\u064a\u0648\u0627 \u062c\u064a-\u0628\u0631\u064a\u062f \u0643\u0628\u064a\u0631 8 \u2013 300 \u0645"},"content":{"rendered":"<p>\u0645\u0642\u0627\u0648\u0645\u0629 \u0627\u0644\u062a\u0622\u0643\u0644: +400%! \u062a\u0623\u062e\u0630 \u062c\u062f\u064a\u0644\u0629 J-Braid Grand x8 \u0646\u0642\u0627\u0637 \u0642\u0648\u0629 J-Braid x8 \u0625\u0644\u0649 \u0623\u0628\u0639\u062f \u0645\u0646 \u0630\u0644\u0643.<\/p>\n<p>\u0635\u064f\u0646\u0639\u062a \u0647\u0630\u0647 \u0627\u0644\u0636\u0641\u064a\u0631\u0629 \u0641\u064a \u0627\u0644\u064a\u0627\u0628\u0627\u0646\u060c \u0648\u062a\u0633\u062a\u062e\u062f\u0645 \u0623\u0644\u064a\u0627\u0641\u064b\u0627 \u062c\u062f\u064a\u062f\u0629 \u062a\u0633\u0645\u0649 \u0625\u064a\u0632\u0627\u0646\u0627\u0633 \u062a\u0648\u0641\u0631 \u0623\u0639\u0644\u0649 \u062f\u0631\u062c\u0629 \u0645\u0646 \u0627\u0644\u0645\u0642\u0627\u0648\u0645\u0629: \u0641\u0647\u064a \u0623\u0643\u062b\u0631 \u0645\u0642\u0627\u0648\u0645\u0629 \u0644\u0644\u062a\u0622\u0643\u0644 \u0628\u0623\u0631\u0628\u0639 \u0645\u0631\u0627\u062a!<\/p>\n<p>\u0641\u064a \u0647\u0630\u0627 \u0627\u0644\u0625\u0635\u062f\u0627\u0631\u060c \u062a\u0633\u0645\u062d \u0639\u0645\u0644\u064a\u0629 \u0644\u0641 \u0627\u0644\u062c\u062f\u064a\u0644\u0629 \u0628\u062a\u0634\u062f\u064a\u062f \u0627\u0644\u062e\u064a\u0648\u0637 \u0628\u0634\u0643\u0644 \u0623\u0643\u0628\u0631.<br \/>\n\u0648\u0628\u0627\u0644\u062a\u0627\u0644\u064a\u060c \u064a\u062a\u0645\u062a\u0639 J-Braid Grand x8 \u0628\u0634\u0643\u0644 \u062f\u0627\u0626\u0631\u064a \u0645\u062b\u0627\u0644\u064a \u064a\u0639\u0645\u0644 \u0639\u0644\u0649 \u062a\u062d\u0633\u064a\u0646 \u062f\u064a\u0646\u0627\u0645\u064a\u0643\u064a\u0627\u062a\u0647 \u0627\u0644\u0647\u0648\u0627\u0626\u064a\u0629 \u0648\u0627\u0644\u0647\u064a\u062f\u0631\u0648\u062f\u064a\u0646\u0627\u0645\u064a\u0643\u064a\u0629.<br \/>\n\u0648\u0628\u0627\u0644\u062a\u0627\u0644\u064a\u060c \u062a\u0645 \u062a\u062d\u0633\u064a\u0646 \u0645\u0633\u0627\u0641\u0627\u062a \u0627\u0644\u0631\u0645\u064a \u0648\u064a\u0636\u0645\u0646 \u0627\u0644\u0625\u0645\u0633\u0627\u0643 \u0627\u0644\u0623\u0641\u0636\u0644 \u0628\u0627\u0644\u062c\u062f\u064a\u0644\u0629 \u0623\u062b\u0646\u0627\u0621 \u0639\u0645\u0644\u064a\u0629 \u0627\u0644\u0635\u064a\u062f \u0632\u064a\u0627\u062f\u0629 \u0627\u0644\u062d\u0633\u0627\u0633\u064a\u0629 \u0648\u0627\u0644\u062a\u0641\u0627\u0639\u0644.<\/p>\n<table>\n<thead>\n<tr>\n<th>\u0645\u0642\u0627\u0648\u0645\u0629<\/th>\n<td>\u0642\u0637\u0631 \u0627\u0644\u062f\u0627\u0626\u0631\u0629<\/td>\n<td>\u0627\u0644\u0645\u0642\u0627\u0648\u0645\u0629 \u0643\u062c\u0645<\/td>\n<\/tr>\n<\/thead>\n<\/table>\n<table style=\"height: 34px;\" width=\"275\">\n<tbody>\n<tr>\n<td>58 \u0631\u0637\u0644<\/td>\n<td>0.28 \u0645\u0644\u0645<\/td>\n<td>26,5<\/td>\n<\/tr>\n<\/tbody>\n<\/table>\n<table style=\"height: 33px;\" width=\"275\">\n<tbody>\n<tr>\n<td>79 \u0631\u0637\u0644<\/td>\n<td>0.35 \u0645\u0644\u0645<\/td>\n<td>36<\/td>\n<\/tr>\n<\/tbody>\n<\/table>","protected":false},"excerpt":{"rendered":"<p>R\u00e9sistance \u00e0 l&rsquo;abrasion : +400% ! La tresse J-Braid Grand x8 pousse encore plus loin les atouts de la J-Braid x8. Fabriqu\u00e9e au Japon, cette tresse utilise de nouvelles fibres nomm\u00e9es Izanas conf\u00e9rant le plus haut grade de r\u00e9sistance : elle est 4 fois plus r\u00e9sistante \u00e0 l&rsquo;abrasion ! Sur cette version, le processus d&rsquo;enroulement [&hellip;]<\/p>","protected":false},"featured_media":7384,"comment_status":"open","ping_status":"closed","template":"","meta":{"_uf_show_specific_survey":0,"_uf_disable_surveys":false},"product_brand":[],"product_cat":[581,164,227],"product_tag":[],"class_list":{"0":"post-7381","1":"product","2":"type-product","3":"status-publish","4":"has-post-thumbnail","6":"product_cat-tresse","7":"product_cat-peche","8":"product_cat-materiel-de-peche","10":"first","11":"instock","12":"shipping-taxable","13":"purchasable","14":"product-type-variable"},"aioseo_notices":[],"_links":{"self":[{"href":"https:\/\/dsmarinealgerie.com\/ar\/wp-json\/wp\/v2\/product\/7381","targetHints":{"allow":["GET"]}}],"collection":[{"href":"https:\/\/dsmarinealgerie.com\/ar\/wp-json\/wp\/v2\/product"}],"about":[{"href":"https:\/\/dsmarinealgerie.com\/ar\/wp-json\/wp\/v2\/types\/product"}],"replies":[{"embeddable":true,"href":"https:\/\/dsmarinealgerie.com\/ar\/wp-json\/wp\/v2\/comments?post=7381"}],"wp:featuredmedia":[{"embeddable":true,"href":"https:\/\/dsmarinealgerie.com\/ar\/wp-json\/wp\/v2\/media\/7384"}],"wp:attachment":[{"href":"https:\/\/dsmarinealgerie.com\/ar\/wp-json\/wp\/v2\/media?parent=7381"}],"wp:term":[{"taxonomy":"product_brand","embeddable":true,"href":"https:\/\/dsmarinealgerie.com\/ar\/wp-json\/wp\/v2\/product_brand?post=7381"},{"taxonomy":"product_cat","embeddable":true,"href":"https:\/\/dsmarinealgerie.com\/ar\/wp-json\/wp\/v2\/product_cat?post=7381"},{"taxonomy":"product_tag","embeddable":true,"href":"https:\/\/dsmarinealgerie.com\/ar\/wp-json\/wp\/v2\/product_tag?post=7381"}],"curies":[{"name":"wp","href":"https:\/\/api.w.org\/{rel}","templated":true}]}}