{"id":7397,"date":"2023-11-30T13:48:28","date_gmt":"2023-11-30T13:48:28","guid":{"rendered":"https:\/\/dsmarinealgerie.com\/?post_type=product&#038;p=7397"},"modified":"2024-04-02T12:49:24","modified_gmt":"2024-04-02T12:49:24","slug":"tresse-sunline-siglon-8-brins-300m","status":"publish","type":"product","link":"https:\/\/dsmarinealgerie.com\/ar\/shop\/peche\/materiel-de-peche\/tresse\/tresse-sunline-siglon-8-brins-300m\/","title":{"rendered":"\u0636\u0641\u064a\u0631\u0629 \u0633\u0646\u0644\u0627\u064a\u0646 \u0633\u064a\u062c\u0644\u0648\u0646 8 \u062c\u062f\u0627\u0626\u0644 \u2013 300 \u0645\u062a\u0631"},"content":{"rendered":"<p>\u062c\u062f\u064a\u0644\u0629 \u0631\u0627\u0626\u0639\u0629 \u0648\u0645\u0648\u062b\u0648\u0642\u0629 \u0648\u0642\u0648\u064a\u0629 \u0648\u0645\u0642\u0627\u0648\u0645\u0629 \u0644\u0644\u062a\u0622\u0643\u0644 \u0648\u0627\u0644\u0639\u0642\u062f. \u0639\u0645\u0631 \u0627\u0641\u062a\u0631\u0627\u0636\u064a \u0637\u0648\u064a\u0644 \u0648\u062d\u0633\u0627\u0633\u064a\u0629 \u062c\u064a\u062f\u0629 \u0648\u0644\u0627 \u064a\u0648\u062c\u062f \u0627\u0647\u062a\u0632\u0627\u0632 \u062a\u0642\u0631\u064a\u0628\u064b\u0627. \u0644\u0642\u062f \u062a\u0645 \u062a\u0637\u0648\u064a\u0631\u0647 \u062e\u0635\u064a\u0635\u064b\u0627 \u0644\u0635\u064a\u062f \u0623\u0633\u0645\u0627\u0643 \u0627\u0644\u062a\u0648\u0646\u0629 \u0648\u063a\u064a\u0631\u0647\u0627 \u0645\u0646 \u0623\u0633\u0645\u0627\u0643 \u0627\u0644\u0633\u0637\u062d \u0627\u0644\u0643\u0628\u064a\u0631\u0629 \u0639\u0646 \u0637\u0631\u064a\u0642 \u0627\u0644\u0635\u0628. \u064a\u0636\u0645\u0646 \u0647\u064a\u0643\u0644\u0647\u0627 \u0627\u0644\u062f\u0627\u0626\u0631\u064a \u0627\u0644\u0643\u062b\u064a\u0641 \u0648\u0627\u0644\u0627\u0646\u062a\u0638\u0627\u0645 \u0627\u0644\u0643\u0628\u064a\u0631 \u0644\u0642\u0637\u0631\u0647\u0627 \u0623\u062f\u0627\u0621\u064b \u0631\u0627\u0626\u0639\u064b\u0627 \u0644\u0644\u0645\u0633\u0627\u0641\u0629 \u0648\u0623\u0642\u0635\u0649 \u0642\u062f\u0631 \u0645\u0646 \u0627\u0644\u062f\u0642\u0629. \u0645\u0639\u062f\u0644 \u0627\u062e\u062a\u0631\u0627\u0642 \u0645\u0645\u062a\u0627\u0632 \u0644\u0644\u0645\u064a\u0627\u0647 \u064a\u0633\u0645\u062d \u0628\u0627\u0644\u0635\u064a\u062f \u0627\u0644\u0639\u0645\u0648\u062f\u064a \u0628\u0634\u0643\u0644 \u0623\u0641\u0636\u0644 \u0628\u0641\u0636\u0644 \u0633\u0631\u0639\u0629 \u0627\u0644\u0647\u0628\u0648\u0637 \u0627\u0644\u0623\u0643\u0628\u0631 (\u0623\u062d\u062f \u0645\u0641\u0627\u062a\u064a\u062d \u0627\u0644\u0646\u062c\u0627\u062d \u0641\u064a \u0647\u0630\u0647 \u0627\u0644\u062a\u0642\u0646\u064a\u0629). \u0645\u0633\u062a\u0648\u0649 \u0633\u0639\u0631 \u0645\u062b\u064a\u0631 \u0644\u0644\u0627\u0647\u062a\u0645\u0627\u0645 \u0644\u0636\u0641\u064a\u0631\u0629 \u0645\u0643\u0648\u0646\u0629 \u0645\u0646 8 \u062c\u062f\u0627\u0626\u0644 \u0645\u0646 \u0639\u0644\u0627\u0645\u0629 \u062a\u062c\u0627\u0631\u064a\u0629 \u0645\u0639\u0631\u0648\u0641\u0629 \u0639\u0627\u0644\u0645\u064a\u064b\u0627 \u0645\u062b\u0644 SUNLINE!<\/p>\n<ul>\n<li><b>\u0628\u064a<\/b> : 1.2\u00a0 <b>\u0642\u0637\u0631 \u0627\u0644\u062f\u0627\u0626\u0631\u0629<\/b> : 0.187 \u0645\u0644\u0645\u00a0 <b>\u0627\u0644\u0645\u0642\u0627\u0648\u0645\u0629 (\u0631\u0637\u0644)<\/b> : 20 <b>\u0627\u0644\u0645\u0642\u0627\u0648\u0645\u0629 (\u0643\u062c\u0645)<\/b> : 9.2<\/li>\n<li><b>\u0628\u064a<\/b> : 1.5\u00a0 <b>\u0642\u0637\u0631 \u0627\u0644\u062f\u0627\u0626\u0631\u0629<\/b> : 0.209 \u0645\u0644\u0645\u00a0 <b>\u0627\u0644\u0645\u0642\u0627\u0648\u0645\u0629 (\u0631\u0637\u0644)<\/b> : 25 <b>\u0627\u0644\u0645\u0642\u0627\u0648\u0645\u0629 (\u0643\u062c\u0645)<\/b> : 11.4<\/li>\n<li><b>\u0628\u064a<\/b> : 2\u00a0 <b>\u0642\u0637\u0631 \u0627\u0644\u062f\u0627\u0626\u0631\u0629<\/b> : 0.242 \u0645\u0644\u0645\u00a0 <b>\u0627\u0644\u0645\u0642\u0627\u0648\u0645\u0629 (\u0631\u0637\u0644)<\/b> : 35 <b>\u0627\u0644\u0645\u0642\u0627\u0648\u0645\u0629 (\u0643\u062c\u0645)<\/b> : 15.5<\/li>\n<li><b>\u0628\u064a<\/b> : 2.5\u00a0 <b>\u0642\u0637\u0631 \u0627\u0644\u062f\u0627\u0626\u0631\u0629<\/b> : 0.270 \u0645\u0644\u0645\u00a0 <b>\u0627\u0644\u0645\u0642\u0627\u0648\u0645\u0629 (\u0631\u0637\u0644)<\/b> : 40 <b>\u0627\u0644\u0645\u0642\u0627\u0648\u0645\u0629 (\u0643\u062c\u0645)<\/b> : 18.1<\/li>\n<li><b>\u0628\u064a<\/b> : 3 \u00a0<b>\u0642\u0637\u0631 \u0627\u0644\u062f\u0627\u0626\u0631\u0629<\/b> : 0.296 \u0645\u0644\u0645\u00a0 <b>\u0627\u0644\u0645\u0642\u0627\u0648\u0645\u0629 (\u0631\u0637\u0644)<\/b> : 50\u00a0<b>\u0627\u0644\u0645\u0642\u0627\u0648\u0645\u0629 (\u0643\u062c\u0645)<\/b> : 22<\/li>\n<li><b>\u0628\u064a<\/b> : 4\u00a0 <b>\u0642\u0637\u0631 \u0627\u0644\u062f\u0627\u0626\u0631\u0629<\/b> : 0.342 \u0645\u0644\u0645\u00a0 <b>\u0627\u0644\u0645\u0642\u0627\u0648\u0645\u0629 (\u0631\u0637\u0644)<\/b> : 60 <b>\u0627\u0644\u0645\u0642\u0627\u0648\u0645\u0629 (\u0643\u062c\u0645)<\/b> : 29<\/li>\n<\/ul>","protected":false},"excerpt":{"rendered":"<p>Une tresse remarquable, fiable, solide et r\u00e9sistante \u00e0 l&rsquo;abrasion comme aux n\u0153uds. Grande long\u00e9vit\u00e9, bonne sensibilit\u00e9 et quasi-absence de vibrations. Elle a \u00e9t\u00e9 sp\u00e9cialement d\u00e9velopp\u00e9e pour les p\u00eaches du thon et autres gros p\u00e9lagiques au lancer. Sa structure dense et ronde et la grande r\u00e9gularit\u00e9 de son diam\u00e8tre assurent de remarquables performances de distances et [&hellip;]<\/p>","protected":false},"featured_media":7398,"comment_status":"open","ping_status":"closed","template":"","meta":{"_uf_show_specific_survey":0,"_uf_disable_surveys":false},"product_brand":[],"product_cat":[581,164,227],"product_tag":[],"class_list":{"0":"post-7397","1":"product","2":"type-product","3":"status-publish","4":"has-post-thumbnail","6":"product_cat-tresse","7":"product_cat-peche","8":"product_cat-materiel-de-peche","10":"first","11":"instock","12":"shipping-taxable","13":"purchasable","14":"product-type-variable"},"aioseo_notices":[],"_links":{"self":[{"href":"https:\/\/dsmarinealgerie.com\/ar\/wp-json\/wp\/v2\/product\/7397","targetHints":{"allow":["GET"]}}],"collection":[{"href":"https:\/\/dsmarinealgerie.com\/ar\/wp-json\/wp\/v2\/product"}],"about":[{"href":"https:\/\/dsmarinealgerie.com\/ar\/wp-json\/wp\/v2\/types\/product"}],"replies":[{"embeddable":true,"href":"https:\/\/dsmarinealgerie.com\/ar\/wp-json\/wp\/v2\/comments?post=7397"}],"wp:featuredmedia":[{"embeddable":true,"href":"https:\/\/dsmarinealgerie.com\/ar\/wp-json\/wp\/v2\/media\/7398"}],"wp:attachment":[{"href":"https:\/\/dsmarinealgerie.com\/ar\/wp-json\/wp\/v2\/media?parent=7397"}],"wp:term":[{"taxonomy":"product_brand","embeddable":true,"href":"https:\/\/dsmarinealgerie.com\/ar\/wp-json\/wp\/v2\/product_brand?post=7397"},{"taxonomy":"product_cat","embeddable":true,"href":"https:\/\/dsmarinealgerie.com\/ar\/wp-json\/wp\/v2\/product_cat?post=7397"},{"taxonomy":"product_tag","embeddable":true,"href":"https:\/\/dsmarinealgerie.com\/ar\/wp-json\/wp\/v2\/product_tag?post=7397"}],"curies":[{"name":"wp","href":"https:\/\/api.w.org\/{rel}","templated":true}]}}