{"id":7404,"date":"2023-11-30T15:00:51","date_gmt":"2023-11-30T15:00:51","guid":{"rendered":"https:\/\/dsmarinealgerie.com\/?post_type=product&#038;p=7404"},"modified":"2023-11-30T15:00:51","modified_gmt":"2023-11-30T15:00:51","slug":"fluorocarbon-varivas-shock-leader-30m","status":"publish","type":"product","link":"https:\/\/dsmarinealgerie.com\/ar\/shop\/peche\/materiel-de-peche\/fluorocarbon\/fluorocarbon-varivas-shock-leader-30m\/","title":{"rendered":"\u0627\u0644\u0641\u0644\u0648\u0631\u0648\u0643\u0631\u0628\u0648\u0646 \u0641\u0627\u0631\u064a\u0641\u0627\u0633 \u0642\u0627\u0626\u062f \u0627\u0644\u0635\u062f\u0645\u0627\u062a 30 \u0645"},"content":{"rendered":"<p>\u0642\u0627\u0626\u062f \u0627\u0644\u0635\u062f\u0645\u0627\u062a \u0627\u0644\u0641\u0644\u0648\u0631\u0648\u0643\u0631\u0628\u0648\u0646\u064a\u0629 100% VARIVAS.<\/p>\n<p>\u0628\u0643\u0631\u0629 30 \u0645. \u0627\u062e\u062a\u064a\u0627\u0631 \u0627\u0644\u0635\u064a\u062f \u0628\u0627\u0644\u0641\u0644\u0648\u0631 \u064a\u0639\u0646\u064a \u0627\u062e\u062a\u064a\u0627\u0631 \u0635\u064a\u062f \u0627\u0644\u0645\u0632\u064a\u062f \u0645\u0646 \u0627\u0644\u0623\u0633\u0645\u0627\u0643. \u0641\u0642\u0637 \u0645\u0631\u0643\u0628\u0627\u062a \u0627\u0644\u0643\u0631\u0628\u0648\u0646 \u0627\u0644\u0641\u0644\u0648\u0631\u064a\u0629 100% \u0647\u064a \u063a\u064a\u0631 \u0645\u0631\u0626\u064a\u0629 \u062a\u0642\u0631\u064a\u0628\u064b\u0627 \u0644\u0623\u0646\u0647\u0627 \u062a\u062d\u062a\u0648\u064a \u0639\u0644\u0649 \u0645\u0639\u0627\u0645\u0644 \u0627\u0646\u0643\u0633\u0627\u0631 \u062e\u0641\u064a\u0641 \u0642\u0631\u064a\u0628 \u0645\u0646 \u0645\u0639\u0627\u0645\u0644 \u0627\u0646\u0643\u0633\u0627\u0631 \u0627\u0644\u0645\u0627\u0621. \u0648\u0647\u0630\u0627 \u0644\u064a\u0633 \u0647\u0648 \u0627\u0644\u062d\u0627\u0644 \u0628\u0627\u0644\u0646\u0633\u0628\u0629 \u0644\u0644\u0641\u0644\u0648\u0631\u0648\u0643\u0631\u0628\u0648\u0646\u0627\u062a \u0627\u0644\u0645\u062e\u0644\u0648\u0637\u0629. \u0627\u062e\u062a\u064a\u0627\u0631 Varivas \u064a\u0639\u0646\u064a \u0627\u062e\u062a\u064a\u0627\u0631 \u0627\u0644\u0645\u0648\u062b\u0648\u0642\u064a\u0629!<\/p>\n<p>&nbsp;<\/p>\n<p>\u0642\u0637\u0631 \u0627\u0644\u062f\u0627\u0626\u0631\u0629 :<\/p>\n<p>16 \u0631\u0637\u0644 - 0.34 \u0645\u0644\u0645<\/p>\n<p>20 \u0631\u0637\u0644 - 0.37 \u0645\u0644\u0645<\/p>\n<p>25 \u0631\u0637\u0644 - 0.44 \u0645\u0644\u0645<\/p>\n<p>30 \u0631\u0637\u0644 - 0.48 \u0645\u0644\u0645<\/p>\n<p>40 \u0631\u0637\u0644 - 0.57 \u0645\u0644\u0645<\/p>\n<p>50 \u0631\u0637\u0644 - 0.63 \u0645\u0644\u0645<\/p>","protected":false},"excerpt":{"rendered":"<p>Fluorocarbone shock leader 100% VARIVAS. Bobine de 30m. Choisir de p\u00eacher en fluoro, c\u2019est faire le choix de prendre plus de poissons. Seuls les fluorocarbones 100% sont quasiment invisibles car ils poss\u00e8dent un indice de r\u00e9fraction de la lumi\u00e8re proche de celui de l\u2019eau. Ce n\u2019est pas le cas des fluorocarbones m\u00e9lang\u00e9s. Choisir Varivas, c\u2019est [&hellip;]<\/p>","protected":false},"featured_media":7406,"comment_status":"open","ping_status":"closed","template":"","meta":{"_uf_show_specific_survey":0,"_uf_disable_surveys":false},"product_brand":[],"product_cat":[164,186,227],"product_tag":[],"class_list":{"0":"post-7404","1":"product","2":"type-product","3":"status-publish","4":"has-post-thumbnail","6":"product_cat-peche","7":"product_cat-fluorocarbon","8":"product_cat-materiel-de-peche","10":"first","11":"instock","12":"shipping-taxable","13":"purchasable","14":"product-type-variable"},"aioseo_notices":[],"_links":{"self":[{"href":"https:\/\/dsmarinealgerie.com\/ar\/wp-json\/wp\/v2\/product\/7404","targetHints":{"allow":["GET"]}}],"collection":[{"href":"https:\/\/dsmarinealgerie.com\/ar\/wp-json\/wp\/v2\/product"}],"about":[{"href":"https:\/\/dsmarinealgerie.com\/ar\/wp-json\/wp\/v2\/types\/product"}],"replies":[{"embeddable":true,"href":"https:\/\/dsmarinealgerie.com\/ar\/wp-json\/wp\/v2\/comments?post=7404"}],"wp:featuredmedia":[{"embeddable":true,"href":"https:\/\/dsmarinealgerie.com\/ar\/wp-json\/wp\/v2\/media\/7406"}],"wp:attachment":[{"href":"https:\/\/dsmarinealgerie.com\/ar\/wp-json\/wp\/v2\/media?parent=7404"}],"wp:term":[{"taxonomy":"product_brand","embeddable":true,"href":"https:\/\/dsmarinealgerie.com\/ar\/wp-json\/wp\/v2\/product_brand?post=7404"},{"taxonomy":"product_cat","embeddable":true,"href":"https:\/\/dsmarinealgerie.com\/ar\/wp-json\/wp\/v2\/product_cat?post=7404"},{"taxonomy":"product_tag","embeddable":true,"href":"https:\/\/dsmarinealgerie.com\/ar\/wp-json\/wp\/v2\/product_tag?post=7404"}],"curies":[{"name":"wp","href":"https:\/\/api.w.org\/{rel}","templated":true}]}}