{"id":7413,"date":"2023-11-30T15:29:55","date_gmt":"2023-11-30T15:29:55","guid":{"rendered":"https:\/\/dsmarinealgerie.com\/?post_type=product&#038;p=7413"},"modified":"2023-11-30T15:29:55","modified_gmt":"2023-11-30T15:29:55","slug":"fluorocarbone-seaguar-soft-50m","status":"publish","type":"product","link":"https:\/\/dsmarinealgerie.com\/ar\/shop\/peche\/materiel-de-peche\/fluorocarbon\/fluorocarbone-seaguar-soft-50m\/","title":{"rendered":"\u0627\u0644\u0641\u0644\u0648\u0631\u0648\u0643\u0631\u0628\u0648\u0646 \u0633\u064a\u062c\u0627\u0631 \u0633\u0648\u0641\u062a 50 \u0645"},"content":{"rendered":"<p>\u0646\u0627\u064a\u0644\u0648\u0646 \u0627\u0644\u0635\u064a\u062f \u0627\u0644\u0641\u0644\u0648\u0631\u0648\u0643\u0631\u0628\u0648\u0646\u064a \u0627\u0644\u0646\u0627\u0639\u0645 \u0647\u0648 \u0646\u0627\u064a\u0644\u0648\u0646 100 % \u0641\u0644\u0648\u0631\u0648\u0643\u0631\u0628\u0648\u0646.<\/p>\n<p>\u064a\u062d\u062a\u0641\u0638 \u0647\u0630\u0627 \u0627\u0644\u0641\u0644\u0648\u0631\u0648\u0643\u0631\u0628\u0648\u0646 100% \u0628\u062c\u0645\u064a\u0639 \u062e\u0635\u0627\u0626\u0635 \u0627\u0644\u0641\u0644\u0648\u0631\u0648\u0643\u0631\u0628\u0648\u0646 \u0625\u064a\u0633 \u0648\u0644\u0643\u0646\u0647 \u064a\u062a\u0645\u064a\u0632 \u0628\u0645\u0631\u0648\u0646\u062a\u0647 \u0627\u0644\u0623\u0643\u0628\u0631 \u0648\u0639\u0631\u0636 \u0637\u0628\u064a\u0639\u064a \u0623\u0643\u062b\u0631 \u0628\u0643\u062b\u064a\u0631 \u0644\u0644\u0637\u0639\u0645.<\/p>\n<p>\u0644\u0641 \u0627\u0644\u0646\u0627\u064a\u0644\u0648\u0646 \u0639\u0644\u0649 \u0627\u0644\u0628\u0643\u0631\u0629 \u0641\u064a \u062f\u0648\u0631\u0627\u062a \u0645\u062a\u062c\u0627\u0648\u0631\u0629 \u0645\u0646 \u0623\u062c\u0644 \u0631\u0627\u062d\u0629 \u0623\u0641\u0636\u0644 \u0641\u064a \u0627\u0644\u0627\u0633\u062a\u062e\u062f\u0627\u0645.<\/p>\n<p>\u0633\u0645\u0627\u062a :<\/p>\n<ul>\n<li>\u0627\u0644\u0642\u0637\u0631 0.165 \u0645\u0644\u0645 \u2013 \u0627\u0644\u0645\u0642\u0627\u0648\u0645\u0629: 3 \u0643\u062c\u0645<\/li>\n<li>\u00d8 0.435 \u0645\u0644\u0645 \u2013 \u0627\u0644\u0645\u0642\u0627\u0648\u0645\u0629: 15 \u0643\u062c\u0645<\/li>\n<\/ul>","protected":false},"excerpt":{"rendered":"<p>Le Nylon de p\u00eache Fluorocarbone Soft est un Nylon 100 % Fluorocarbone. Ce 100% Fluorocarbone conserve toutes les caract\u00e9ristiques du Fluorocarbone Ace mais se distingue par sa plus grande souplesse et une pr\u00e9sentation beaucoup plus naturel de l&rsquo;app\u00e2t. Enroulement du nylon sur la bobine en spires jointives pour un meilleur confort d&rsquo;utilisation. CARACTERISTIQUES\u00a0: \u00d8 0.165 [&hellip;]<\/p>","protected":false},"featured_media":7414,"comment_status":"open","ping_status":"closed","template":"","meta":{"_uf_show_specific_survey":0,"_uf_disable_surveys":false},"product_brand":[],"product_cat":[164,186,227],"product_tag":[],"class_list":{"0":"post-7413","1":"product","2":"type-product","3":"status-publish","4":"has-post-thumbnail","6":"product_cat-peche","7":"product_cat-fluorocarbon","8":"product_cat-materiel-de-peche","10":"first","11":"instock","12":"shipping-taxable","13":"purchasable","14":"product-type-variable"},"aioseo_notices":[],"_links":{"self":[{"href":"https:\/\/dsmarinealgerie.com\/ar\/wp-json\/wp\/v2\/product\/7413","targetHints":{"allow":["GET"]}}],"collection":[{"href":"https:\/\/dsmarinealgerie.com\/ar\/wp-json\/wp\/v2\/product"}],"about":[{"href":"https:\/\/dsmarinealgerie.com\/ar\/wp-json\/wp\/v2\/types\/product"}],"replies":[{"embeddable":true,"href":"https:\/\/dsmarinealgerie.com\/ar\/wp-json\/wp\/v2\/comments?post=7413"}],"wp:featuredmedia":[{"embeddable":true,"href":"https:\/\/dsmarinealgerie.com\/ar\/wp-json\/wp\/v2\/media\/7414"}],"wp:attachment":[{"href":"https:\/\/dsmarinealgerie.com\/ar\/wp-json\/wp\/v2\/media?parent=7413"}],"wp:term":[{"taxonomy":"product_brand","embeddable":true,"href":"https:\/\/dsmarinealgerie.com\/ar\/wp-json\/wp\/v2\/product_brand?post=7413"},{"taxonomy":"product_cat","embeddable":true,"href":"https:\/\/dsmarinealgerie.com\/ar\/wp-json\/wp\/v2\/product_cat?post=7413"},{"taxonomy":"product_tag","embeddable":true,"href":"https:\/\/dsmarinealgerie.com\/ar\/wp-json\/wp\/v2\/product_tag?post=7413"}],"curies":[{"name":"wp","href":"https:\/\/api.w.org\/{rel}","templated":true}]}}