{"id":7417,"date":"2023-12-03T10:21:39","date_gmt":"2023-12-03T10:21:39","guid":{"rendered":"https:\/\/dsmarinealgerie.com\/?post_type=product&#038;p=7417"},"modified":"2024-02-13T13:37:07","modified_gmt":"2024-02-13T13:37:07","slug":"fluorocarbon-shimano-yasei-predator-leader-50m","status":"publish","type":"product","link":"https:\/\/dsmarinealgerie.com\/ar\/shop\/peche\/materiel-de-peche\/fluorocarbon\/fluorocarbon-shimano-yasei-predator-leader-50m\/","title":{"rendered":"\u0627\u0644\u0641\u0644\u0648\u0631\u0648\u0643\u0631\u0628\u0648\u0646 \u0634\u064a\u0645\u0627\u0646\u0648 \u064a\u0627\u0633\u064a \u0628\u0631\u064a\u062f\u0627\u062a\u0648\u0631 \u0644\u064a\u062f\u0631 50 \u0645\u062a\u0631"},"content":{"rendered":"<p>\u064a\u062a\u0645\u064a\u0632 Yasei Predator FC \u0628\u0623\u0646\u0647 \u0645\u062a\u064a\u0646 \u0644\u0644\u063a\u0627\u064a\u0629 \u0648\u0645\u0642\u0627\u0648\u0645 \u0644\u0644\u063a\u0627\u064a\u0629 \u0644\u0644\u062a\u0622\u0643\u0644.<br \/>\n\u064a\u0648\u0641\u0631 \u0627\u0644\u062e\u0637 \u062d\u0645\u0627\u064a\u0629 \u0645\u062b\u0627\u0644\u064a\u0629 \u0636\u062f \u0627\u0644\u0647\u064a\u0627\u0643\u0644 \u0627\u0644\u062d\u0627\u062f\u0629 \u062a\u062d\u062a \u0627\u0644\u0645\u0627\u0621 \u0648\u0623\u0633\u0646\u0627\u0646 \u0627\u0644\u062d\u064a\u0648\u0627\u0646\u0627\u062a \u0627\u0644\u0645\u0641\u062a\u0631\u0633\u0629.<br \/>\n\u0643\u0645\u0627 \u0623\u0646\u0647\u0627 \u0646\u0627\u0639\u0645\u0629 \u0648\u0645\u0631\u0646\u0629 \u0644\u0644\u063a\u0627\u064a\u0629\u060c \u0645\u0645\u0627 \u064a\u0633\u0645\u062d \u0628\u0631\u0628\u0637 \u0633\u0644\u0633 \u0648\u0633\u0647\u0644.<br \/>\n\u0628\u0641\u0636\u0644 \u0627\u0646\u062e\u0641\u0627\u0636 \u0627\u0644\u0631\u0624\u064a\u0629 \u0648\u0645\u0639\u0627\u0645\u0644 \u0627\u0646\u0643\u0633\u0627\u0631 \u0627\u0644\u0641\u0644\u0648\u0631\u0648\u0643\u0631\u0628\u0648\u0646 \u0627\u0644\u0642\u0631\u064a\u0628 \u062c\u062f\u064b\u0627 \u0645\u0646 \u0627\u0644\u0645\u0627\u0621\u060c \u0641\u0625\u0646\u0647 \u064a\u0643\u0627\u062f \u064a\u0643\u0648\u0646 \u063a\u064a\u0631 \u0645\u0631\u0626\u064a \u062a\u062d\u062a \u0627\u0644\u0645\u0627\u0621!<\/p>\n<h3>\u0633\u0645\u0627\u062a<\/h3>\n<div class=\"bulletpoints\">\n<ul>\n<li>\u0627\u0644\u0642\u0637\u0631: 0.18 \u0645\u0644\u0645 \u2013 \u0627\u0644\u0633\u0639\u0629: 2.93 \u0643\u064a\u0644\u0648\u062c\u0631\u0627\u0645<\/li>\n<li>\u0627\u0644\u0642\u0637\u0631: 0.22 \u0645\u0644\u0645 \u2013 \u0627\u0644\u0633\u0639\u0629: 3.59 \u0643\u064a\u0644\u0648\u062c\u0631\u0627\u0645<\/li>\n<li>\u0627\u0644\u0642\u0637\u0631: 0.25 \u0645\u0644\u0645 \u2013 \u0627\u0644\u0633\u0639\u0629: 5.06 \u0643\u064a\u0644\u0648\u062c\u0631\u0627\u0645<\/li>\n<\/ul>\n<\/div>","protected":false},"excerpt":{"rendered":"<p>Le Yasei Predator FC est extr\u00eamement durable et extr\u00eamement r\u00e9sistant \u00e0 l&rsquo;abrasion. La ligne offre une protection parfaite contre les structures tranchantes sous l&rsquo;eau et les dents des pr\u00e9dateurs. Il est \u00e9galement tr\u00e8s doux et souple, ce qui permet un nouage lisse et facile. Gr\u00e2ce \u00e0 la faible visibilit\u00e9 et au fluorocarbone ayant un indice [&hellip;]<\/p>","protected":false},"featured_media":7418,"comment_status":"open","ping_status":"closed","template":"","meta":{"_uf_show_specific_survey":0,"_uf_disable_surveys":false},"product_brand":[],"product_cat":[164,186,227],"product_tag":[],"class_list":{"0":"post-7417","1":"product","2":"type-product","3":"status-publish","4":"has-post-thumbnail","6":"product_cat-peche","7":"product_cat-fluorocarbon","8":"product_cat-materiel-de-peche","10":"first","11":"instock","12":"shipping-taxable","13":"purchasable","14":"product-type-variable"},"aioseo_notices":[],"_links":{"self":[{"href":"https:\/\/dsmarinealgerie.com\/ar\/wp-json\/wp\/v2\/product\/7417","targetHints":{"allow":["GET"]}}],"collection":[{"href":"https:\/\/dsmarinealgerie.com\/ar\/wp-json\/wp\/v2\/product"}],"about":[{"href":"https:\/\/dsmarinealgerie.com\/ar\/wp-json\/wp\/v2\/types\/product"}],"replies":[{"embeddable":true,"href":"https:\/\/dsmarinealgerie.com\/ar\/wp-json\/wp\/v2\/comments?post=7417"}],"wp:featuredmedia":[{"embeddable":true,"href":"https:\/\/dsmarinealgerie.com\/ar\/wp-json\/wp\/v2\/media\/7418"}],"wp:attachment":[{"href":"https:\/\/dsmarinealgerie.com\/ar\/wp-json\/wp\/v2\/media?parent=7417"}],"wp:term":[{"taxonomy":"product_brand","embeddable":true,"href":"https:\/\/dsmarinealgerie.com\/ar\/wp-json\/wp\/v2\/product_brand?post=7417"},{"taxonomy":"product_cat","embeddable":true,"href":"https:\/\/dsmarinealgerie.com\/ar\/wp-json\/wp\/v2\/product_cat?post=7417"},{"taxonomy":"product_tag","embeddable":true,"href":"https:\/\/dsmarinealgerie.com\/ar\/wp-json\/wp\/v2\/product_tag?post=7417"}],"curies":[{"name":"wp","href":"https:\/\/api.w.org\/{rel}","templated":true}]}}