{"id":7422,"date":"2023-12-03T10:52:45","date_gmt":"2023-12-03T10:52:45","guid":{"rendered":"https:\/\/dsmarinealgerie.com\/?post_type=product&#038;p=7422"},"modified":"2023-12-03T10:52:45","modified_gmt":"2023-12-03T10:52:45","slug":"fluorocarbone-sunline-shooter-fc-sniper-100m","status":"publish","type":"product","link":"https:\/\/dsmarinealgerie.com\/ar\/shop\/peche\/materiel-de-peche\/fluorocarbon\/fluorocarbone-sunline-shooter-fc-sniper-100m\/","title":{"rendered":"\u0627\u0644\u0641\u0644\u0648\u0631\u0648\u0643\u0631\u0628\u0648\u0646 Sunline Shooter FC \u0642\u0646\u0627\u0635 100 \u0645\u062a\u0631"},"content":{"rendered":"<p>\u064a\u0645\u0643\u0646 \u0627\u0633\u062a\u062e\u062f\u0627\u0645 \u0647\u0630\u0627 \u0627\u0644\u0641\u0644\u0648\u0631\u0648\u0643\u0631\u0628\u0648\u0646 \u0643\u062e\u0637 \u0631\u0626\u064a\u0633\u064a \u0639\u0644\u0649 \u0628\u0643\u0631\u0627\u062a \u0627\u0644\u063a\u0632\u0644 \u0623\u0648 \u0627\u0644\u0635\u0628 \u0648\u0644\u0644\u0642\u0627\u062f\u0629<\/p>\n<h3>\u0633\u0645\u0627\u062a<\/h3>\n<ul>\n<li>12 \u0631\u0637\u0644: \u0627\u0644\u0642\u0637\u0631: 0.31 \u0645\u0644\u0645<\/li>\n<li>14 \u0631\u0637\u0644: \u0627\u0644\u0642\u0637\u0631: 0.33 \u0645\u0644\u0645<\/li>\n<li>16 \u0631\u0637\u0644: \u0627\u0644\u0642\u0637\u0631: 0.35 \u0645\u0644\u0645<\/li>\n<li>18 \u0631\u0637\u0644: \u0627\u0644\u0642\u0637\u0631: 0.36 \u0645\u0644\u0645<\/li>\n<li>20 \u0631\u0637\u0644: \u0627\u0644\u0642\u0637\u0631: 0.38 \u0645\u0644\u0645<\/li>\n<li>25 \u0631\u0637\u0644: \u0627\u0644\u0642\u0637\u0631: 0.43 \u0645\u0644\u0645<\/li>\n<li>30 \u0631\u0637\u0644: \u0627\u0644\u0642\u0637\u0631: 0.48 \u0645\u0644\u0645<\/li>\n<\/ul>\n<div class=\"bulletpoints\">\n<p>&nbsp;<\/p>\n<\/div>","protected":false},"excerpt":{"rendered":"<p>Cette fluorocarbone peut \u00eatre utilis\u00e9e en ligne principale sur moulinet spinning ou casting et pour les bas de ligne Caract\u00e9ristiques 12lb: Diam\u00e8tre: 0.31mm 14lb: Diam\u00e8tre: 0.33mm 16lb :Diam\u00e8tre: 0.35mm 18lb : Diam\u00e8tre: 0.36 mm 20lb : Diam\u00e8tre: 0.38mm 25lb : Diam\u00e8tre: 0.43 mm 30lb: Diam\u00e8tre: 0.48 mm &nbsp;<\/p>","protected":false},"featured_media":7424,"comment_status":"open","ping_status":"closed","template":"","meta":{"_uf_show_specific_survey":0,"_uf_disable_surveys":false},"product_brand":[],"product_cat":[164,186,227],"product_tag":[],"class_list":{"0":"post-7422","1":"product","2":"type-product","3":"status-publish","4":"has-post-thumbnail","6":"product_cat-peche","7":"product_cat-fluorocarbon","8":"product_cat-materiel-de-peche","10":"first","11":"instock","12":"shipping-taxable","13":"purchasable","14":"product-type-variable"},"aioseo_notices":[],"_links":{"self":[{"href":"https:\/\/dsmarinealgerie.com\/ar\/wp-json\/wp\/v2\/product\/7422","targetHints":{"allow":["GET"]}}],"collection":[{"href":"https:\/\/dsmarinealgerie.com\/ar\/wp-json\/wp\/v2\/product"}],"about":[{"href":"https:\/\/dsmarinealgerie.com\/ar\/wp-json\/wp\/v2\/types\/product"}],"replies":[{"embeddable":true,"href":"https:\/\/dsmarinealgerie.com\/ar\/wp-json\/wp\/v2\/comments?post=7422"}],"wp:featuredmedia":[{"embeddable":true,"href":"https:\/\/dsmarinealgerie.com\/ar\/wp-json\/wp\/v2\/media\/7424"}],"wp:attachment":[{"href":"https:\/\/dsmarinealgerie.com\/ar\/wp-json\/wp\/v2\/media?parent=7422"}],"wp:term":[{"taxonomy":"product_brand","embeddable":true,"href":"https:\/\/dsmarinealgerie.com\/ar\/wp-json\/wp\/v2\/product_brand?post=7422"},{"taxonomy":"product_cat","embeddable":true,"href":"https:\/\/dsmarinealgerie.com\/ar\/wp-json\/wp\/v2\/product_cat?post=7422"},{"taxonomy":"product_tag","embeddable":true,"href":"https:\/\/dsmarinealgerie.com\/ar\/wp-json\/wp\/v2\/product_tag?post=7422"}],"curies":[{"name":"wp","href":"https:\/\/api.w.org\/{rel}","templated":true}]}}