{"id":7432,"date":"2023-12-03T11:21:06","date_gmt":"2023-12-03T11:21:06","guid":{"rendered":"https:\/\/dsmarinealgerie.com\/?post_type=product&#038;p=7432"},"modified":"2023-12-03T11:22:25","modified_gmt":"2023-12-03T11:22:25","slug":"fluorocarbone-seaguar-r18-fluoro-hunter-tact-100m","status":"publish","type":"product","link":"https:\/\/dsmarinealgerie.com\/ar\/shop\/peche\/materiel-de-peche\/fluorocarbon\/fluorocarbone-seaguar-r18-fluoro-hunter-tact-100m\/","title":{"rendered":"\u0627\u0644\u0641\u0644\u0648\u0631\u0648\u0643\u0631\u0628\u0648\u0646 \u0633\u064a\u062c\u0648\u0627\u0631 R18 \u0641\u0644\u0648\u0631\u0648 \u0647\u0646\u062a\u0631 \u062a\u0627\u0643\u062a 100 \u0645\u062a\u0631"},"content":{"rendered":"<p>Seaguar R18 Fluoro Hunter TACT \u0647\u0648 \u0641\u0644\u0648\u0631\u0648\u0643\u0631\u0628\u0648\u0646 \u064a\u0627\u0628\u0627\u0646\u064a. \u064a\u0645\u0643\u0646 \u0627\u0633\u062a\u062e\u062f\u0627\u0645\u0647 \u0641\u064a \u0643\u0644 \u0645\u0646 \u0627\u0644\u0645\u064a\u0627\u0647 \u0627\u0644\u0639\u0630\u0628\u0629 \u0648\u0627\u0644\u0645\u0627\u0644\u062d\u0629.<\/p>\n<p>\u064a\u062a\u0645\u064a\u0632 \u0627\u0644\u0641\u0644\u0648\u0631\u0648\u0643\u0631\u0628\u0648\u0646 Seaguar R18 Fluoro Hunter \u0628\u0642\u0648\u0629 \u0639\u0642\u062f\u0629 \u0645\u0645\u062a\u0627\u0632\u0629\u060c \u0648\u0645\u0642\u0627\u0648\u0645\u0629 \u0644\u0644\u062a\u0622\u0643\u0644\u060c \u0648\u062d\u0633\u0627\u0633\u064a\u0629 \u0639\u0627\u0644\u064a\u0629 \u0648\u0645\u062a\u0627\u0646\u0629 \u0639\u0627\u0644\u064a\u0629\u060c \u062d\u062a\u0649 \u0623\u062b\u0646\u0627\u0621 \u0627\u0644\u0627\u0633\u062a\u062e\u062f\u0627\u0645 \u0644\u0641\u062a\u0631\u0629 \u0637\u0648\u064a\u0644\u0629 \u0641\u064a \u0627\u0644\u0645\u064a\u0627\u0647 \u0627\u0644\u0645\u0627\u0644\u062d\u0629.<\/p>\n<p>\u0645\u062a\u0648\u0641\u0631 \u0628\u0627\u0644\u0623\u062d\u062c\u0627\u0645 \u0627\u0644\u062a\u0627\u0644\u064a\u0629:<\/p>\n<ul>\n<li>\u0627\u0644\u0642\u0637\u0631: 0.26 \u0645\u0644\u0645\u061b 10 \u0631\u0637\u0644<\/li>\n<li>\u0627\u0644\u0642\u0637\u0631: 0.28 \u0645\u0644\u0645\u061b 12 \u0631\u0637\u0644<\/li>\n<li>\u0627\u0644\u0642\u0637\u0631: 0.31 \u0645\u0644\u0645\u061b 14 \u0631\u0637\u0644<\/li>\n<li>\u0627\u0644\u0642\u0637\u0631: 0.33 \u0645\u0644\u0645\u061b 16 \u0631\u0637\u0644<\/li>\n<li>\u0627\u0644\u0642\u0637\u0631: 0.37 \u0645\u0644\u0645\u061b 20 \u0631\u0637\u0644<\/li>\n<\/ul>","protected":false},"excerpt":{"rendered":"<p>Seaguar R18 Fluoro Hunter TACT est un fluorocarbone japonais . Il peut \u00eatre utilis\u00e9 aussi bien en eau douce qu\u2019en eau sal\u00e9e. Fluorocarbon Seaguar R18 Fluoro Hunter se caract\u00e9rise par une excellente r\u00e9sistance aux n\u0153uds, une r\u00e9sistance \u00e0 l&rsquo;abrasion, une sensibilit\u00e9 \u00e9lev\u00e9e et une durabilit\u00e9 \u00e9lev\u00e9e, m\u00eame lors d&rsquo;une utilisation prolong\u00e9e en eau sal\u00e9e. Disponible [&hellip;]<\/p>","protected":false},"featured_media":7433,"comment_status":"open","ping_status":"closed","template":"","meta":{"_uf_show_specific_survey":0,"_uf_disable_surveys":false},"product_brand":[],"product_cat":[164,186,227],"product_tag":[],"class_list":{"0":"post-7432","1":"product","2":"type-product","3":"status-publish","4":"has-post-thumbnail","6":"product_cat-peche","7":"product_cat-fluorocarbon","8":"product_cat-materiel-de-peche","10":"first","11":"instock","12":"shipping-taxable","13":"purchasable","14":"product-type-variable"},"aioseo_notices":[],"_links":{"self":[{"href":"https:\/\/dsmarinealgerie.com\/ar\/wp-json\/wp\/v2\/product\/7432","targetHints":{"allow":["GET"]}}],"collection":[{"href":"https:\/\/dsmarinealgerie.com\/ar\/wp-json\/wp\/v2\/product"}],"about":[{"href":"https:\/\/dsmarinealgerie.com\/ar\/wp-json\/wp\/v2\/types\/product"}],"replies":[{"embeddable":true,"href":"https:\/\/dsmarinealgerie.com\/ar\/wp-json\/wp\/v2\/comments?post=7432"}],"wp:featuredmedia":[{"embeddable":true,"href":"https:\/\/dsmarinealgerie.com\/ar\/wp-json\/wp\/v2\/media\/7433"}],"wp:attachment":[{"href":"https:\/\/dsmarinealgerie.com\/ar\/wp-json\/wp\/v2\/media?parent=7432"}],"wp:term":[{"taxonomy":"product_brand","embeddable":true,"href":"https:\/\/dsmarinealgerie.com\/ar\/wp-json\/wp\/v2\/product_brand?post=7432"},{"taxonomy":"product_cat","embeddable":true,"href":"https:\/\/dsmarinealgerie.com\/ar\/wp-json\/wp\/v2\/product_cat?post=7432"},{"taxonomy":"product_tag","embeddable":true,"href":"https:\/\/dsmarinealgerie.com\/ar\/wp-json\/wp\/v2\/product_tag?post=7432"}],"curies":[{"name":"wp","href":"https:\/\/api.w.org\/{rel}","templated":true}]}}