{"id":7488,"date":"2023-12-04T08:59:33","date_gmt":"2023-12-04T08:59:33","guid":{"rendered":"https:\/\/dsmarinealgerie.com\/?post_type=product&#038;p=7488"},"modified":"2023-12-04T09:26:05","modified_gmt":"2023-12-04T09:26:05","slug":"fluorocarbone-xzoga-taka-sk-50m","status":"publish","type":"product","link":"https:\/\/dsmarinealgerie.com\/ar\/shop\/peche\/materiel-de-peche\/fluorocarbon\/fluorocarbone-xzoga-taka-sk-50m\/","title":{"rendered":"\u0627\u0644\u0641\u0644\u0648\u0631\u0648\u0643\u0631\u0628\u0648\u0646 Xzoga Taka SK 50m"},"content":{"rendered":"<p>\u0627\u0643\u062a\u0634\u0641 \u062e\u0637 \u0627\u0644\u0635\u064a\u062f\u00a0<strong>Xzoga Taka-SK \u0641\u0644\u0648\u0631\u0648\u0643\u0631\u0628\u0648\u0646 50 \u0645<\/strong>\u00a0- \u062e\u064a\u0627\u0631 \u0623\u0633\u0627\u0633\u064a \u0644\u0644\u0635\u064a\u0627\u062f\u064a\u0646 \u0627\u0644\u0645\u062a\u0637\u0644\u0628\u064a\u0646. \u064a\u0648\u0641\u0631 \u062e\u0637 \u0627\u0644\u0641\u0644\u0648\u0631\u0648\u0643\u0631\u0628\u0648\u0646 \u0639\u0627\u0644\u064a \u0627\u0644\u062c\u0648\u062f\u0629 \u0647\u0630\u0627 \u0645\u0642\u0627\u0648\u0645\u0629 \u0627\u0633\u062a\u062b\u0646\u0627\u0626\u064a\u0629 \u0644\u0644\u062a\u0622\u0643\u0644 \u0648\u0645\u062a\u0627\u0646\u0629 \u0641\u0627\u0626\u0642\u0629\u060c \u0645\u0645\u0627 \u064a\u062c\u0639\u0644\u0647 \u0645\u062b\u0627\u0644\u064a\u064b\u0627 \u0644\u0623\u0642\u0633\u0649 \u0638\u0631\u0648\u0641 \u0627\u0644\u0635\u064a\u062f.<\/p>\n<p>\u0627\u0644\u00a0<strong>Xzoga Taka-SK \u0641\u0644\u0648\u0631\u0648\u0643\u0631\u0628\u0648\u0646<\/strong>\u00a0\u063a\u064a\u0631 \u0645\u0631\u0626\u064a \u062a\u0642\u0631\u064a\u0628\u064b\u0627 \u062a\u062d\u062a \u0627\u0644\u0645\u0627\u0621\u060c \u0645\u0645\u0627 \u064a\u0633\u0627\u0639\u062f \u0639\u0644\u0649 \u062c\u0630\u0628 \u0627\u0644\u0645\u0632\u064a\u062f \u0645\u0646 \u0627\u0644\u0623\u0633\u0645\u0627\u0643 \u062f\u0648\u0646 \u0625\u062e\u0627\u0641\u062a\u0647\u0627. \u0628\u0627\u0644\u0625\u0636\u0627\u0641\u0629 \u0625\u0644\u0649 \u0630\u0644\u0643\u060c \u062a\u0636\u0645\u0646 \u0645\u0631\u0648\u0646\u062a\u0647 \u0627\u0644\u0645\u0646\u062e\u0641\u0636\u0629 \u0623\u0642\u0635\u0649 \u0642\u062f\u0631 \u0645\u0646 \u0627\u0644\u062d\u0633\u0627\u0633\u064a\u0629\u060c \u0645\u0645\u0627 \u064a\u0633\u0645\u062d \u0644\u0643 \u0628\u0627\u0644\u0634\u0639\u0648\u0631 \u062d\u062a\u0649 \u0628\u0623\u062e\u0641 \u0627\u0644\u0644\u0645\u0633\u0627\u062a.<\/p>\n<p>\u0627\u0644\u062d\u062c\u0645 \u0627\u0644\u0645\u062a\u0627\u062d:<\/p>\n<p>\u0642\u0648\u0629 \u0642\u0637\u0631 PE (\u0631\u0637\u0644)<br \/>\n\u0628\u064a 6.0 0.40 \u0645\u0644\u0645 20 \u0631\u0637\u0644<\/p>\n<p>\u0628\u064a 9.0 0.45 \u0645\u0644\u0645 30 \u0631\u0637\u0644<\/p>\n<p>\u0628\u064a 15.0 0.63 \u0645\u0644\u0645 50 \u0631\u0637\u0644<\/p>\n<p>&nbsp;<\/p>","protected":false},"excerpt":{"rendered":"<p>D\u00e9couvrez le fil de p\u00eache\u00a0Xzoga Taka-SK Fluorocarbone 50m\u00a0&#8211; un choix incontournable pour les p\u00eacheurs exigeants. Ce fil de fluorocarbone de haute qualit\u00e9 offre une r\u00e9sistance exceptionnelle \u00e0 l\u2019abrasion et une durabilit\u00e9 sup\u00e9rieure, ce qui le rend id\u00e9al pour les conditions de p\u00eache les plus difficiles. Le\u00a0Xzoga Taka-SK Fluorocarbone\u00a0est pratiquement invisible sous l\u2019eau, ce qui permet [&hellip;]<\/p>","protected":false},"featured_media":7493,"comment_status":"open","ping_status":"closed","template":"","meta":{"_uf_show_specific_survey":0,"_uf_disable_surveys":false},"product_brand":[],"product_cat":[164,186,227],"product_tag":[],"class_list":{"0":"post-7488","1":"product","2":"type-product","3":"status-publish","4":"has-post-thumbnail","6":"product_cat-peche","7":"product_cat-fluorocarbon","8":"product_cat-materiel-de-peche","10":"first","11":"instock","12":"shipping-taxable","13":"purchasable","14":"product-type-variable"},"aioseo_notices":[],"_links":{"self":[{"href":"https:\/\/dsmarinealgerie.com\/ar\/wp-json\/wp\/v2\/product\/7488","targetHints":{"allow":["GET"]}}],"collection":[{"href":"https:\/\/dsmarinealgerie.com\/ar\/wp-json\/wp\/v2\/product"}],"about":[{"href":"https:\/\/dsmarinealgerie.com\/ar\/wp-json\/wp\/v2\/types\/product"}],"replies":[{"embeddable":true,"href":"https:\/\/dsmarinealgerie.com\/ar\/wp-json\/wp\/v2\/comments?post=7488"}],"wp:featuredmedia":[{"embeddable":true,"href":"https:\/\/dsmarinealgerie.com\/ar\/wp-json\/wp\/v2\/media\/7493"}],"wp:attachment":[{"href":"https:\/\/dsmarinealgerie.com\/ar\/wp-json\/wp\/v2\/media?parent=7488"}],"wp:term":[{"taxonomy":"product_brand","embeddable":true,"href":"https:\/\/dsmarinealgerie.com\/ar\/wp-json\/wp\/v2\/product_brand?post=7488"},{"taxonomy":"product_cat","embeddable":true,"href":"https:\/\/dsmarinealgerie.com\/ar\/wp-json\/wp\/v2\/product_cat?post=7488"},{"taxonomy":"product_tag","embeddable":true,"href":"https:\/\/dsmarinealgerie.com\/ar\/wp-json\/wp\/v2\/product_tag?post=7488"}],"curies":[{"name":"wp","href":"https:\/\/api.w.org\/{rel}","templated":true}]}}