{"id":7502,"date":"2023-12-04T10:37:35","date_gmt":"2023-12-04T10:37:35","guid":{"rendered":"https:\/\/dsmarinealgerie.com\/?post_type=product&#038;p=7502"},"modified":"2023-12-04T10:37:35","modified_gmt":"2023-12-04T10:37:35","slug":"fluorocarbone-seaguar-secol-power-f-50m","status":"publish","type":"product","link":"https:\/\/dsmarinealgerie.com\/ar\/shop\/peche\/materiel-de-peche\/fluorocarbon\/fluorocarbone-seaguar-secol-power-f-50m\/","title":{"rendered":"\u0627\u0644\u0641\u0644\u0648\u0631\u0648\u0643\u0631\u0628\u0648\u0646 \u0633\u064a\u062c\u0648\u0627\u0631 \u0633\u064a\u0643\u0648\u0644 \u0628\u0627\u0648\u0631-\u0627\u0641 50 \u0645"},"content":{"rendered":"<p>\u2022 \u0627\u062e\u062a\u0641\u0627\u0621 \u0644\u0627 \u0645\u062b\u064a\u0644 \u0644\u0647 \u0641\u064a \u0627\u0644\u0645\u0627\u0621<br \/>\n\u2022 \u0645\u0642\u0627\u0648\u0645\u0629 \u0627\u0644\u062a\u0622\u0643\u0644<br \/>\n\u2022 \u0644\u0627 \u064a\u0642\u064a\u062f \u0627\u0644\u0637\u0639\u0645 \u0623\u0648 \u0627\u0644\u0625\u063a\u0631\u0627\u0621 \u0644\u0644\u062d\u0635\u0648\u0644 \u0639\u0644\u0649 \u062a\u0623\u062b\u064a\u0631 \u0623\u0643\u062b\u0631 \u0637\u0628\u064a\u0639\u064a\u0629<\/p>\n<div class=\"mt-3\"><img decoding=\"async\" src=\"https:\/\/static.pecheur.com\/m\/media\/flags\/JP.gif\" \/>\u00a0\u0635\u0646\u0639 \u0641\u064a \u0627\u0644\u064a\u0627\u0628\u0627\u0646<\/div>\n<div><\/div>\n<div>\u0627\u0644\u062d\u062c\u0645 \u0627\u0644\u0645\u062a\u0627\u062d:<\/div>\n<ul>\n<li>\u00a0\u0627\u0644\u0642\u0637\u0631 0.405 \u0645\u0644\u0645 \u2013 \u0627\u0644\u0645\u0642\u0627\u0648\u0645\u0629: 13 \u0643\u062c\u0645<\/li>\n<li>\u00d8 0.435 \u0645\u0644\u0645 \u2013 \u0627\u0644\u0645\u0642\u0627\u0648\u0645\u0629: 15 \u0643\u062c\u0645<\/li>\n<li>\u0627\u0644\u0642\u0637\u0631 0.470 \u0645\u0644\u0645 \u2013 \u0627\u0644\u0645\u0642\u0627\u0648\u0645\u0629: 17 \u0643\u062c\u0645<\/li>\n<\/ul>","protected":false},"excerpt":{"rendered":"<p>\u2022 Invisibilit\u00e9 dans l&rsquo;eaux icomparable \u2022 R\u00e9sistance \u00e0 l&rsquo;abrasion \u2022 Ne bride pas l&rsquo;app\u00e2t ou le leurre pour un effet plus naturel \u00a0Made in Japon Taille Disponible : \u00a0\u00d8 0.405 mm &#8211; R\u00e9sistance : 13kg \u00d8 0.435 mm &#8211; R\u00e9sistance : 15kg \u00d8 0.470 mm &#8211; R\u00e9sistance : 17kg<\/p>","protected":false},"featured_media":7506,"comment_status":"open","ping_status":"closed","template":"","meta":{"_uf_show_specific_survey":0,"_uf_disable_surveys":false},"product_brand":[],"product_cat":[164,186,227],"product_tag":[],"class_list":{"0":"post-7502","1":"product","2":"type-product","3":"status-publish","4":"has-post-thumbnail","6":"product_cat-peche","7":"product_cat-fluorocarbon","8":"product_cat-materiel-de-peche","10":"first","11":"instock","12":"shipping-taxable","13":"purchasable","14":"product-type-variable"},"aioseo_notices":[],"_links":{"self":[{"href":"https:\/\/dsmarinealgerie.com\/ar\/wp-json\/wp\/v2\/product\/7502","targetHints":{"allow":["GET"]}}],"collection":[{"href":"https:\/\/dsmarinealgerie.com\/ar\/wp-json\/wp\/v2\/product"}],"about":[{"href":"https:\/\/dsmarinealgerie.com\/ar\/wp-json\/wp\/v2\/types\/product"}],"replies":[{"embeddable":true,"href":"https:\/\/dsmarinealgerie.com\/ar\/wp-json\/wp\/v2\/comments?post=7502"}],"wp:featuredmedia":[{"embeddable":true,"href":"https:\/\/dsmarinealgerie.com\/ar\/wp-json\/wp\/v2\/media\/7506"}],"wp:attachment":[{"href":"https:\/\/dsmarinealgerie.com\/ar\/wp-json\/wp\/v2\/media?parent=7502"}],"wp:term":[{"taxonomy":"product_brand","embeddable":true,"href":"https:\/\/dsmarinealgerie.com\/ar\/wp-json\/wp\/v2\/product_brand?post=7502"},{"taxonomy":"product_cat","embeddable":true,"href":"https:\/\/dsmarinealgerie.com\/ar\/wp-json\/wp\/v2\/product_cat?post=7502"},{"taxonomy":"product_tag","embeddable":true,"href":"https:\/\/dsmarinealgerie.com\/ar\/wp-json\/wp\/v2\/product_tag?post=7502"}],"curies":[{"name":"wp","href":"https:\/\/api.w.org\/{rel}","templated":true}]}}