{"id":7507,"date":"2023-12-04T10:43:40","date_gmt":"2023-12-04T10:43:40","guid":{"rendered":"https:\/\/dsmarinealgerie.com\/?post_type=product&#038;p=7507"},"modified":"2023-12-04T10:43:40","modified_gmt":"2023-12-04T10:43:40","slug":"fluorocarbone-varivas-premium-50m","status":"publish","type":"product","link":"https:\/\/dsmarinealgerie.com\/ar\/shop\/peche\/materiel-de-peche\/fluorocarbon\/fluorocarbone-varivas-premium-50m\/","title":{"rendered":"\u0627\u0644\u0641\u0644\u0648\u0631\u0648\u0643\u0631\u0628\u0648\u0646 \u0641\u0627\u0631\u064a\u0641\u0627\u0633 \u0628\u0631\u064a\u0645\u064a\u0648\u0645 50 \u0645"},"content":{"rendered":"<p><strong>\u0627\u0644\u0641\u0644\u0648\u0631\u0648\u0643\u0631\u0628\u0648\u0646 \u0641\u0627\u0631\u064a\u0641\u0627\u0633 \u0628\u0631\u064a\u0645\u064a\u0648\u0645<\/strong> \u0627\u0644\u062e\u064a\u0627\u0631 \u0627\u0644\u0623\u0641\u0636\u0644 \u0644\u0644\u0635\u064a\u0627\u062f\u064a\u0646 \u0627\u0644\u0630\u064a\u0646 \u064a\u0628\u062d\u062b\u0648\u0646 \u0639\u0646 \u0627\u0644\u0623\u062f\u0627\u0621 \u0648\u0627\u0644\u0645\u0648\u062b\u0648\u0642\u064a\u0629. \u062a\u0645 \u062a\u0635\u0645\u064a\u0645 \u062e\u0637 \u0627\u0644\u0641\u0644\u0648\u0631\u0648\u0643\u0631\u0628\u0648\u0646 \u0647\u0630\u0627 \u0644\u064a\u062a\u062d\u0645\u0644 \u0638\u0631\u0648\u0641 \u0627\u0644\u0635\u064a\u062f \u0627\u0644\u0623\u0643\u062b\u0631 \u062a\u0637\u0644\u0628\u064b\u0627\u060c \u0645\u0645\u0627 \u064a\u0648\u0641\u0631 \u0645\u0642\u0627\u0648\u0645\u0629 \u0627\u0633\u062a\u062b\u0646\u0627\u0626\u064a\u0629 \u0644\u0644\u062a\u0622\u0643\u0644 \u0648\u0645\u062a\u0627\u0646\u0629 \u0642\u0648\u064a\u0629.<\/p>\n<p>&nbsp;<\/p>","protected":false},"excerpt":{"rendered":"<p>Fluorocarbone Varivas Premium un choix de premier ordre pour les p\u00eacheurs qui recherchent la performance et la fiabilit\u00e9. Ce fil de fluorocarbone est con\u00e7u pour r\u00e9sister aux conditions de p\u00eache les plus exigeantes, offrant une r\u00e9sistance \u00e0 l\u2019abrasion exceptionnelle et une durabilit\u00e9 \u00e0 toute \u00e9preuve. &nbsp;<\/p>","protected":false},"featured_media":7508,"comment_status":"open","ping_status":"closed","template":"","meta":{"_uf_show_specific_survey":0,"_uf_disable_surveys":false},"product_brand":[],"product_cat":[164,186,227],"product_tag":[],"class_list":{"0":"post-7507","1":"product","2":"type-product","3":"status-publish","4":"has-post-thumbnail","6":"product_cat-peche","7":"product_cat-fluorocarbon","8":"product_cat-materiel-de-peche","10":"first","11":"instock","12":"shipping-taxable","13":"purchasable","14":"product-type-variable"},"aioseo_notices":[],"_links":{"self":[{"href":"https:\/\/dsmarinealgerie.com\/ar\/wp-json\/wp\/v2\/product\/7507","targetHints":{"allow":["GET"]}}],"collection":[{"href":"https:\/\/dsmarinealgerie.com\/ar\/wp-json\/wp\/v2\/product"}],"about":[{"href":"https:\/\/dsmarinealgerie.com\/ar\/wp-json\/wp\/v2\/types\/product"}],"replies":[{"embeddable":true,"href":"https:\/\/dsmarinealgerie.com\/ar\/wp-json\/wp\/v2\/comments?post=7507"}],"wp:featuredmedia":[{"embeddable":true,"href":"https:\/\/dsmarinealgerie.com\/ar\/wp-json\/wp\/v2\/media\/7508"}],"wp:attachment":[{"href":"https:\/\/dsmarinealgerie.com\/ar\/wp-json\/wp\/v2\/media?parent=7507"}],"wp:term":[{"taxonomy":"product_brand","embeddable":true,"href":"https:\/\/dsmarinealgerie.com\/ar\/wp-json\/wp\/v2\/product_brand?post=7507"},{"taxonomy":"product_cat","embeddable":true,"href":"https:\/\/dsmarinealgerie.com\/ar\/wp-json\/wp\/v2\/product_cat?post=7507"},{"taxonomy":"product_tag","embeddable":true,"href":"https:\/\/dsmarinealgerie.com\/ar\/wp-json\/wp\/v2\/product_tag?post=7507"}],"curies":[{"name":"wp","href":"https:\/\/api.w.org\/{rel}","templated":true}]}}