{"id":7549,"date":"2023-12-04T14:22:13","date_gmt":"2023-12-04T14:22:13","guid":{"rendered":"https:\/\/dsmarinealgerie.com\/?post_type=product&#038;p=7549"},"modified":"2023-12-04T14:22:13","modified_gmt":"2023-12-04T14:22:13","slug":"tuba-de-chasse-sous-marine-sigalsub-air-soft","status":"publish","type":"product","link":"https:\/\/dsmarinealgerie.com\/ar\/shop\/chasse-sous-marine\/tuba\/tuba-de-chasse-sous-marine-sigalsub-air-soft\/","title":{"rendered":"\u0633\u064a\u062c\u0627\u0644\u0633\u0648\u0628 \u0623\u0646\u0628\u0648\u0628 \u0627\u0644\u062a\u0646\u0641\u0633 \u0644\u0635\u064a\u062f \u0627\u0644\u0623\u0633\u0645\u0627\u0643 \u0628\u0627\u0644\u0631\u0645\u062d \u0627\u0644\u0646\u0627\u0639\u0645"},"content":{"rendered":"<p>\u0627\u0643\u062a\u0634\u0641\u00a0<strong>\u0633\u064a\u062c\u0627\u0644\u0633\u0648\u0628 \u0627\u064a\u0631 \u0633\u0648\u0641\u062a \u0627\u0634\u0646\u0631\u0643\u0644<\/strong>\u060c \u0627\u0644\u0627\u062e\u062a\u064a\u0627\u0631 \u0627\u0644\u0623\u0641\u0636\u0644 \u0644\u0639\u0634\u0627\u0642 \u0631\u064a\u0627\u0636\u0629 \u0627\u0644\u063a\u0637\u0633. \u062a\u0645 \u062a\u0635\u0645\u064a\u0645 \u0647\u0630\u0627 \u0627\u0644\u063a\u0637\u0633 \u0644\u062a\u0648\u0641\u064a\u0631 \u0627\u0644\u0623\u062f\u0627\u0621 \u0627\u0644\u0623\u0645\u062b\u0644 \u0648\u0623\u0642\u0635\u0649 \u0642\u062f\u0631 \u0645\u0646 \u0627\u0644\u0631\u0627\u062d\u0629\u060c \u0645\u0645\u0627 \u064a\u062c\u0639\u0644\u0647 \u062e\u064a\u0627\u0631\u064b\u0627 \u0645\u062b\u0627\u0644\u064a\u064b\u0627 \u0644\u0644\u063a\u0648\u0635 \u0627\u0644\u0637\u0648\u064a\u0644.<\/p>\n<p>\u0627\u0644\u00a0<strong>\u0633\u064a\u062c\u0627\u0644\u0633\u0648\u0628 \u0627\u064a\u0631 \u0633\u0648\u0641\u062a \u0627\u0634\u0646\u0631\u0643\u0644<\/strong>\u00a0\u0645\u062a\u0648\u0641\u0631 \u0641\u064a\u00a0<strong>\u062b\u0644\u0627\u062b\u0629 \u0623\u0644\u0648\u0627\u0646<\/strong>\u00a0\u062c\u0630\u0627\u0628\u0629: \u0627\u0644\u0623\u0633\u0648\u062f \u0648\u0627\u0644\u0628\u0646\u064a \u0648\u0627\u0644\u0623\u062e\u0636\u0631. \u062a\u062a\u064a\u062d \u0644\u0643 \u062e\u064a\u0627\u0631\u0627\u062a \u0627\u0644\u0623\u0644\u0648\u0627\u0646 \u0647\u0630\u0647 \u062a\u062e\u0635\u064a\u0635 \u0645\u0639\u062f\u0627\u062a \u0627\u0644\u063a\u0648\u0635 \u0627\u0644\u062e\u0627\u0635\u0629 \u0628\u0643 \u0644\u062a\u0646\u0627\u0633\u0628 \u062a\u0641\u0636\u064a\u0644\u0627\u062a\u0643 \u0627\u0644\u0634\u062e\u0635\u064a\u0629.<\/p>","protected":false},"excerpt":{"rendered":"<p>D\u00e9couvrez le\u00a0Tuba Sigalsub Air Soft, un choix de premier ordre pour les amateurs de plong\u00e9e sous-marine. Ce tuba est con\u00e7u pour offrir une performance optimale et un confort maximal, ce qui en fait un choix id\u00e9al pour les plong\u00e9es prolong\u00e9es. Le\u00a0Tuba Sigalsub Air Soft\u00a0est disponible en\u00a0trois couleurs\u00a0attrayantes : noir, marron et vert. Ces options de [&hellip;]<\/p>","protected":false},"featured_media":7551,"comment_status":"open","ping_status":"closed","template":"","meta":{"_uf_show_specific_survey":0,"_uf_disable_surveys":false},"product_brand":[],"product_cat":[175,165],"product_tag":[],"class_list":{"0":"post-7549","1":"product","2":"type-product","3":"status-publish","4":"has-post-thumbnail","6":"product_cat-tuba","7":"product_cat-chasse-sous-marine","9":"first","10":"instock","11":"shipping-taxable","12":"purchasable","13":"product-type-variable"},"aioseo_notices":[],"_links":{"self":[{"href":"https:\/\/dsmarinealgerie.com\/ar\/wp-json\/wp\/v2\/product\/7549","targetHints":{"allow":["GET"]}}],"collection":[{"href":"https:\/\/dsmarinealgerie.com\/ar\/wp-json\/wp\/v2\/product"}],"about":[{"href":"https:\/\/dsmarinealgerie.com\/ar\/wp-json\/wp\/v2\/types\/product"}],"replies":[{"embeddable":true,"href":"https:\/\/dsmarinealgerie.com\/ar\/wp-json\/wp\/v2\/comments?post=7549"}],"wp:featuredmedia":[{"embeddable":true,"href":"https:\/\/dsmarinealgerie.com\/ar\/wp-json\/wp\/v2\/media\/7551"}],"wp:attachment":[{"href":"https:\/\/dsmarinealgerie.com\/ar\/wp-json\/wp\/v2\/media?parent=7549"}],"wp:term":[{"taxonomy":"product_brand","embeddable":true,"href":"https:\/\/dsmarinealgerie.com\/ar\/wp-json\/wp\/v2\/product_brand?post=7549"},{"taxonomy":"product_cat","embeddable":true,"href":"https:\/\/dsmarinealgerie.com\/ar\/wp-json\/wp\/v2\/product_cat?post=7549"},{"taxonomy":"product_tag","embeddable":true,"href":"https:\/\/dsmarinealgerie.com\/ar\/wp-json\/wp\/v2\/product_tag?post=7549"}],"curies":[{"name":"wp","href":"https:\/\/api.w.org\/{rel}","templated":true}]}}