{"id":7561,"date":"2023-12-04T14:41:35","date_gmt":"2023-12-04T14:41:35","guid":{"rendered":"https:\/\/dsmarinealgerie.com\/?post_type=product&#038;p=7561"},"modified":"2023-12-04T14:41:35","modified_gmt":"2023-12-04T14:41:35","slug":"tuba-mares-samurai","status":"publish","type":"product","link":"https:\/\/dsmarinealgerie.com\/ar\/shop\/chasse-sous-marine\/tuba\/tuba-mares-samurai\/","title":{"rendered":"\u0645\u0627\u0631\u064a\u0633 \u0627\u0644\u0633\u0627\u0645\u0648\u0631\u0627\u064a \u0627\u0634\u0646\u0631\u0643\u0644"},"content":{"rendered":"<p>\u062b\u0645\u0631\u0629 \u062a\u062c\u0631\u0628\u0629 \u0645\u0627\u0631\u064a\u0633 \u0627\u0644\u062a\u064a \u0644\u0627 \u0645\u062b\u064a\u0644 \u0644\u0647\u0627\u060c \u064a\u0639\u062f \u0647\u0630\u0627 \u0627\u0644\u063a\u0637\u0633 \u0645\u062b\u0627\u0644\u064a\u064b\u0627 \u0644\u0644\u0635\u064a\u062f \u0648\u0627\u0644\u063a\u0648\u0635 \u0627\u0644\u062d\u0631 \u0648\u0627\u0644\u063a\u0637\u0633\u060c \u062d\u062a\u0649 \u0628\u0627\u0644\u0646\u0633\u0628\u0629 \u0644\u0644\u0645\u0645\u0627\u0631\u0633\u064a\u0646 \u0627\u0644\u0623\u0643\u062b\u0631 \u062a\u0637\u0644\u0628\u064b\u0627.<br \/>\n\u0625\u0646\u0647\u0627 \u0628\u0627\u0644\u062a\u0623\u0643\u064a\u062f \u0648\u0627\u062d\u062f\u0629 \u0645\u0646 \u0623\u0641\u0636\u0644 \u0623\u0646\u0648\u0627\u0639 \u0627\u0644\u063a\u0637\u0633 \u0634\u0628\u0647 \u0627\u0644\u0635\u0644\u0628\u0629 \u0645\u0628\u064a\u0639\u064b\u0627 \u0641\u064a \u0627\u0644\u0639\u0627\u0644\u0645.<br \/>\n\u0645\u0644\u0641\u0648\u0641 \u0644\u0644\u063a\u0627\u064a\u0629 \u0644\u064a\u062a\u0646\u0627\u0633\u0628 \u0645\u0639 \u0645\u0644\u0627\u0645\u062d \u0627\u0644\u0648\u062c\u0647 \u0642\u062f\u0631 \u0627\u0644\u0625\u0645\u0643\u0627\u0646:<br \/>\n\u062a\u0645\u062a \u062f\u0631\u0627\u0633\u0629 \u0627\u0644\u0634\u0643\u0644 \u0648\u0627\u0644\u0642\u0637\u0631 \u0644\u062a\u062c\u0646\u0628 \u062d\u062f\u0648\u062b \u0623\u064a \u0627\u0636\u0637\u0631\u0627\u0628 \u0647\u0648\u0627\u0626\u064a \u062f\u0627\u062e\u0644 \u0627\u0644\u0623\u0646\u0628\u0648\u0628.<br \/>\n\u062a\u0635\u0645\u064a\u0645 \u062d\u062f\u064a\u062b \u0644\u0644\u063a\u0627\u064a\u0629\u060c \u0648\u0645\u062a\u0648\u0641\u0631 \u0628\u0644\u0648\u0646\u064a\u0646.<br \/>\n\u0627\u0644\u062a\u062b\u0628\u064a\u062a \u0639\u0646 \u0637\u0631\u064a\u0642 \u0645\u0634\u0628\u0643 \u0645\u0646\u0632\u0644\u0642 \u0645\u0639 \u062a\u062d\u0631\u064a\u0631 \u0633\u0631\u064a\u0639.<br \/>\n\u0627\u0644\u0623\u0644\u0648\u0627\u0646 \u0627\u0644\u0645\u062a\u0627\u062d\u0629: \u0627\u0644\u0623\u0633\u0648\u062f \u0648\u0627\u0644\u062a\u0645\u0648\u064a\u0647<\/p>","protected":false},"excerpt":{"rendered":"<p>Fruit de l&rsquo;in\u00e9galable exp\u00e9rience de Mares, ce tuba est id\u00e9al pour la chasse, l&rsquo;apn\u00e9e et le snorkeling, m\u00eame pour les pratiquants plus exigeants. C&rsquo;est certainement l&rsquo;un des tubas semi-rigides les plus vendus au monde. Tr\u00e8s profil\u00e9 pour \u00e9pouser au maximum les contours du visage: La forme et le diam\u00e8tre ont \u00e9t\u00e9 \u00e9tudi\u00e9s pour \u00e9viter toute [&hellip;]<\/p>","protected":false},"featured_media":7564,"comment_status":"open","ping_status":"closed","template":"","meta":{"_uf_show_specific_survey":0,"_uf_disable_surveys":false},"product_brand":[],"product_cat":[175,165],"product_tag":[],"class_list":{"0":"post-7561","1":"product","2":"type-product","3":"status-publish","4":"has-post-thumbnail","6":"product_cat-tuba","7":"product_cat-chasse-sous-marine","9":"first","10":"instock","11":"shipping-taxable","12":"purchasable","13":"product-type-variable"},"aioseo_notices":[],"_links":{"self":[{"href":"https:\/\/dsmarinealgerie.com\/ar\/wp-json\/wp\/v2\/product\/7561","targetHints":{"allow":["GET"]}}],"collection":[{"href":"https:\/\/dsmarinealgerie.com\/ar\/wp-json\/wp\/v2\/product"}],"about":[{"href":"https:\/\/dsmarinealgerie.com\/ar\/wp-json\/wp\/v2\/types\/product"}],"replies":[{"embeddable":true,"href":"https:\/\/dsmarinealgerie.com\/ar\/wp-json\/wp\/v2\/comments?post=7561"}],"wp:featuredmedia":[{"embeddable":true,"href":"https:\/\/dsmarinealgerie.com\/ar\/wp-json\/wp\/v2\/media\/7564"}],"wp:attachment":[{"href":"https:\/\/dsmarinealgerie.com\/ar\/wp-json\/wp\/v2\/media?parent=7561"}],"wp:term":[{"taxonomy":"product_brand","embeddable":true,"href":"https:\/\/dsmarinealgerie.com\/ar\/wp-json\/wp\/v2\/product_brand?post=7561"},{"taxonomy":"product_cat","embeddable":true,"href":"https:\/\/dsmarinealgerie.com\/ar\/wp-json\/wp\/v2\/product_cat?post=7561"},{"taxonomy":"product_tag","embeddable":true,"href":"https:\/\/dsmarinealgerie.com\/ar\/wp-json\/wp\/v2\/product_tag?post=7561"}],"curies":[{"name":"wp","href":"https:\/\/api.w.org\/{rel}","templated":true}]}}