{"id":7566,"date":"2023-12-04T14:46:31","date_gmt":"2023-12-04T14:46:31","guid":{"rendered":"https:\/\/dsmarinealgerie.com\/?post_type=product&#038;p=7566"},"modified":"2024-09-10T10:02:36","modified_gmt":"2024-09-10T10:02:36","slug":"tuba-beuchat-activia-noir","status":"publish","type":"product","link":"https:\/\/dsmarinealgerie.com\/ar\/shop\/chasse-sous-marine\/tuba\/tuba-beuchat-activia-noir\/","title":{"rendered":"Beuchat Activa \u0633\u0646\u0648\u0631\u0643\u0644 \u0623\u0633\u0648\u062f"},"content":{"rendered":"<p>\u0623\u0646\u0628\u0648\u0628 \u0627\u0644\u062a\u0646\u0641\u0633 \u0630\u0648 \u0627\u0644\u0632\u0627\u0648\u064a\u0629 \u0645\u0635\u0628\u0648\u0628 \u0628\u0645\u0627\u062f\u0629 \u0645\u0631\u0646\u0629 \u0644\u0644\u063a\u0627\u064a\u0629 \u062a\u0633\u0645\u062d \u0628\u0637\u064a\u0647 \u0641\u064a \u062c\u064a\u0628 \u0633\u062a\u0631\u0629 \u0627\u0644\u062a\u062b\u0628\u064a\u062a<\/p>\n<p>\u0637\u0631\u0641 \u0633\u064a\u0644\u064a\u0643\u0648\u0646<\/p>\n<p>\u0646\u0638\u0627\u0645 \u062a\u062b\u0628\u064a\u062a \u0628\u0633\u064a\u0637 \u0648\u0641\u0639\u0627\u0644<\/p>","protected":false},"excerpt":{"rendered":"<p>Tuba coud\u00e9 moul\u00e9 avec un mat\u00e9riau tr\u00e8s souple qui lui permet d\u2019\u00eatre pli\u00e9 dans une poche d\u2019un gilet stabilisateur Embout silicone Syst\u00e8me de fixation simple et efficace<\/p>","protected":false},"featured_media":7567,"comment_status":"open","ping_status":"closed","template":"","meta":{"_uf_show_specific_survey":0,"_uf_disable_surveys":false},"product_brand":[],"product_cat":[175,165],"product_tag":[],"class_list":{"0":"post-7566","1":"product","2":"type-product","3":"status-publish","4":"has-post-thumbnail","6":"product_cat-tuba","7":"product_cat-chasse-sous-marine","9":"first","10":"instock","11":"shipping-taxable","12":"purchasable","13":"product-type-simple"},"aioseo_notices":[],"_links":{"self":[{"href":"https:\/\/dsmarinealgerie.com\/ar\/wp-json\/wp\/v2\/product\/7566","targetHints":{"allow":["GET"]}}],"collection":[{"href":"https:\/\/dsmarinealgerie.com\/ar\/wp-json\/wp\/v2\/product"}],"about":[{"href":"https:\/\/dsmarinealgerie.com\/ar\/wp-json\/wp\/v2\/types\/product"}],"replies":[{"embeddable":true,"href":"https:\/\/dsmarinealgerie.com\/ar\/wp-json\/wp\/v2\/comments?post=7566"}],"wp:featuredmedia":[{"embeddable":true,"href":"https:\/\/dsmarinealgerie.com\/ar\/wp-json\/wp\/v2\/media\/7567"}],"wp:attachment":[{"href":"https:\/\/dsmarinealgerie.com\/ar\/wp-json\/wp\/v2\/media?parent=7566"}],"wp:term":[{"taxonomy":"product_brand","embeddable":true,"href":"https:\/\/dsmarinealgerie.com\/ar\/wp-json\/wp\/v2\/product_brand?post=7566"},{"taxonomy":"product_cat","embeddable":true,"href":"https:\/\/dsmarinealgerie.com\/ar\/wp-json\/wp\/v2\/product_cat?post=7566"},{"taxonomy":"product_tag","embeddable":true,"href":"https:\/\/dsmarinealgerie.com\/ar\/wp-json\/wp\/v2\/product_tag?post=7566"}],"curies":[{"name":"wp","href":"https:\/\/api.w.org\/{rel}","templated":true}]}}